{"id":413469,"date":"2025-04-07T16:53:00","date_gmt":"2025-04-07T16:53:00","guid":{"rendered":"https:\/\/lucacastelli.com\/prodotto\/crazy-socken-aus-wolle-2\/"},"modified":"2026-04-14T03:11:37","modified_gmt":"2026-04-14T01:11:37","slug":"crazy-socken-aus-wolle-2","status":"publish","type":"product","link":"https:\/\/lucacastelli.com\/de\/produkt\/crazy-socken-aus-wolle-2\/","title":{"rendered":"CRAZY WOOL SOCKS"},"content":{"rendered":"<p>Bergsteigersocken mit graduierter Kompression, ideal f\u00fcr extreme Bedingungen.<br \/>\nHergestellt aus Merinowolle und Polypropylen, eine Mischung, die W\u00e4rme und schnelle Trocknung garantiert. Die Sohle ist mit einer 3D-D\u00e4mpfung ausgestattet, w\u00e4hrend strategische Verst\u00e4rkungen Komfort und Schutz bieten.<br \/>\nEinsatzbereich: -25 \u00b0C \/ 0 \u00b0C <\/p>\n<p>GEWICHT: 64 g<\/p>\n","protected":false},"excerpt":{"rendered":"<p>Bergsteigersocken mit graduierter Kompression, ideal f\u00fcr extreme Bedingungen. Hergestellt aus Merinowolle und Polypropylen, eine Mischung, die W\u00e4rme und schnelle Trocknung<\/p>\n","protected":false},"featured_media":405206,"template":"","meta":{"_seopress_robots_primary_cat":"","_seopress_titles_title":"","_seopress_titles_desc":"","_seopress_robots_index":""},"product_brand":[3614],"product_cat":[175,1400],"product_tag":[],"class_list":{"0":"post-413469","1":"product","2":"type-product","3":"status-publish","4":"has-post-thumbnail","6":"product_brand-crazy-de","7":"product_cat-schuhe","8":"product_cat-zubehor-fur-schuhe","9":"sws-gruppo-abb-libero-de","10":"sws-conto-ricavi-merci-rivendita-abbigliamento-de","11":"sws-conto-ricavi-merci-rivendita-calzature-de","12":"sws-gruppo-iva-iva81-de","14":"first","15":"instock","16":"sale","17":"shipping-taxable","18":"purchasable","19":"product-type-variable"},"_links":{"self":[{"href":"https:\/\/lucacastelli.com\/de\/wp-json\/wp\/v2\/product\/413469","targetHints":{"allow":["GET"]}}],"collection":[{"href":"https:\/\/lucacastelli.com\/de\/wp-json\/wp\/v2\/product"}],"about":[{"href":"https:\/\/lucacastelli.com\/de\/wp-json\/wp\/v2\/types\/product"}],"wp:featuredmedia":[{"embeddable":true,"href":"https:\/\/lucacastelli.com\/de\/wp-json\/wp\/v2\/media\/405206"}],"wp:attachment":[{"href":"https:\/\/lucacastelli.com\/de\/wp-json\/wp\/v2\/media?parent=413469"}],"wp:term":[{"taxonomy":"product_brand","embeddable":true,"href":"https:\/\/lucacastelli.com\/de\/wp-json\/wp\/v2\/product_brand?post=413469"},{"taxonomy":"product_cat","embeddable":true,"href":"https:\/\/lucacastelli.com\/de\/wp-json\/wp\/v2\/product_cat?post=413469"},{"taxonomy":"product_tag","embeddable":true,"href":"https:\/\/lucacastelli.com\/de\/wp-json\/wp\/v2\/product_tag?post=413469"}],"curies":[{"name":"wp","href":"https:\/\/api.w.org\/{rel}","templated":true}]}}