{"id":413460,"date":"2025-04-07T16:53:00","date_gmt":"2025-04-07T16:53:00","guid":{"rendered":"https:\/\/lucacastelli.com\/prodotto\/crazy-energy-socken\/"},"modified":"2026-04-14T03:11:57","modified_gmt":"2026-04-14T01:11:57","slug":"crazy-energy-socken","status":"publish","type":"product","link":"https:\/\/lucacastelli.com\/de\/produkt\/crazy-energy-socken\/","title":{"rendered":"CRAZY ENERGY SOCKEN"},"content":{"rendered":"<p>Die beliebtesten Socken unter Athleten f\u00fcr hochintensive Aktivit\u00e4ten und perfekt f\u00fcr Skitouren oder Wettk\u00e4mpfe. Leicht, um Reibung zu vermeiden.<br \/>\nDedizierte Forschungsarbeit und eine spezielle Behandlung erm\u00f6glichen es uns, endlich ein Produkt anzubieten, das die Eigenschaften von Polyamidfasern wie Verschleissfestigkeit und Weichheit im Griff verbessert und gleichzeitig \u00e4hnliche Leistungen wie Polypropylen bietet, n\u00e4mlich W\u00e4rme und schnelle Trocknung. <\/p>\n<p>GEWICHT: 49 gr<\/p>\n","protected":false},"excerpt":{"rendered":"<p>Die beliebtesten Socken unter Athleten f\u00fcr hochintensive Aktivit\u00e4ten und perfekt f\u00fcr Skitouren oder Wettk\u00e4mpfe. Leicht, um Reibung zu vermeiden. Dedizierte<\/p>\n","protected":false},"featured_media":405189,"template":"","meta":{"_seopress_robots_primary_cat":"","_seopress_titles_title":"","_seopress_titles_desc":"","_seopress_robots_index":""},"product_brand":[3614],"product_cat":[175,1400],"product_tag":[],"class_list":{"0":"post-413460","1":"product","2":"type-product","3":"status-publish","4":"has-post-thumbnail","6":"product_brand-crazy-de","7":"product_cat-schuhe","8":"product_cat-zubehor-fur-schuhe","9":"sws-gruppo-abb-libero-de","10":"sws-conto-ricavi-merci-rivendita-abbigliamento-de","11":"sws-conto-ricavi-merci-rivendita-calzature-de","12":"sws-gruppo-iva-iva81-de","14":"first","15":"instock","16":"sale","17":"shipping-taxable","18":"purchasable","19":"product-type-variable"},"_links":{"self":[{"href":"https:\/\/lucacastelli.com\/de\/wp-json\/wp\/v2\/product\/413460","targetHints":{"allow":["GET"]}}],"collection":[{"href":"https:\/\/lucacastelli.com\/de\/wp-json\/wp\/v2\/product"}],"about":[{"href":"https:\/\/lucacastelli.com\/de\/wp-json\/wp\/v2\/types\/product"}],"wp:featuredmedia":[{"embeddable":true,"href":"https:\/\/lucacastelli.com\/de\/wp-json\/wp\/v2\/media\/405189"}],"wp:attachment":[{"href":"https:\/\/lucacastelli.com\/de\/wp-json\/wp\/v2\/media?parent=413460"}],"wp:term":[{"taxonomy":"product_brand","embeddable":true,"href":"https:\/\/lucacastelli.com\/de\/wp-json\/wp\/v2\/product_brand?post=413460"},{"taxonomy":"product_cat","embeddable":true,"href":"https:\/\/lucacastelli.com\/de\/wp-json\/wp\/v2\/product_cat?post=413460"},{"taxonomy":"product_tag","embeddable":true,"href":"https:\/\/lucacastelli.com\/de\/wp-json\/wp\/v2\/product_tag?post=413460"}],"curies":[{"name":"wp","href":"https:\/\/api.w.org\/{rel}","templated":true}]}}