{"id":413450,"date":"2025-04-07T16:53:00","date_gmt":"2025-04-07T14:53:00","guid":{"rendered":"https:\/\/lucacastelli.com\/prodotto\/crazy-carbon-socken\/"},"modified":"2025-06-29T10:46:24","modified_gmt":"2025-06-29T08:46:24","slug":"crazy-carbon-socken","status":"publish","type":"product","link":"https:\/\/lucacastelli.com\/de\/produkt\/crazy-carbon-socken\/","title":{"rendered":"CRAZY CARBON-SOCKEN"},"content":{"rendered":"<p>Warme und weiche Kniestr\u00fcmpfe, perfekt f\u00fcr Aktivit\u00e4ten mit geringer Intensit\u00e4t und f\u00fcr diejenigen, die besonders unter kalten F\u00fc\u00dfen leiden, geeignet f\u00fcr Trekking, Schneeschuhwandern oder Skibergsteigen.<br \/>\nEngagierte Forschungsarbeit und spezifische Behandlung erm\u00f6glichen es uns, endlich ein Kleidungsst\u00fcck anzubieten, das die Eigenschaften von Polyamidgarn verbessert, wie z. B. Abriebfestigkeit und Weichheit, und gleichzeitig eine \u00e4hnliche<br \/>\nLeistung wie Polypropylen bietet, d. h. W\u00e4rme und schnelles Trocknen.<\/p>\n<p>GEWICHT: 72 gr<\/p>\n","protected":false},"excerpt":{"rendered":"<p>Warme und weiche Kniestr\u00fcmpfe, perfekt f\u00fcr Aktivit\u00e4ten mit geringer Intensit\u00e4t und f\u00fcr diejenigen, die besonders unter kalten F\u00fc\u00dfen leiden, geeignet<\/p>\n","protected":false},"featured_media":405183,"template":"","meta":{"_seopress_robots_primary_cat":"","_seopress_titles_title":"","_seopress_titles_desc":"","_seopress_robots_index":""},"product_brand":[3614],"product_cat":[175,1400],"product_tag":[],"class_list":{"0":"post-413450","1":"product","2":"type-product","3":"status-publish","4":"has-post-thumbnail","6":"product_brand-crazy-de","7":"product_cat-schuhe","8":"product_cat-zubehor-fur-schuhe","9":"sws-gruppo-abb-libero-de","10":"sws-conto-ricavi-merci-rivendita-abbigliamento-de","11":"sws-gruppo-iva-iva81-de","13":"first","14":"instock","15":"shipping-taxable","16":"product-type-variable"},"_links":{"self":[{"href":"https:\/\/lucacastelli.com\/de\/wp-json\/wp\/v2\/product\/413450","targetHints":{"allow":["GET"]}}],"collection":[{"href":"https:\/\/lucacastelli.com\/de\/wp-json\/wp\/v2\/product"}],"about":[{"href":"https:\/\/lucacastelli.com\/de\/wp-json\/wp\/v2\/types\/product"}],"wp:featuredmedia":[{"embeddable":true,"href":"https:\/\/lucacastelli.com\/de\/wp-json\/wp\/v2\/media\/405183"}],"wp:attachment":[{"href":"https:\/\/lucacastelli.com\/de\/wp-json\/wp\/v2\/media?parent=413450"}],"wp:term":[{"taxonomy":"product_brand","embeddable":true,"href":"https:\/\/lucacastelli.com\/de\/wp-json\/wp\/v2\/product_brand?post=413450"},{"taxonomy":"product_cat","embeddable":true,"href":"https:\/\/lucacastelli.com\/de\/wp-json\/wp\/v2\/product_cat?post=413450"},{"taxonomy":"product_tag","embeddable":true,"href":"https:\/\/lucacastelli.com\/de\/wp-json\/wp\/v2\/product_tag?post=413450"}],"curies":[{"name":"wp","href":"https:\/\/api.w.org\/{rel}","templated":true}]}}