{"id":413449,"date":"2025-04-07T16:53:00","date_gmt":"2025-04-07T14:53:00","guid":{"rendered":"https:\/\/lucacastelli.com\/prodotto\/crazy-kappe-logo-blau\/"},"modified":"2026-03-01T00:15:13","modified_gmt":"2026-02-28T23:15:13","slug":"crazy-kappe-logo-blau","status":"publish","type":"product","link":"https:\/\/lucacastelli.com\/de\/produkt\/crazy-kappe-logo-blau\/","title":{"rendered":"CRAZY KAPPE LOGO BLAU"},"content":{"rendered":"<p>Made in Italy Wollm\u00fctze mit urbanem Stil.<br \/>\nBequem und minimalistisch im Design, ist die Logo Beanie in verschiedenen Versionen mit dem Crazy Logo erh\u00e4ltlich. Die perfekte M\u00fctze f\u00fcr Abenteuer in der H\u00f6he oder in der Freizeit an kalten Tagen! <\/p>\n<p>GEWICHT: 150 gr<\/p>\n","protected":false},"excerpt":{"rendered":"<p>Made in Italy Wollm\u00fctze mit urbanem Stil. Bequem und minimalistisch im Design, ist die Logo Beanie in verschiedenen Versionen mit<\/p>\n","protected":false},"featured_media":405177,"template":"","meta":{"_seopress_robots_primary_cat":"","_seopress_titles_title":"","_seopress_titles_desc":"","_seopress_robots_index":""},"product_brand":[3614],"product_cat":[1391,82],"product_tag":[],"class_list":{"0":"post-413449","1":"product","2":"type-product","3":"status-publish","4":"has-post-thumbnail","6":"product_brand-crazy-de","7":"product_cat-bekleidungs-accessoires","8":"product_cat-kleidung","9":"sws-gruppo-abb-libero","10":"sws-conto-ricavi-merci-rivendita-abbigliamento","11":"sws-gruppo-iva-iva81","13":"first","14":"instock","15":"sale","16":"shipping-taxable","17":"purchasable","18":"product-type-simple"},"_links":{"self":[{"href":"https:\/\/lucacastelli.com\/de\/wp-json\/wp\/v2\/product\/413449","targetHints":{"allow":["GET"]}}],"collection":[{"href":"https:\/\/lucacastelli.com\/de\/wp-json\/wp\/v2\/product"}],"about":[{"href":"https:\/\/lucacastelli.com\/de\/wp-json\/wp\/v2\/types\/product"}],"wp:featuredmedia":[{"embeddable":true,"href":"https:\/\/lucacastelli.com\/de\/wp-json\/wp\/v2\/media\/405177"}],"wp:attachment":[{"href":"https:\/\/lucacastelli.com\/de\/wp-json\/wp\/v2\/media?parent=413449"}],"wp:term":[{"taxonomy":"product_brand","embeddable":true,"href":"https:\/\/lucacastelli.com\/de\/wp-json\/wp\/v2\/product_brand?post=413449"},{"taxonomy":"product_cat","embeddable":true,"href":"https:\/\/lucacastelli.com\/de\/wp-json\/wp\/v2\/product_cat?post=413449"},{"taxonomy":"product_tag","embeddable":true,"href":"https:\/\/lucacastelli.com\/de\/wp-json\/wp\/v2\/product_tag?post=413449"}],"curies":[{"name":"wp","href":"https:\/\/api.w.org\/{rel}","templated":true}]}}