{"id":413415,"date":"2025-04-07T16:53:00","date_gmt":"2025-04-07T14:53:00","guid":{"rendered":"https:\/\/lucacastelli.com\/prodotto\/crazy-pant-hugo\/"},"modified":"2026-03-01T00:25:23","modified_gmt":"2026-02-28T23:25:23","slug":"crazy-pant-hugo","status":"publish","type":"product","link":"https:\/\/lucacastelli.com\/de\/produkt\/crazy-pant-hugo\/","title":{"rendered":"CRAZY PANT HUGO"},"content":{"rendered":"<p>Die zweiteilige Hugo Race Jogginghose.<br \/>\nSie bestehen aus Mikrofaser, die mit einem Graphen-Druck angereichert ist, der die Abriebfestigkeit des Gewebes erh\u00f6ht und die Temperaturregulierung verbessert, w\u00e4hrend er gleichzeitig die antistatischen Eigenschaften des Kleidungsst\u00fccks st\u00e4rkt und die Reibung reduziert, um eine bessere Leistung sowohl bei Wettk\u00e4mpfen als auch beim Training zu erzielen.<br \/>\nDie Hose verf\u00fcgt \u00fcber einen elastischen Bund mit Silikongriffen, der sich einfach an der Oberseite des Anzugs befestigen l\u00e4sst. Der untere Teil der Beine hat integrierte Gamaschen, die von Crazy erfunden wurden und aus elastischem und robustem Schoeller Work-Gewebe bestehen, das mit einer Schlaufe unter dem Fu\u00df ausgestattet ist.<br \/>\nDort, wo Stiefel reiben k\u00f6nnen, gibt es zus\u00e4tzliche Schutzverst\u00e4rkungen, die die Langlebigkeit des Kleidungsst\u00fccks verbessern. Zus\u00e4tzliche Eins\u00e4tze erleichtern das Anpassen der Gamaschen an die g\u00e4ngigsten Rennstiefel.  <\/p>\n<p>\u2022 Leicht verstellbare Gamaschenschlaufen an den meisten g\u00e4ngigen<br \/>\n Rennstiefeln\u2022 Vollfl\u00e4chiger<br \/>\n Druck\u2022 Robuste bi-elastische Gamaschen mit Verst\u00e4rkungen an den Skikanten und Silikongriff<br \/>\n\u2022 Stiefelhaken<br \/>\n\u2022 Drei obere Befestigungsriemen mit<br \/>\nKn\u00f6pfen<br \/>\n\u2022 G\u00fcrtel mit Ges\u00e4\u00dftasche, gesichert<br \/>\ndurch einen ultraflachen Rei\u00dfverschluss<\/p>\n","protected":false},"excerpt":{"rendered":"<p>Die zweiteilige Hugo Race Jogginghose. Sie bestehen aus Mikrofaser, die mit einem Graphen-Druck angereichert ist, der die Abriebfestigkeit des Gewebes<\/p>\n","protected":false},"featured_media":405340,"template":"","meta":{"_seopress_robots_primary_cat":"","_seopress_titles_title":"","_seopress_titles_desc":"","_seopress_robots_index":""},"product_brand":[3614],"product_cat":[82,974,975],"product_tag":[],"class_list":{"0":"post-413415","1":"product","2":"type-product","3":"status-publish","4":"has-post-thumbnail","6":"product_brand-crazy-de","7":"product_cat-kleidung","8":"product_cat-freizeitkleidung","9":"product_cat-herrenbekleidung","10":"sws-gruppo-abb-libero-de","11":"sws-conto-ricavi-merci-rivendita-abbigliamento-de","12":"sws-gruppo-iva-iva81-de","14":"first","15":"instock","16":"sale","17":"shipping-taxable","18":"purchasable","19":"product-type-variable"},"_links":{"self":[{"href":"https:\/\/lucacastelli.com\/de\/wp-json\/wp\/v2\/product\/413415","targetHints":{"allow":["GET"]}}],"collection":[{"href":"https:\/\/lucacastelli.com\/de\/wp-json\/wp\/v2\/product"}],"about":[{"href":"https:\/\/lucacastelli.com\/de\/wp-json\/wp\/v2\/types\/product"}],"wp:featuredmedia":[{"embeddable":true,"href":"https:\/\/lucacastelli.com\/de\/wp-json\/wp\/v2\/media\/405340"}],"wp:attachment":[{"href":"https:\/\/lucacastelli.com\/de\/wp-json\/wp\/v2\/media?parent=413415"}],"wp:term":[{"taxonomy":"product_brand","embeddable":true,"href":"https:\/\/lucacastelli.com\/de\/wp-json\/wp\/v2\/product_brand?post=413415"},{"taxonomy":"product_cat","embeddable":true,"href":"https:\/\/lucacastelli.com\/de\/wp-json\/wp\/v2\/product_cat?post=413415"},{"taxonomy":"product_tag","embeddable":true,"href":"https:\/\/lucacastelli.com\/de\/wp-json\/wp\/v2\/product_tag?post=413415"}],"curies":[{"name":"wp","href":"https:\/\/api.w.org\/{rel}","templated":true}]}}