{"id":413399,"date":"2025-04-08T17:06:00","date_gmt":"2025-04-08T17:06:00","guid":{"rendered":"https:\/\/lucacastelli.com\/prodotto\/crazy-hemd-alpinstar\/"},"modified":"2026-04-16T00:54:29","modified_gmt":"2026-04-15T22:54:29","slug":"crazy-hemd-alpinstar","status":"publish","type":"product","link":"https:\/\/lucacastelli.com\/de\/produkt\/crazy-hemd-alpinstar\/","title":{"rendered":"CRAZY HEMD ALPINSTAR"},"content":{"rendered":"<div class=\"descProdotto\">\n<p>Das meistverkaufte T-Shirt der Crazy-Kollektion vereint eine technische Konstruktion mit farbenfrohen und auff\u00e4lligen Prints. Dieses Jahr wurde der Schnitt \u00fcberarbeitet, um Passform und Optik zu verbessern. Die bedruckten Paneele werden aus Polyester mit unterbrochener Wabenstruktur hergestellt, w\u00e4hrend f\u00fcr die \u00c4rmel die leichte, k\u00fchle und schnelltrocknende Performesh-Mikrofaser mit Streifenstruktur verwendet wird. Der Halsbund ist weich und leicht, geeignet f\u00fcr einen technischeren Einsatz.   <\/p>\n<\/div>\n<div class=\"carProdotto\">\n<ul>\n<li>Exklusive Prints Flachn\u00e4hte in Kontrastfarbe Sch\u00fctzender Halsbund Reflektierende Logos<\/li>\n<\/ul>\n<\/div>\n","protected":false},"excerpt":{"rendered":"<p>Das meistverkaufte T-Shirt der Crazy-Kollektion vereint eine technische Konstruktion mit farbenfrohen und auff\u00e4lligen Prints. Dieses Jahr wurde der Schnitt \u00fcberarbeitet,<\/p>\n","protected":false},"featured_media":413350,"template":"","meta":{"_seopress_robots_primary_cat":"","_seopress_titles_title":"","_seopress_titles_desc":"","_seopress_robots_index":""},"product_brand":[3614],"product_cat":[82,974,1388],"product_tag":[],"class_list":{"0":"post-413399","1":"product","2":"type-product","3":"status-publish","4":"has-post-thumbnail","6":"product_brand-crazy-de","7":"product_cat-kleidung","8":"product_cat-freizeitkleidung","9":"product_cat-damenbekleidung","10":"sws-gruppo-abb-libero-de","11":"sws-conto-ricavi-merci-rivendita-abbigliamento-de","12":"sws-gruppo-iva-iva81-de","14":"first","15":"instock","16":"sale","17":"shipping-taxable","18":"product-type-variable"},"_links":{"self":[{"href":"https:\/\/lucacastelli.com\/de\/wp-json\/wp\/v2\/product\/413399","targetHints":{"allow":["GET"]}}],"collection":[{"href":"https:\/\/lucacastelli.com\/de\/wp-json\/wp\/v2\/product"}],"about":[{"href":"https:\/\/lucacastelli.com\/de\/wp-json\/wp\/v2\/types\/product"}],"wp:featuredmedia":[{"embeddable":true,"href":"https:\/\/lucacastelli.com\/de\/wp-json\/wp\/v2\/media\/413350"}],"wp:attachment":[{"href":"https:\/\/lucacastelli.com\/de\/wp-json\/wp\/v2\/media?parent=413399"}],"wp:term":[{"taxonomy":"product_brand","embeddable":true,"href":"https:\/\/lucacastelli.com\/de\/wp-json\/wp\/v2\/product_brand?post=413399"},{"taxonomy":"product_cat","embeddable":true,"href":"https:\/\/lucacastelli.com\/de\/wp-json\/wp\/v2\/product_cat?post=413399"},{"taxonomy":"product_tag","embeddable":true,"href":"https:\/\/lucacastelli.com\/de\/wp-json\/wp\/v2\/product_tag?post=413399"}],"curies":[{"name":"wp","href":"https:\/\/api.w.org\/{rel}","templated":true}]}}