{"id":413380,"date":"2025-04-07T16:53:00","date_gmt":"2025-04-07T14:53:00","guid":{"rendered":"https:\/\/lucacastelli.com\/prodotto\/crazy-handschuhe-levity\/"},"modified":"2026-03-01T00:25:21","modified_gmt":"2026-02-28T23:25:21","slug":"crazy-handschuhe-levity","status":"publish","type":"product","link":"https:\/\/lucacastelli.com\/de\/produkt\/crazy-handschuhe-levity\/","title":{"rendered":"CRAZY HANDSCHUHE LEVITY"},"content":{"rendered":"<p>Bergsteigerhandschuhe: die ultimative Antwort auf kalte H\u00e4nde.<br \/>\nHergestellt aus der leichtesten Daune der Welt, Diamond Down, der gleichen sehr feinen Daune, die auch in unserer Levity-Jacke verwendet wird: bemerkenswert leicht, mit einer F\u00fcllkraft von 950\/1000.<br \/>\nDer Au\u00dfenstoff besteht aus bi-elastischem Nylon, nahezu schwerelos (18 g\/qm), mit DWR-Impr\u00e4gnierung f\u00fcr Wasserabweisung. G\u00e4nsedaunen aus Europa, veredelt mit einer wasserabweisenden Behandlung. <\/p>\n<p>GEWICHT: 56 gr<\/p>\n","protected":false},"excerpt":{"rendered":"<p>Bergsteigerhandschuhe: die ultimative Antwort auf kalte H\u00e4nde. Hergestellt aus der leichtesten Daune der Welt, Diamond Down, der gleichen sehr feinen<\/p>\n","protected":false},"featured_media":405419,"template":"","meta":{"_seopress_robots_primary_cat":"","_seopress_titles_title":"","_seopress_titles_desc":"","_seopress_robots_index":""},"product_brand":[3614],"product_cat":[82,1391],"product_tag":[],"class_list":{"0":"post-413380","1":"product","2":"type-product","3":"status-publish","4":"has-post-thumbnail","6":"product_brand-crazy-de","7":"product_cat-kleidung","8":"product_cat-bekleidungs-accessoires","9":"sws-gruppo-abb-libero-de","10":"sws-conto-ricavi-merci-rivendita-abbigliamento-de","11":"sws-gruppo-iva-iva81-de","13":"first","14":"instock","15":"sale","16":"shipping-taxable","17":"product-type-variable"},"_links":{"self":[{"href":"https:\/\/lucacastelli.com\/de\/wp-json\/wp\/v2\/product\/413380","targetHints":{"allow":["GET"]}}],"collection":[{"href":"https:\/\/lucacastelli.com\/de\/wp-json\/wp\/v2\/product"}],"about":[{"href":"https:\/\/lucacastelli.com\/de\/wp-json\/wp\/v2\/types\/product"}],"wp:featuredmedia":[{"embeddable":true,"href":"https:\/\/lucacastelli.com\/de\/wp-json\/wp\/v2\/media\/405419"}],"wp:attachment":[{"href":"https:\/\/lucacastelli.com\/de\/wp-json\/wp\/v2\/media?parent=413380"}],"wp:term":[{"taxonomy":"product_brand","embeddable":true,"href":"https:\/\/lucacastelli.com\/de\/wp-json\/wp\/v2\/product_brand?post=413380"},{"taxonomy":"product_cat","embeddable":true,"href":"https:\/\/lucacastelli.com\/de\/wp-json\/wp\/v2\/product_cat?post=413380"},{"taxonomy":"product_tag","embeddable":true,"href":"https:\/\/lucacastelli.com\/de\/wp-json\/wp\/v2\/product_tag?post=413380"}],"curies":[{"name":"wp","href":"https:\/\/api.w.org\/{rel}","templated":true}]}}