{"id":413377,"date":"2025-04-07T16:53:00","date_gmt":"2025-04-07T16:53:00","guid":{"rendered":"https:\/\/lucacastelli.com\/prodotto\/crazy-skihandschuhe-alp-race\/"},"modified":"2026-04-17T13:15:20","modified_gmt":"2026-04-17T11:15:20","slug":"crazy-skihandschuhe-alp-race","status":"publish","type":"product","link":"https:\/\/lucacastelli.com\/de\/produkt\/crazy-skihandschuhe-alp-race\/","title":{"rendered":"CRAZY GLOVES SKI ALP RACE"},"content":{"rendered":"<p>Die leistungsst\u00e4rksten und minimalistischsten Handschuhe f\u00fcr Skimo-Rennen.<br \/>\nEine echte CRAZY-Idee, die wir Jahr f\u00fcr Jahr weiterentwickelt haben: ein Paar minimalistische, sehr eng anliegende, sch\u00fctzende und atmungsaktive Handschuhe mit Windschutz an den empfindlichsten Stellen wie dem Handr\u00fccken. Die Handfl\u00e4chen sind mit einem rutschfesten Silikondruck ausgestattet. <\/p>\n<p>GEWICHT: 56 g<\/p>\n","protected":false},"excerpt":{"rendered":"<p>Die leistungsst\u00e4rksten und minimalistischsten Handschuhe f\u00fcr Skimo-Rennen. Eine echte CRAZY-Idee, die wir Jahr f\u00fcr Jahr weiterentwickelt haben: ein Paar minimalistische,<\/p>\n","protected":false},"featured_media":405407,"template":"","meta":{"_seopress_robots_primary_cat":"","_seopress_titles_title":"","_seopress_titles_desc":"","_seopress_robots_index":""},"product_brand":[3614],"product_cat":[82,1391],"product_tag":[],"class_list":{"0":"post-413377","1":"product","2":"type-product","3":"status-publish","4":"has-post-thumbnail","6":"product_brand-crazy-de","7":"product_cat-kleidung","8":"product_cat-bekleidungs-accessoires","9":"sws-gruppo-abb-libero-de","10":"sws-conto-ricavi-merci-rivendita-abbigliamento-de","11":"sws-gruppo-iva-iva81-de","13":"first","14":"instock","15":"sale","16":"shipping-taxable","17":"purchasable","18":"product-type-variable"},"_links":{"self":[{"href":"https:\/\/lucacastelli.com\/de\/wp-json\/wp\/v2\/product\/413377","targetHints":{"allow":["GET"]}}],"collection":[{"href":"https:\/\/lucacastelli.com\/de\/wp-json\/wp\/v2\/product"}],"about":[{"href":"https:\/\/lucacastelli.com\/de\/wp-json\/wp\/v2\/types\/product"}],"wp:featuredmedia":[{"embeddable":true,"href":"https:\/\/lucacastelli.com\/de\/wp-json\/wp\/v2\/media\/405407"}],"wp:attachment":[{"href":"https:\/\/lucacastelli.com\/de\/wp-json\/wp\/v2\/media?parent=413377"}],"wp:term":[{"taxonomy":"product_brand","embeddable":true,"href":"https:\/\/lucacastelli.com\/de\/wp-json\/wp\/v2\/product_brand?post=413377"},{"taxonomy":"product_cat","embeddable":true,"href":"https:\/\/lucacastelli.com\/de\/wp-json\/wp\/v2\/product_cat?post=413377"},{"taxonomy":"product_tag","embeddable":true,"href":"https:\/\/lucacastelli.com\/de\/wp-json\/wp\/v2\/product_tag?post=413377"}],"curies":[{"name":"wp","href":"https:\/\/api.w.org\/{rel}","templated":true}]}}