{"id":413351,"date":"2025-03-15T20:59:15","date_gmt":"2025-03-15T19:59:15","guid":{"rendered":"https:\/\/lucacastelli.com\/prodotto\/distel-steigeisen-alu-klick\/"},"modified":"2025-06-28T23:35:54","modified_gmt":"2025-06-28T21:35:54","slug":"distel-steigeisen-alu-klick","status":"publish","type":"product","link":"https:\/\/lucacastelli.com\/de\/produkt\/distel-steigeisen-alu-klick\/","title":{"rendered":"Distel Steigeisen Alu Klick"},"content":{"rendered":"<p>Das Distel Alu Klick Steigeisen ist ein Steigeisen f\u00fcr alle Kletterer, die klassische Baumsteigeisen bevorzugen. Der hochfeste Aluminiumschaft erm\u00f6glicht zusammen mit den Verst\u00e4rkungsrippen ein geringes Gewicht. Gleichzeitig kann eine hohe Haltbarkeit erreicht werden. Zusammen mit dem gro\u00dfen Polster schmiegt sich die vorgeformte Gfk-Schale bequem an die Wade an.   <\/p>\n<ul>\n<li>Rutschfeste Laschen an der Unterseite<\/li>\n<li>Kratzfeste Beschichtung aus eloxiertem Polymer<\/li>\n<li>Velcro-Gurt minimiert das Risiko von Druckstellen<\/li>\n<li>Einstellbare Schafth\u00f6he von 40 bis 51 cm<\/li>\n<li>Spielfreier Komfortgurt mit zwei zus\u00e4tzlichen Cobra-Schnappschnallen<\/li>\n<\/ul>\n<p>Gewicht 2100 g.<\/p>\n","protected":false},"excerpt":{"rendered":"<p>Das Distel Alu Klick Steigeisen ist ein Steigeisen f\u00fcr alle Kletterer, die klassische Baumsteigeisen bevorzugen. Der hochfeste Aluminiumschaft erm\u00f6glicht zusammen mit den Verst\u00e4rkungsrippen ein geringes Gewicht. Gleichzeitig kann eine hohe Haltbarkeit erreicht werden. Zusammen mit dem gro\u00dfen Polster schmiegt sich die vorgeformte Gfk-Schale bequem an die Wade an.   <\/p>\n<ul>\n<li>Rutschfeste Laschen an der Unterseite<\/li>\n<li>Kratzfeste Beschichtung aus eloxiertem Polymer<\/li>\n<li>Velcro-Gurt minimiert das Risiko von Druckstellen<\/li>\n<li>Einstellbare Schafth\u00f6he von 40 bis 51 cm<\/li>\n<li>Spielfreier Komfortgurt mit zwei zus\u00e4tzlichen Cobra-Schnappschnallen<\/li>\n<\/ul>\n<p>Gewicht 2100 g.<\/p>\n","protected":false},"featured_media":405778,"template":"","meta":{"_seopress_robots_primary_cat":"","_seopress_titles_title":"","_seopress_titles_desc":"","_seopress_robots_index":""},"product_brand":[3624],"product_cat":[150,1396,1403],"product_tag":[],"class_list":{"0":"post-413351","1":"product","2":"type-product","3":"status-publish","4":"has-post-thumbnail","6":"product_brand-distel-de","7":"product_cat-ausrustung","8":"product_cat-arbeitsausrustung","9":"product_cat-auffanggurte-und-sicherheitsausrustung","10":"sws-gruppo-abb-libero-de","11":"sws-conto-ricavi-merci-rivendita-abbigliamento-de","12":"sws-gruppo-iva-iva81-de","14":"first","15":"instock","16":"sale","17":"shipping-taxable","18":"purchasable","19":"product-type-variable"},"_links":{"self":[{"href":"https:\/\/lucacastelli.com\/de\/wp-json\/wp\/v2\/product\/413351","targetHints":{"allow":["GET"]}}],"collection":[{"href":"https:\/\/lucacastelli.com\/de\/wp-json\/wp\/v2\/product"}],"about":[{"href":"https:\/\/lucacastelli.com\/de\/wp-json\/wp\/v2\/types\/product"}],"wp:featuredmedia":[{"embeddable":true,"href":"https:\/\/lucacastelli.com\/de\/wp-json\/wp\/v2\/media\/405778"}],"wp:attachment":[{"href":"https:\/\/lucacastelli.com\/de\/wp-json\/wp\/v2\/media?parent=413351"}],"wp:term":[{"taxonomy":"product_brand","embeddable":true,"href":"https:\/\/lucacastelli.com\/de\/wp-json\/wp\/v2\/product_brand?post=413351"},{"taxonomy":"product_cat","embeddable":true,"href":"https:\/\/lucacastelli.com\/de\/wp-json\/wp\/v2\/product_cat?post=413351"},{"taxonomy":"product_tag","embeddable":true,"href":"https:\/\/lucacastelli.com\/de\/wp-json\/wp\/v2\/product_tag?post=413351"}],"curies":[{"name":"wp","href":"https:\/\/api.w.org\/{rel}","templated":true}]}}