{"id":413333,"date":"2025-03-14T11:09:49","date_gmt":"2025-03-14T10:09:49","guid":{"rendered":"https:\/\/lucacastelli.com\/prodotto\/schwellen-aus-natuerlicher-eiche-sektion-12x22-cm\/"},"modified":"2025-06-29T00:49:37","modified_gmt":"2025-06-28T22:49:37","slug":"schwellen-aus-natuerlicher-eiche-sektion-12x22-cm","status":"publish","type":"product","link":"https:\/\/lucacastelli.com\/de\/produkt\/schwellen-aus-natuerlicher-eiche-sektion-12x22-cm\/","title":{"rendered":"SCHWELLEN AUS NAT\u00dcRLICHER EICHE SEKTION 12&#215;22 cm"},"content":{"rendered":"<p><span class=\"text_a1\">Neue Bahnschwellen aus Eichenholz, unbehandelt, f\u00fcr den mehrfachen Gebrauch. Aufgrund ihres enormen Gewichts ist die Installation einfach und erfordert nur wenig Arbeit. Sie sind die besten Freunde des G\u00e4rtners. Sie k\u00f6nnen sie aber auch im Innenbereich verwenden, zum Beispiel als Esstisch oder andere rustikale M\u00f6bel.   <\/span><\/p>\n<p>&nbsp;<\/p>\n<p><span class=\"text_a1\">Sie k\u00f6nnen auch verwendet werden, um:<\/span><\/p>\n<ul>\n<li><span class=\"text_a1\">Hochbeete gef\u00fcllt mit Erde und Pflanzen&#8230;<\/span><\/li>\n<li><span class=\"text_a1\">Treppen, Spielpl\u00e4tze, Sandk\u00e4sten, L\u00e4rmschutzw\u00e4nde, Parkpl\u00e4tze, Umkleidekabinen&#8230;<\/span><\/li>\n<li><span class=\"text_a1\">Ein ganzer Durchgang, der mit Eichenschwellen anstelle von Steinplatten, Kies oder Asphalt gepflastert ist&#8230;<\/span><\/li>\n<li><span class=\"text_a1\">Gartenb\u00e4nke, abgegrenzte Sitzgelegenheiten, Sitzgelegenheiten und Tische&#8230;<\/span><\/li>\n<li><span class=\"text_a1\">Starker Zaun. Als Alternative zu einer niedrigen Backsteinmauer im Garten. Zaunpfosten und Schranken, Torheringe &#8230;  <\/span><\/li>\n<li><span class=\"text_a1\">Sie eignen sich f\u00fcr M\u00f6bel (z.B. Tische, B\u00e4nke&#8230;), St\u00fcrze, St\u00fctzw\u00e4nde und andere Landschaftsbauprojekte&#8230;<\/span><\/li>\n<li><span class=\"text_a1\">Pergola, Terrassen&#8230;<\/span><\/li>\n<li><span class=\"text_a1\">Portale und Eingangstore&#8230;<\/span><\/li>\n<\/ul>\n<p>&nbsp;<\/p>\n<p><span class=\"text_a1\">Unsere Zusatzleistungen:<\/span><\/p>\n<ul>\n<li><span class=\"text_a1\">Laden Sie Ihre Schlafwagen kostenlos<\/span><\/li>\n<li><span class=\"text_a1\">Schnitte und L\u00f6cher auf Anfrage<\/span><\/li>\n<\/ul>\n<p>&nbsp;<\/p>\n<p><span class=\"text_a1\">Die neuen Eichenschwellen sind sehr beliebt und auch im unbehandelten Zustand sehr widerstandsf\u00e4hig.<\/span><\/p>\n<p><span class=\"text_a1\">Unsere Eichenschwellen bieten Ihnen einfallsreiche L\u00f6sungen, um Ihre G\u00e4rten zu personalisieren und ihnen eine einzigartige Note zu verleihen.<\/span><\/p>\n","protected":false},"excerpt":{"rendered":"<p>Neue Bahnschwellen aus Eichenholz, unbehandelt, f\u00fcr den mehrfachen Gebrauch. Aufgrund ihres enormen Gewichts ist die Installation einfach und erfordert nur<\/p>\n","protected":false},"featured_media":405573,"template":"","meta":{"_seopress_robots_primary_cat":"","_seopress_titles_title":"","_seopress_titles_desc":"","_seopress_robots_index":""},"product_brand":[3651],"product_cat":[1854,1830],"product_tag":[],"class_list":{"0":"post-413333","1":"product","2":"type-product","3":"status-publish","4":"has-post-thumbnail","6":"product_brand-luca-castelli-legnami-de","7":"product_cat-traversine-de","8":"product_cat-holz-granit","9":"sws-gruppo-attrezz-de","10":"sws-conto-ricavi-merci-rivendita-legname-de","11":"sws-gruppo-iva-iva81-de","13":"first","14":"instock","15":"shipping-taxable","16":"purchasable","17":"product-type-variable"},"_links":{"self":[{"href":"https:\/\/lucacastelli.com\/de\/wp-json\/wp\/v2\/product\/413333","targetHints":{"allow":["GET"]}}],"collection":[{"href":"https:\/\/lucacastelli.com\/de\/wp-json\/wp\/v2\/product"}],"about":[{"href":"https:\/\/lucacastelli.com\/de\/wp-json\/wp\/v2\/types\/product"}],"wp:featuredmedia":[{"embeddable":true,"href":"https:\/\/lucacastelli.com\/de\/wp-json\/wp\/v2\/media\/405573"}],"wp:attachment":[{"href":"https:\/\/lucacastelli.com\/de\/wp-json\/wp\/v2\/media?parent=413333"}],"wp:term":[{"taxonomy":"product_brand","embeddable":true,"href":"https:\/\/lucacastelli.com\/de\/wp-json\/wp\/v2\/product_brand?post=413333"},{"taxonomy":"product_cat","embeddable":true,"href":"https:\/\/lucacastelli.com\/de\/wp-json\/wp\/v2\/product_cat?post=413333"},{"taxonomy":"product_tag","embeddable":true,"href":"https:\/\/lucacastelli.com\/de\/wp-json\/wp\/v2\/product_tag?post=413333"}],"curies":[{"name":"wp","href":"https:\/\/api.w.org\/{rel}","templated":true}]}}