{"id":413280,"date":"2025-03-13T20:43:35","date_gmt":"2025-03-13T19:43:35","guid":{"rendered":"https:\/\/lucacastelli.com\/prodotto\/b-kastanienstange-durchmesser-10-12-cm-mit-spitze\/"},"modified":"2026-04-17T23:26:37","modified_gmt":"2026-04-17T21:26:37","slug":"b-kastanienstange-durchmesser-10-12-cm-mit-spitze","status":"publish","type":"product","link":"https:\/\/lucacastelli.com\/de\/produkt\/b-kastanienstange-durchmesser-10-12-cm-mit-spitze\/","title":{"rendered":"B Kastanienholzpfahl Durchmesser 10\/12 cm mit Spitze"},"content":{"rendered":"<p>Ein hochwertiges Holz von Langlebigkeit und Feuchtigkeitsbest\u00e4ndigkeit, Eigenschaften, die es optimal f\u00fcr den Einsatz und die Herstellung von Pf\u00e4hlen, Balken und Rahmen machen.<\/p>\n<p>Der Durchmesser bezieht sich auf die Mitte der Pfahll\u00e4nge.<\/p>\n<p>Die Spitze wird am Fuss des Pfahls, d.h. am dicksten Teil des Pfahls, angebracht.<\/p>\n<p>Achtung: Aus dem Pfahl kann Tannin austreten und je nach Material, das mit dem Kastanienholzpfahl in Kontakt kommt, Sch\u00e4den verursachen.<\/p>\n<p>Diese Preise verstehen sich ab Castione.<\/p>\n<p>F\u00fcr Transportanfragen: info@lucacastellisa.ch<\/p>\n<p>&nbsp;<\/p>\n<p>&nbsp;<\/p>\n<p>&nbsp;<\/p>\n","protected":false},"excerpt":{"rendered":"<p>Ein hochwertiges Holz von Langlebigkeit und Feuchtigkeitsbest\u00e4ndigkeit, Eigenschaften, die es optimal f\u00fcr den Einsatz und die Herstellung von Pf\u00e4hlen, Balken<\/p>\n","protected":false},"featured_media":405127,"template":"","meta":{"_seopress_robots_primary_cat":"none","_seopress_titles_title":"","_seopress_titles_desc":"","_seopress_robots_index":""},"product_brand":[3651],"product_cat":[1830,1831],"product_tag":[],"class_list":{"0":"post-413280","1":"product","2":"type-product","3":"status-publish","4":"has-post-thumbnail","6":"product_brand-luca-castelli-legnami-de","7":"product_cat-holz-granit","8":"product_cat-kastanienpfahle","9":"sws-gruppo-attrezz-de","10":"sws-conto-ricavi-merci-rivendita-legname-de","11":"sws-gruppo-iva-iva81-de","13":"first","14":"instock","15":"shipping-taxable","16":"purchasable","17":"product-type-variable"},"_links":{"self":[{"href":"https:\/\/lucacastelli.com\/de\/wp-json\/wp\/v2\/product\/413280","targetHints":{"allow":["GET"]}}],"collection":[{"href":"https:\/\/lucacastelli.com\/de\/wp-json\/wp\/v2\/product"}],"about":[{"href":"https:\/\/lucacastelli.com\/de\/wp-json\/wp\/v2\/types\/product"}],"wp:featuredmedia":[{"embeddable":true,"href":"https:\/\/lucacastelli.com\/de\/wp-json\/wp\/v2\/media\/405127"}],"wp:attachment":[{"href":"https:\/\/lucacastelli.com\/de\/wp-json\/wp\/v2\/media?parent=413280"}],"wp:term":[{"taxonomy":"product_brand","embeddable":true,"href":"https:\/\/lucacastelli.com\/de\/wp-json\/wp\/v2\/product_brand?post=413280"},{"taxonomy":"product_cat","embeddable":true,"href":"https:\/\/lucacastelli.com\/de\/wp-json\/wp\/v2\/product_cat?post=413280"},{"taxonomy":"product_tag","embeddable":true,"href":"https:\/\/lucacastelli.com\/de\/wp-json\/wp\/v2\/product_tag?post=413280"}],"curies":[{"name":"wp","href":"https:\/\/api.w.org\/{rel}","templated":true}]}}