{"id":413227,"date":"2025-03-12T15:50:26","date_gmt":"2025-03-12T14:50:26","guid":{"rendered":"https:\/\/lucacastelli.com\/prodotto\/stahl-umreifungsmaschine-hke-hd-19-mm\/"},"modified":"2025-03-12T15:50:26","modified_gmt":"2025-03-12T14:50:26","slug":"stahl-umreifungsmaschine-hke-hd-19-mm","status":"publish","type":"product","link":"https:\/\/lucacastelli.com\/de\/produkt\/stahl-umreifungsmaschine-hke-hd-19-mm\/","title":{"rendered":"Stahl-Umreifungsmaschine HKE-HD 19 mm"},"content":{"rendered":"<p>Wie alle Ger\u00e4te der HKE-Serie verf\u00fcgt auch das HKE-Heavy-Duty \u00fcber die patentierte Sperre, die den Kraftaufwand f\u00fcr den Verschluss selbst minimiert. Dies zeigt sich besonders im Heavy-Duty-Bereich (19&#215;0,8 mm).<br \/>\nZus\u00e4tzlich ist der HKE-HD mit einem Drehmomentbegrenzer ausgestattet, der f\u00fcr eine konstante Spannkraft sorgt.<\/p>\n","protected":false},"excerpt":{"rendered":"<p>Wie alle Ger\u00e4te der HKE-Serie verf\u00fcgt auch das HKE-Heavy-Duty \u00fcber die patentierte Sperre, die den Kraftaufwand f\u00fcr den Verschluss selbst<\/p>\n","protected":false},"featured_media":405269,"template":"","meta":{"_seopress_robots_primary_cat":"","_seopress_titles_title":"","_seopress_titles_desc":"","_seopress_robots_index":""},"product_brand":[3411],"product_cat":[33,537,822],"product_tag":[],"class_list":{"0":"post-413227","1":"product","2":"type-product","3":"status-publish","4":"has-post-thumbnail","6":"product_brand-luca-castelli-legnami","7":"product_cat-attrezzature","8":"product_cat-attrezzatura-da-lavoro","9":"product_cat-altro-attrezzatura-da-lavoro","10":"sws-gruppo-attrezz-de","11":"sws-conto-ricavi-merci-rivendita-macchinari-de","12":"sws-gruppo-iva-iva81-de","14":"first","15":"instock","16":"shipping-taxable","17":"purchasable","18":"product-type-simple"},"_links":{"self":[{"href":"https:\/\/lucacastelli.com\/de\/wp-json\/wp\/v2\/product\/413227","targetHints":{"allow":["GET"]}}],"collection":[{"href":"https:\/\/lucacastelli.com\/de\/wp-json\/wp\/v2\/product"}],"about":[{"href":"https:\/\/lucacastelli.com\/de\/wp-json\/wp\/v2\/types\/product"}],"wp:featuredmedia":[{"embeddable":true,"href":"https:\/\/lucacastelli.com\/de\/wp-json\/wp\/v2\/media\/405269"}],"wp:attachment":[{"href":"https:\/\/lucacastelli.com\/de\/wp-json\/wp\/v2\/media?parent=413227"}],"wp:term":[{"taxonomy":"product_brand","embeddable":true,"href":"https:\/\/lucacastelli.com\/de\/wp-json\/wp\/v2\/product_brand?post=413227"},{"taxonomy":"product_cat","embeddable":true,"href":"https:\/\/lucacastelli.com\/de\/wp-json\/wp\/v2\/product_cat?post=413227"},{"taxonomy":"product_tag","embeddable":true,"href":"https:\/\/lucacastelli.com\/de\/wp-json\/wp\/v2\/product_tag?post=413227"}],"curies":[{"name":"wp","href":"https:\/\/api.w.org\/{rel}","templated":true}]}}