{"id":413105,"date":"2025-03-14T11:53:29","date_gmt":"2025-03-14T10:53:29","guid":{"rendered":"https:\/\/lucacastelli.com\/prodotto\/milwaukee-m18-fpm-0x-mischer-m18-kraftstoff\/"},"modified":"2025-12-01T14:45:41","modified_gmt":"2025-12-01T13:45:41","slug":"milwaukee-m18-fpm-0x-mischer-m18-kraftstoff","status":"publish","type":"product","link":"https:\/\/lucacastelli.com\/de\/produkt\/milwaukee-m18-fpm-0x-mischer-m18-kraftstoff\/","title":{"rendered":"MILWAUKEE M18 FPM-0X Mischer M18 KRAFTSTOFF \u2122"},"content":{"rendered":"","protected":false},"excerpt":{"rendered":"<ul>\n<li>3-stufige Geschwindigkeitsverstellung<\/li>\n<li>180\u00b0 verstellbarer Griff mit 16 Positionen<\/li>\n<li>M14 Werkzeughalter<\/li>\n<li>B\u00fcrstenloser POWERSTATE-Motor\u2122 f\u00fcr h\u00e4rteste Eins\u00e4tze<\/li>\n<li>Optimale Drehzahlregelung: 3 verschiedene Drehzahlregelungsm\u00f6glichkeiten f\u00fcr saubere und gleichm\u00e4\u00dfige Mischungen (8 Geschwindigkeiten)<\/li>\n<li>180\u00b0 verstellbarer Griff mit 16 Einstellm\u00f6glichkeiten, so dass der Benutzer die Griffposition nach seinen Vorlieben und seinem Komfort optimieren kann<\/li>\n<li>3-stufige Geschwindigkeitseinstellung &#8211; 8 Geschwindigkeitsstufen, zus\u00e4tzlicher Geschwindigkeitsschalter und Sperrtaste<\/li>\n<li>Integrierte Ladezustandsanzeige und LED-Licht<\/li>\n<li>M14 Werkzeughalter<\/li>\n<li>Die DNA unserer Fuel-Plattform\u2122 definiert das Gleichgewicht der drahtlosen Technologien. Milwaukee\u00ae\u2122, Redlithium-Technologie\u2122 <\/li>\n<li>100% Kompatibilit\u00e4t mit der MILWAUKEE\u00ae M18\u2122 Produktreihe<\/li>\n<li>Ausgestattet mit 150 mm Verl\u00e4ngerung<\/li>\n<\/ul>\n<p>&nbsp;<\/p>\n<table class=\"w-100 table table-striped m-0\" style=\"height: 314px;\" width=\"626\">\n<tbody>\n<tr>\n<td class=\"p-1 ps-2 border-bottom border-mediumlight\">Spannung<\/td>\n<td class=\"p-1 pe-2 border-bottom border-mediumlight\">18 V<\/td>\n<\/tr>\n<tr>\n<td class=\"p-1 ps-2 border-bottom border-mediumlight\">Batterietyp<\/td>\n<td class=\"p-1 pe-2 border-bottom border-mediumlight\">\n<div>&#8212;<\/div>\n<\/td>\n<\/tr>\n<tr>\n<td class=\"p-1 ps-2 border-bottom border-mediumlight\">Batteriekapazit\u00e4t<\/td>\n<td class=\"p-1 pe-2 border-bottom border-mediumlight\">&#8211;Ah<\/td>\n<\/tr>\n<tr>\n<td class=\"p-1 ps-2 border-bottom border-mediumlight\">\n Geschwindigkeit<\/td>\n<td class=\"p-1 pe-2 border-bottom border-mediumlight\">0-550 <sup>min-1<\/sup><\/td>\n<\/tr>\n<tr>\n<td class=\"p-1 ps-2 border-bottom border-mediumlight\">Zu mischendes<\/td>\n<p> Volumen<\/p>\n<td class=\"p-1 pe-2 border-bottom border-mediumlight\">20 l<\/td>\n<\/tr>\n<tr>\n<td class=\"p-1 ps-2 border-bottom border-mediumlight\">LED-Anzeige<\/td>\n<td class=\"p-1 pe-2 border-bottom border-mediumlight\">\n<div>mit<\/div>\n<\/td>\n<\/tr>\n<tr>\n<td class=\"p-1 ps-2 border-bottom border-mediumlight\">Batterie<\/td>\n<td class=\"p-1 pe-2 border-bottom border-mediumlight\">&#8211;St\u00fcck<\/td>\n<\/tr>\n<tr>\n<td class=\"p-1 ps-2 border-bottom border-mediumlight\">Ladeger\u00e4t<\/td>\n<td class=\"p-1 pe-2 border-bottom border-mediumlight\">&#8212;<\/td>\n<\/tr>\n<tr>\n<td class=\"p-1 ps-2 border-bottom border-mediumlight\">Verpackung<\/td>\n<td class=\"p-1 pe-2 border-bottom border-mediumlight\">\n<div>HD-Box<\/div>\n<\/td>\n<\/tr>\n<tr>\n<td class=\"p-1 ps-2 border-bottom border-mediumlight\">Gewicht<\/td>\n<td class=\"p-1 pe-2 border-bottom border-mediumlight\">2,40 kg<\/td>\n<\/tr>\n<tr>\n<td class=\"p-1 ps-2 border-bottom border-mediumlight\">kein orig.<\/td>\n<td class=\"p-1 pe-2 border-bottom border-mediumlight\">4933459719<\/td>\n<\/tr>\n<\/tbody>\n<\/table>\n","protected":false},"featured_media":405595,"template":"","meta":{"_seopress_robots_primary_cat":"","_seopress_titles_title":"","_seopress_titles_desc":"","_seopress_robots_index":""},"product_brand":[3656],"product_cat":[169,1454,1565],"product_tag":[],"class_list":{"0":"post-413105","1":"product","2":"type-product","3":"status-publish","4":"has-post-thumbnail","6":"product_brand-milwaukee-de","7":"product_cat-maschinen","8":"product_cat-andere-gerate","9":"product_cat-betonruttler","10":"sws-gruppo-macchinari-de","11":"sws-conto-ricavi-merci-rivendita-macchinari-de","12":"sws-gruppo-iva-iva81-de","14":"first","15":"instock","16":"shipping-taxable","17":"purchasable","18":"product-type-simple"},"_links":{"self":[{"href":"https:\/\/lucacastelli.com\/de\/wp-json\/wp\/v2\/product\/413105","targetHints":{"allow":["GET"]}}],"collection":[{"href":"https:\/\/lucacastelli.com\/de\/wp-json\/wp\/v2\/product"}],"about":[{"href":"https:\/\/lucacastelli.com\/de\/wp-json\/wp\/v2\/types\/product"}],"wp:featuredmedia":[{"embeddable":true,"href":"https:\/\/lucacastelli.com\/de\/wp-json\/wp\/v2\/media\/405595"}],"wp:attachment":[{"href":"https:\/\/lucacastelli.com\/de\/wp-json\/wp\/v2\/media?parent=413105"}],"wp:term":[{"taxonomy":"product_brand","embeddable":true,"href":"https:\/\/lucacastelli.com\/de\/wp-json\/wp\/v2\/product_brand?post=413105"},{"taxonomy":"product_cat","embeddable":true,"href":"https:\/\/lucacastelli.com\/de\/wp-json\/wp\/v2\/product_cat?post=413105"},{"taxonomy":"product_tag","embeddable":true,"href":"https:\/\/lucacastelli.com\/de\/wp-json\/wp\/v2\/product_tag?post=413105"}],"curies":[{"name":"wp","href":"https:\/\/api.w.org\/{rel}","templated":true}]}}