{"id":413101,"date":"2025-04-07T16:53:00","date_gmt":"2025-04-07T14:53:00","guid":{"rendered":"https:\/\/lucacastelli.com\/prodotto\/crazy-jkt-neutron\/"},"modified":"2026-04-15T00:01:30","modified_gmt":"2026-04-14T22:01:30","slug":"crazy-jkt-neutron","status":"publish","type":"product","link":"https:\/\/lucacastelli.com\/de\/produkt\/crazy-jkt-neutron\/","title":{"rendered":"CRAZY JKT NEUTRON"},"content":{"rendered":"<p>Die sch\u00fctzendste Jacke unserer Kollektion. Ein Produkt, das hervorragende technische Leistung und Schutz mit vollst\u00e4ndiger Elastizit\u00e4t vereint und damit die perfekte L\u00f6sung f\u00fcr Alpinismus und extreme Umgebungen darstellt.<br \/>\nDieses Jahr ist sie mit ihrem neuen Design noch modischer!<br \/>\nSowohl das Au\u00dfenmaterial, die Isolierung als auch das Futter der Jkt Neutron sind vollst\u00e4ndig elastisch.<br \/>\nAls sie 2013 entwickelt wurde, war sie dank dieser Eigenschaft die erste vollst\u00e4ndig elastische Jacke der Welt.<br \/>\nDas Au\u00dfenmaterial ist perfekt wasserdicht mit einer Wassers\u00e4ule von 20.000 mm. Die N\u00e4hte der Kapuze sind versiegelt und sorgen zusammen mit den nahtlos aus einem einzigen Panel gefertigten Schultern f\u00fcr vollst\u00e4ndige Wasserdichtigkeit in den Bereichen, die Regen und Schnee am st\u00e4rksten ausgesetzt sind.<br \/>\nDas Au\u00dfenmaterial besteht aus Toray Dermizax Nylon und die Isolierung aus Primaloft Active, warm, wasserabweisend und elastisch.<\/p>\n<p>\u2022 4-Wege-Stretchjacke mit Primaloft-Isolierung<br \/>\n\u2022 Lasergeschnittene Handtaschen mit verschwei\u00dften Rei\u00dfverschl\u00fcssen<br \/>\n\u2022 Wasserdichtes, nahtloses Material an den Schultern<br \/>\n\u2022 W\u00e4rmeversiegelte Kapuze mit steifem Schirm und B\u00fcndchen mit elastischen Kanten<br \/>\n\u2022 Elastischer Saum<\/p>\n<p>GEWICHT: 520 g<\/p>\n","protected":false},"excerpt":{"rendered":"<p>Die sch\u00fctzendste Jacke unserer Kollektion. Ein Produkt, das hervorragende technische Leistung und Schutz mit vollst\u00e4ndiger Elastizit\u00e4t vereint und damit die<\/p>\n","protected":false},"featured_media":404574,"template":"","meta":{"_seopress_robots_primary_cat":"none","_seopress_titles_title":"","_seopress_titles_desc":"","_seopress_robots_index":""},"product_brand":[3614],"product_cat":[82,974,975],"product_tag":[],"class_list":{"0":"post-413101","1":"product","2":"type-product","3":"status-publish","4":"has-post-thumbnail","6":"product_brand-crazy-de","7":"product_cat-kleidung","8":"product_cat-freizeitkleidung","9":"product_cat-herrenbekleidung","10":"sws-gruppo-abb-libero-de","11":"sws-conto-ricavi-merci-rivendita-abbigliamento-de","12":"sws-gruppo-iva-iva81-de","14":"first","15":"instock","16":"sale","17":"shipping-taxable","18":"purchasable","19":"product-type-variable"},"_links":{"self":[{"href":"https:\/\/lucacastelli.com\/de\/wp-json\/wp\/v2\/product\/413101","targetHints":{"allow":["GET"]}}],"collection":[{"href":"https:\/\/lucacastelli.com\/de\/wp-json\/wp\/v2\/product"}],"about":[{"href":"https:\/\/lucacastelli.com\/de\/wp-json\/wp\/v2\/types\/product"}],"wp:featuredmedia":[{"embeddable":true,"href":"https:\/\/lucacastelli.com\/de\/wp-json\/wp\/v2\/media\/404574"}],"wp:attachment":[{"href":"https:\/\/lucacastelli.com\/de\/wp-json\/wp\/v2\/media?parent=413101"}],"wp:term":[{"taxonomy":"product_brand","embeddable":true,"href":"https:\/\/lucacastelli.com\/de\/wp-json\/wp\/v2\/product_brand?post=413101"},{"taxonomy":"product_cat","embeddable":true,"href":"https:\/\/lucacastelli.com\/de\/wp-json\/wp\/v2\/product_cat?post=413101"},{"taxonomy":"product_tag","embeddable":true,"href":"https:\/\/lucacastelli.com\/de\/wp-json\/wp\/v2\/product_tag?post=413101"}],"curies":[{"name":"wp","href":"https:\/\/api.w.org\/{rel}","templated":true}]}}