{"id":413092,"date":"2025-03-14T15:39:12","date_gmt":"2025-03-14T14:39:12","guid":{"rendered":"https:\/\/lucacastelli.com\/prodotto\/1-pergola-aus-lodrino-granit-wirtschaftliche-variante\/"},"modified":"2025-06-29T00:53:01","modified_gmt":"2025-06-28T22:53:01","slug":"1-pergola-aus-lodrino-granit-wirtschaftliche-variante","status":"publish","type":"product","link":"https:\/\/lucacastelli.com\/de\/produkt\/1-pergola-aus-lodrino-granit-wirtschaftliche-variante\/","title":{"rendered":"1 Pergola aus Granit Lodrino (wirtschaftliche Variante)"},"content":{"rendered":"<p>Pergola aus Tessiner Granit aus Lodrino mit zwei nat\u00fcrlichen Seiten (Spiodati) und gefr\u00e4sten Kanten. H\u00f6he variabel von 280 bis 295 cm. <\/p>\n<p>&nbsp;<\/p>\n<p>Breite 25 und Dicke 8<br \/>\ncm.<\/p>\n<p>In der Erde begraben zu werden.<\/p>\n<p>&nbsp;<\/p>\n<p>Preis ab Castione.<\/p>\n<p>&nbsp;<\/p>\n<p>Transportpreis auf Anfrage an info@lucacastellisa.ch<\/p>\n<p>&nbsp;<\/p>\n<p>Preis f\u00fcr 1 Pergola (1 St\u00fcck).<\/p>\n<p>&nbsp;<\/p>\n<p>St\u00fcckgewicht:<\/p>\n<p>155 Kg f\u00fcr Pergola 280 cm<\/p>\n<p>160 Kg f\u00fcr Pergola 195 cm<\/p>\n<p>&nbsp;<\/p>\n<p>&nbsp;<\/p>\n","protected":false},"excerpt":{"rendered":"<p>Pergola aus Tessiner Granit aus Lodrino mit zwei nat\u00fcrlichen Seiten (Spiodati) und gefr\u00e4sten Kanten. H\u00f6he variabel von 280 bis 295<\/p>\n","protected":false},"featured_media":405635,"template":"","meta":{"_seopress_robots_primary_cat":"","_seopress_titles_title":"","_seopress_titles_desc":"","_seopress_robots_index":""},"product_brand":[3651],"product_cat":[1849,1830],"product_tag":[],"class_list":{"0":"post-413092","1":"product","2":"type-product","3":"status-publish","4":"has-post-thumbnail","6":"product_brand-luca-castelli-legnami-de","7":"product_cat-prodotti-in-granito-de","8":"product_cat-holz-granit","9":"sws-gruppo-attrezz-de","10":"sws-conto-ricavi-merci-rivendita-legname-de","11":"sws-gruppo-iva-iva81-de","13":"first","14":"instock","15":"shipping-taxable","16":"purchasable","17":"product-type-variable"},"_links":{"self":[{"href":"https:\/\/lucacastelli.com\/de\/wp-json\/wp\/v2\/product\/413092","targetHints":{"allow":["GET"]}}],"collection":[{"href":"https:\/\/lucacastelli.com\/de\/wp-json\/wp\/v2\/product"}],"about":[{"href":"https:\/\/lucacastelli.com\/de\/wp-json\/wp\/v2\/types\/product"}],"wp:featuredmedia":[{"embeddable":true,"href":"https:\/\/lucacastelli.com\/de\/wp-json\/wp\/v2\/media\/405635"}],"wp:attachment":[{"href":"https:\/\/lucacastelli.com\/de\/wp-json\/wp\/v2\/media?parent=413092"}],"wp:term":[{"taxonomy":"product_brand","embeddable":true,"href":"https:\/\/lucacastelli.com\/de\/wp-json\/wp\/v2\/product_brand?post=413092"},{"taxonomy":"product_cat","embeddable":true,"href":"https:\/\/lucacastelli.com\/de\/wp-json\/wp\/v2\/product_cat?post=413092"},{"taxonomy":"product_tag","embeddable":true,"href":"https:\/\/lucacastelli.com\/de\/wp-json\/wp\/v2\/product_tag?post=413092"}],"curies":[{"name":"wp","href":"https:\/\/api.w.org\/{rel}","templated":true}]}}