{"id":413083,"date":"2025-09-24T16:32:00","date_gmt":"2025-09-24T14:32:00","guid":{"rendered":"https:\/\/lucacastelli.com\/prodotto\/crazy-jkt-viper\/"},"modified":"2026-04-01T01:51:34","modified_gmt":"2026-03-31T23:51:34","slug":"crazy-jkt-viper","status":"publish","type":"product","link":"https:\/\/lucacastelli.com\/de\/produkt\/crazy-jkt-viper\/","title":{"rendered":"CRAZY JKT VIPER"},"content":{"rendered":"<p>Die Jkt Viper ist unser Hybrid in der Kategorie Basislager. Eine warme Jacke, die sich perfekt f\u00fcr den t\u00e4glichen Gebrauch und f\u00fcr Aktivit\u00e4ten mit geringer Intensit\u00e4t oder k\u00e4ltere Tage eignet.<br \/>\nDie technischen Stoffe und ihre Konstruktion sorgen f\u00fcr absoluten Komfort und eine hervorragende W\u00e4rmeleistung in allen Situationen. Rumpf und R\u00fccken sind aus Pertex Quantum mit einer bequemen Daunenisolierung gefertigt. Schultern und Arme sind aus wasserabweisendem Toray One Layer-Gewebe gefertigt, das mit atmungsaktivem und weichem Polartec Alpha Direct gef\u00fcttert ist, das sich angenehm auf der Haut anf\u00fchlt. Die B\u00fcndchen und der untere Teil sind aus HP-Fleece gefertigt.    <\/p>\n<p>\u2022 Kapuze mit reflektierendem Schirm<br \/>\n\u2022 2 Brusttaschen mit \u00fcberlappenden Rei\u00dfverschl\u00fcssen<br \/>\n\u2022 2 Handtaschen mit Rei\u00dfverschl\u00fcssen<br \/>\n\u2022 Front\u00f6ffnung mit Rei\u00dfverschluss<br \/>\n\u2022 Daumenloch<br \/>\n\u2022 Elastische Kanten<br \/>\n\u2022 Reflektierende Logos<br \/>\n\u2022 Flache N\u00e4hte in Kontrastfarbe<br \/>\n\u2022 Daunenf\u00fcllung<\/p>\n<p>GEWICHT: 377 gr<\/p>\n","protected":false},"excerpt":{"rendered":"<p>Die Jkt Viper ist unser Hybrid in der Kategorie Basislager. Eine warme Jacke, die sich perfekt f\u00fcr den t\u00e4glichen Gebrauch<\/p>\n","protected":false},"featured_media":632473,"template":"","meta":{"_seopress_robots_primary_cat":"none","_seopress_titles_title":"","_seopress_titles_desc":"","_seopress_robots_index":""},"product_brand":[3614],"product_cat":[82,974,975],"product_tag":[],"class_list":{"0":"post-413083","1":"product","2":"type-product","3":"status-publish","4":"has-post-thumbnail","6":"product_brand-crazy-de","7":"product_cat-kleidung","8":"product_cat-freizeitkleidung","9":"product_cat-herrenbekleidung","10":"sws-gruppo-abb-libero-de","11":"sws-conto-ricavi-merci-rivendita-abbigliamento-de","12":"sws-gruppo-iva-iva81-de","14":"first","15":"instock","16":"shipping-taxable","17":"purchasable","18":"product-type-variable"},"_links":{"self":[{"href":"https:\/\/lucacastelli.com\/de\/wp-json\/wp\/v2\/product\/413083","targetHints":{"allow":["GET"]}}],"collection":[{"href":"https:\/\/lucacastelli.com\/de\/wp-json\/wp\/v2\/product"}],"about":[{"href":"https:\/\/lucacastelli.com\/de\/wp-json\/wp\/v2\/types\/product"}],"wp:featuredmedia":[{"embeddable":true,"href":"https:\/\/lucacastelli.com\/de\/wp-json\/wp\/v2\/media\/632473"}],"wp:attachment":[{"href":"https:\/\/lucacastelli.com\/de\/wp-json\/wp\/v2\/media?parent=413083"}],"wp:term":[{"taxonomy":"product_brand","embeddable":true,"href":"https:\/\/lucacastelli.com\/de\/wp-json\/wp\/v2\/product_brand?post=413083"},{"taxonomy":"product_cat","embeddable":true,"href":"https:\/\/lucacastelli.com\/de\/wp-json\/wp\/v2\/product_cat?post=413083"},{"taxonomy":"product_tag","embeddable":true,"href":"https:\/\/lucacastelli.com\/de\/wp-json\/wp\/v2\/product_tag?post=413083"}],"curies":[{"name":"wp","href":"https:\/\/api.w.org\/{rel}","templated":true}]}}