{"id":413070,"date":"2025-04-07T16:53:00","date_gmt":"2025-04-07T14:53:00","guid":{"rendered":"https:\/\/lucacastelli.com\/prodotto\/crazy-jkt-absolution\/"},"modified":"2026-04-15T00:01:32","modified_gmt":"2026-04-14T22:01:32","slug":"crazy-jkt-absolution","status":"publish","type":"product","link":"https:\/\/lucacastelli.com\/de\/produkt\/crazy-jkt-absolution\/","title":{"rendered":"CRAZY JKT ABSOLUTION"},"content":{"rendered":"<p>Hybrid-Jacke mit Kapuze und hoher W\u00e4rmeisolierung. Unsere w\u00e4rmste Hybrid-Jacke mit l\u00e4ssigem Look, die Nylon-Paneele mit Paneelen aus warmem \u00d6ko-Kunstfell kombiniert. Eine hervorragende dritte Schicht, warm mit Nylon-Frontschutz und ansprechendem Look, ideal f\u00fcr den t\u00e4glichen Gebrauch und Outdoor-Aktivit\u00e4ten mit niedriger Intensit\u00e4t.<br \/>\nGefertigt aus weichem, warmem \u201eFluffy Warm\u201c-Kunstfell, mit einem Frontpanel aus wasserabweisendem und winddichtem Pertex Quantum Nylon, w\u00e4hrend der Taillenbund aus technischem, elastischem und formgebendem HP-Gewebe besteht.<\/p>\n<p>\u2022 Hybrid-Jacke mit gro\u00dfer Kapuze aus fellartigen Material<br \/>\n\u2022 Taschen mit Rei\u00dfverschluss<br \/>\n\u2022 Elastische Einfassungen an Kapuze und \u00c4rmelb\u00fcndchen<br \/>\n\u2022 Reflektierende Logos<br \/>\n\u2022 Lasergeschnittene Brusttasche mit verklebtem Rei\u00dfverschluss<\/p>\n<p>GEWICHT: 507 g<\/p>\n","protected":false},"excerpt":{"rendered":"<p>Hybrid-Jacke mit Kapuze und hoher W\u00e4rmeisolierung. Unsere w\u00e4rmste Hybrid-Jacke mit l\u00e4ssigem Look, die Nylon-Paneele mit Paneelen aus warmem \u00d6ko-Kunstfell kombiniert.<\/p>\n","protected":false},"featured_media":404638,"template":"","meta":{"_seopress_robots_primary_cat":"none","_seopress_titles_title":"","_seopress_titles_desc":"","_seopress_robots_index":""},"product_brand":[3614],"product_cat":[82,974,975],"product_tag":[],"class_list":{"0":"post-413070","1":"product","2":"type-product","3":"status-publish","4":"has-post-thumbnail","6":"product_brand-crazy-de","7":"product_cat-kleidung","8":"product_cat-freizeitkleidung","9":"product_cat-herrenbekleidung","10":"sws-gruppo-abb-libero-de","11":"sws-conto-ricavi-merci-rivendita-abbigliamento-de","12":"sws-gruppo-iva-iva81-de","14":"first","15":"instock","16":"sale","17":"shipping-taxable","18":"purchasable","19":"product-type-variable"},"_links":{"self":[{"href":"https:\/\/lucacastelli.com\/de\/wp-json\/wp\/v2\/product\/413070","targetHints":{"allow":["GET"]}}],"collection":[{"href":"https:\/\/lucacastelli.com\/de\/wp-json\/wp\/v2\/product"}],"about":[{"href":"https:\/\/lucacastelli.com\/de\/wp-json\/wp\/v2\/types\/product"}],"wp:featuredmedia":[{"embeddable":true,"href":"https:\/\/lucacastelli.com\/de\/wp-json\/wp\/v2\/media\/404638"}],"wp:attachment":[{"href":"https:\/\/lucacastelli.com\/de\/wp-json\/wp\/v2\/media?parent=413070"}],"wp:term":[{"taxonomy":"product_brand","embeddable":true,"href":"https:\/\/lucacastelli.com\/de\/wp-json\/wp\/v2\/product_brand?post=413070"},{"taxonomy":"product_cat","embeddable":true,"href":"https:\/\/lucacastelli.com\/de\/wp-json\/wp\/v2\/product_cat?post=413070"},{"taxonomy":"product_tag","embeddable":true,"href":"https:\/\/lucacastelli.com\/de\/wp-json\/wp\/v2\/product_tag?post=413070"}],"curies":[{"name":"wp","href":"https:\/\/api.w.org\/{rel}","templated":true}]}}