{"id":413066,"date":"2025-04-07T16:53:00","date_gmt":"2025-04-07T14:53:00","guid":{"rendered":"https:\/\/lucacastelli.com\/prodotto\/crazy-vest-avenger\/"},"modified":"2026-03-01T00:25:38","modified_gmt":"2026-02-28T23:25:38","slug":"crazy-vest-avenger","status":"publish","type":"product","link":"https:\/\/lucacastelli.com\/de\/produkt\/crazy-vest-avenger\/","title":{"rendered":"CRAZY WESTE AVENGER"},"content":{"rendered":"<p>Komplettes Redesign unserer Avenger Weste! Diese Hybridweste ist ideal f\u00fcr das Training, f\u00fcr hochintensive Outdoor-Aktivit\u00e4ten in k\u00e4lteren Klimazonen oder als Au\u00dfenschicht an w\u00e4rmeren Tagen. Es besteht aus Endurance Softshell-Gewebe, extrem atmungsaktiv, aber winddicht, mit wasserabweisender DWR-Behandlung. Die Seitenteile und der Saum bestehen aus doppelseitigem Stoff, um die Atmungsaktivit\u00e4t und Elastizit\u00e4t in den strategischsten Bereichen zu verbessern.<br \/>\nDas Design dieser Saison wurde komplett erneuert und sorgt f\u00fcr einen schlanken und aggressiven Look.   <\/p>\n<p>\u2022 Zwei Seitentaschen und eine Brusttasche mit Rei\u00dfverschluss<br \/>\n\u2022 Reflektierende<br \/>\n Details\u2022 Vollst\u00e4ndig<br \/>\n teilbarer Frontrei\u00dfverschluss mit Schutzklappe<br \/>\n\u2022 Flachn\u00e4hte in Kontrastfarbe<br \/>\n\u2022 Reflektierende Logos\u2022 Rutschfester Silikondruck an den Schultern<br \/>\n\u2022 Elastischer Saum<\/p>\n<p>GEWICHT: 200 gr<\/p>\n","protected":false},"excerpt":{"rendered":"<p>Komplettes Redesign unserer Avenger Weste! Diese Hybridweste ist ideal f\u00fcr das Training, f\u00fcr hochintensive Outdoor-Aktivit\u00e4ten in k\u00e4lteren Klimazonen oder als<\/p>\n","protected":false},"featured_media":404621,"template":"","meta":{"_seopress_robots_primary_cat":"","_seopress_titles_title":"","_seopress_titles_desc":"","_seopress_robots_index":""},"product_brand":[3614],"product_cat":[82,974,975],"product_tag":[],"class_list":{"0":"post-413066","1":"product","2":"type-product","3":"status-publish","4":"has-post-thumbnail","6":"product_brand-crazy-de","7":"product_cat-kleidung","8":"product_cat-freizeitkleidung","9":"product_cat-herrenbekleidung","10":"sws-gruppo-abb-libero-de","11":"sws-conto-ricavi-merci-rivendita-abbigliamento-de","12":"sws-gruppo-iva-iva81-de","14":"first","15":"instock","16":"shipping-taxable","17":"purchasable","18":"product-type-variable"},"_links":{"self":[{"href":"https:\/\/lucacastelli.com\/de\/wp-json\/wp\/v2\/product\/413066","targetHints":{"allow":["GET"]}}],"collection":[{"href":"https:\/\/lucacastelli.com\/de\/wp-json\/wp\/v2\/product"}],"about":[{"href":"https:\/\/lucacastelli.com\/de\/wp-json\/wp\/v2\/types\/product"}],"wp:featuredmedia":[{"embeddable":true,"href":"https:\/\/lucacastelli.com\/de\/wp-json\/wp\/v2\/media\/404621"}],"wp:attachment":[{"href":"https:\/\/lucacastelli.com\/de\/wp-json\/wp\/v2\/media?parent=413066"}],"wp:term":[{"taxonomy":"product_brand","embeddable":true,"href":"https:\/\/lucacastelli.com\/de\/wp-json\/wp\/v2\/product_brand?post=413066"},{"taxonomy":"product_cat","embeddable":true,"href":"https:\/\/lucacastelli.com\/de\/wp-json\/wp\/v2\/product_cat?post=413066"},{"taxonomy":"product_tag","embeddable":true,"href":"https:\/\/lucacastelli.com\/de\/wp-json\/wp\/v2\/product_tag?post=413066"}],"curies":[{"name":"wp","href":"https:\/\/api.w.org\/{rel}","templated":true}]}}