{"id":413058,"date":"2025-04-17T09:56:48","date_gmt":"2025-04-17T07:56:48","guid":{"rendered":"https:\/\/lucacastelli.com\/prodotto\/milwaukee-axt-und-messerset\/"},"modified":"2025-06-29T08:05:15","modified_gmt":"2025-06-29T06:05:15","slug":"milwaukee-axt-und-messerset","status":"publish","type":"product","link":"https:\/\/lucacastelli.com\/de\/produkt\/milwaukee-axt-und-messerset\/","title":{"rendered":"Milwaukee Axt- und Taschenmesser-Set"},"content":{"rendered":"<h2>Funktionen<\/h2>\n<ul>\n<li>Die pr\u00e4zise abgeschr\u00e4gte Klinge an der Axt sorgt f\u00fcr eine optimale Sch\u00e4rfe f\u00fcr pr\u00e4zises und effizientes Spalten von Holz.<\/li>\n<li>Der stahlverst\u00e4rkte Griff verhindert ein Verbiegen und erh\u00f6ht die Haltbarkeit.<\/li>\n<li>Fiberglasgriff mit umspritztem Griff f\u00fcr bessere Kontrolle und einen verschlei\u00dffesten Griff.<\/li>\n<li>Inklusive Scheide f\u00fcr einfachen Transport und sichere Lagerung.<\/li>\n<li>Das <a href=\"https:\/\/www.milwaukeetool.eu\/en-eu\/fastback-folding-knife\/\">FASTBACK\u2122 Klappmesser<\/a> ist mit einer nachsch\u00e4rfbaren Klinge aus Edelstahl und einer Stechspitze ausgestattet, die eine kontrollierte Perforation und einen gleichm\u00e4\u00dfigen Schnitt erm\u00f6glicht.<\/li>\n<li>Der Liner-Lock arretiert die Klinge in der ge\u00f6ffneten Position.<\/li>\n<li>Dieses Set enth\u00e4lt eine 40 cm lange Spaltaxt und ein <a href=\"https:\/\/www.milwaukeetool.eu\/en-eu\/fastback-folding-knife\/\">FASTBACK\u2122 Klappmesser<\/a>.<\/li>\n<\/ul>\n","protected":false},"excerpt":{"rendered":"<p>Funktionen Die pr\u00e4zise abgeschr\u00e4gte Klinge an der Axt sorgt f\u00fcr eine optimale Sch\u00e4rfe f\u00fcr pr\u00e4zises und effizientes Spalten von Holz.<\/p>\n","protected":false},"featured_media":413055,"template":"","meta":{"_seopress_robots_primary_cat":"","_seopress_titles_title":"","_seopress_titles_desc":"","_seopress_robots_index":""},"product_brand":[3656],"product_cat":[150,1396,1494],"product_tag":[],"class_list":{"0":"post-413058","1":"product","2":"type-product","3":"status-publish","4":"has-post-thumbnail","6":"product_brand-milwaukee-de","7":"product_cat-ausrustung","8":"product_cat-arbeitsausrustung","9":"product_cat-sonstige-arbeitsausrustung","10":"sws-gruppo-macchinari-de","11":"sws-conto-ricavi-merci-rivendita-macchinari-de","12":"sws-gruppo-iva-iva81-de","14":"first","15":"instock","16":"sale","17":"shipping-taxable","18":"purchasable","19":"product-type-simple"},"_links":{"self":[{"href":"https:\/\/lucacastelli.com\/de\/wp-json\/wp\/v2\/product\/413058","targetHints":{"allow":["GET"]}}],"collection":[{"href":"https:\/\/lucacastelli.com\/de\/wp-json\/wp\/v2\/product"}],"about":[{"href":"https:\/\/lucacastelli.com\/de\/wp-json\/wp\/v2\/types\/product"}],"wp:featuredmedia":[{"embeddable":true,"href":"https:\/\/lucacastelli.com\/de\/wp-json\/wp\/v2\/media\/413055"}],"wp:attachment":[{"href":"https:\/\/lucacastelli.com\/de\/wp-json\/wp\/v2\/media?parent=413058"}],"wp:term":[{"taxonomy":"product_brand","embeddable":true,"href":"https:\/\/lucacastelli.com\/de\/wp-json\/wp\/v2\/product_brand?post=413058"},{"taxonomy":"product_cat","embeddable":true,"href":"https:\/\/lucacastelli.com\/de\/wp-json\/wp\/v2\/product_cat?post=413058"},{"taxonomy":"product_tag","embeddable":true,"href":"https:\/\/lucacastelli.com\/de\/wp-json\/wp\/v2\/product_tag?post=413058"}],"curies":[{"name":"wp","href":"https:\/\/api.w.org\/{rel}","templated":true}]}}