{"id":413038,"date":"2025-03-15T20:44:12","date_gmt":"2025-03-15T19:44:12","guid":{"rendered":"https:\/\/lucacastelli.com\/prodotto\/distel-comfort-ersatzpolsterung\/"},"modified":"2025-06-28T23:35:38","modified_gmt":"2025-06-28T21:35:38","slug":"distel-comfort-ersatzpolsterung","status":"publish","type":"product","link":"https:\/\/lucacastelli.com\/de\/produkt\/distel-comfort-ersatzpolsterung\/","title":{"rendered":"DISTEL Comfort Ersatzpolster"},"content":{"rendered":"<p>Das Ersatzpolster f\u00fcr alle Distel Shell-Steigeisen hat einen dickeren Schaumstoff als das Vorg\u00e4ngermodell, gr\u00f6\u00dfere Kanten und zus\u00e4tzliche Vorspr\u00fcnge an Schienbein und Wade f\u00fcr mehr Komfort. Das Polster wurde in kleinere Schaumstoffsegmente unterteilt, sodass es sich eng an die Schale anschmiegt und durch den Punktdruck auf den Unterschenkel ein weicheres Gef\u00fchl bietet. In dieser Version wird die Polsterung mit dem bekannten Komfortgurt geliefert. So k\u00f6nnen Sie die Steigeisen reibungslos anziehen. Ersatzbel\u00e4ge werden paarweise geliefert. Gewicht 470 g.     <\/p>\n","protected":false},"excerpt":{"rendered":"<p>Das Ersatzpolster f\u00fcr alle Distel Shell-Steigeisen hat einen dickeren Schaumstoff als das Vorg\u00e4ngermodell, gr\u00f6\u00dfere Kanten und zus\u00e4tzliche Vorspr\u00fcnge an Schienbein<\/p>\n","protected":false},"featured_media":405756,"template":"","meta":{"_seopress_robots_primary_cat":"","_seopress_titles_title":"","_seopress_titles_desc":"","_seopress_robots_index":""},"product_brand":[3414],"product_cat":[33,537,814],"product_tag":[],"class_list":{"0":"post-413038","1":"product","2":"type-product","3":"status-publish","4":"has-post-thumbnail","6":"product_brand-distel","7":"product_cat-attrezzature","8":"product_cat-attrezzatura-da-lavoro","9":"product_cat-imbraghi-e-materiale-di-sicurezza","10":"sws-gruppo-abb-libero-de","11":"sws-conto-ricavi-merci-rivendita-abbigliamento-de","12":"sws-gruppo-iva-iva81-de","14":"first","15":"instock","16":"sale","17":"shipping-taxable","18":"purchasable","19":"product-type-simple"},"_links":{"self":[{"href":"https:\/\/lucacastelli.com\/de\/wp-json\/wp\/v2\/product\/413038","targetHints":{"allow":["GET"]}}],"collection":[{"href":"https:\/\/lucacastelli.com\/de\/wp-json\/wp\/v2\/product"}],"about":[{"href":"https:\/\/lucacastelli.com\/de\/wp-json\/wp\/v2\/types\/product"}],"wp:featuredmedia":[{"embeddable":true,"href":"https:\/\/lucacastelli.com\/de\/wp-json\/wp\/v2\/media\/405756"}],"wp:attachment":[{"href":"https:\/\/lucacastelli.com\/de\/wp-json\/wp\/v2\/media?parent=413038"}],"wp:term":[{"taxonomy":"product_brand","embeddable":true,"href":"https:\/\/lucacastelli.com\/de\/wp-json\/wp\/v2\/product_brand?post=413038"},{"taxonomy":"product_cat","embeddable":true,"href":"https:\/\/lucacastelli.com\/de\/wp-json\/wp\/v2\/product_cat?post=413038"},{"taxonomy":"product_tag","embeddable":true,"href":"https:\/\/lucacastelli.com\/de\/wp-json\/wp\/v2\/product_tag?post=413038"}],"curies":[{"name":"wp","href":"https:\/\/api.w.org\/{rel}","templated":true}]}}