{"id":413025,"date":"2025-03-15T20:36:58","date_gmt":"2025-03-15T19:36:58","guid":{"rendered":"https:\/\/lucacastelli.com\/prodotto\/distel-ersatzriemen-fuer-steigeisen\/"},"modified":"2025-06-28T23:35:37","modified_gmt":"2025-06-28T21:35:37","slug":"distel-ersatzriemen-fuer-steigeisen","status":"publish","type":"product","link":"https:\/\/lucacastelli.com\/de\/produkt\/distel-ersatzriemen-fuer-steigeisen\/","title":{"rendered":"DISTEL Ersatzgurt f\u00fcr Steigeisen"},"content":{"rendered":"<p>Das Gurtset ist f\u00fcr Distel Steigeisen geeignet und wird mit den ber\u00fchmten Cobra Schnappschnallen geliefert. Diese erm\u00f6glichen ein schnelles An- und Ausziehen von Steigeisen und passen sie bequem an Ihre Wade an. Nur kompatibel mit dem Distel Plus Ersatzpad (Nr. 56-666). Paarweise geliefert. Gewicht 260 g.    <\/p>\n","protected":false},"excerpt":{"rendered":"<p>Das Gurtset ist f\u00fcr Distel Steigeisen geeignet und wird mit den ber\u00fchmten Cobra Schnappschnallen geliefert. Diese erm\u00f6glichen ein schnelles An-<\/p>\n","protected":false},"featured_media":405730,"template":"","meta":{"_seopress_robots_primary_cat":"","_seopress_titles_title":"","_seopress_titles_desc":"","_seopress_robots_index":""},"product_brand":[3624],"product_cat":[150,1396,1403],"product_tag":[],"class_list":{"0":"post-413025","1":"product","2":"type-product","3":"status-publish","4":"has-post-thumbnail","6":"product_brand-distel-de","7":"product_cat-ausrustung","8":"product_cat-arbeitsausrustung","9":"product_cat-auffanggurte-und-sicherheitsausrustung","10":"sws-gruppo-attrezz-de","11":"sws-conto-ricavi-merci-rivendita-abbigliamento-de","12":"sws-gruppo-iva-iva81-de","14":"first","15":"instock","16":"sale","17":"shipping-taxable","18":"purchasable","19":"product-type-simple"},"_links":{"self":[{"href":"https:\/\/lucacastelli.com\/de\/wp-json\/wp\/v2\/product\/413025","targetHints":{"allow":["GET"]}}],"collection":[{"href":"https:\/\/lucacastelli.com\/de\/wp-json\/wp\/v2\/product"}],"about":[{"href":"https:\/\/lucacastelli.com\/de\/wp-json\/wp\/v2\/types\/product"}],"wp:featuredmedia":[{"embeddable":true,"href":"https:\/\/lucacastelli.com\/de\/wp-json\/wp\/v2\/media\/405730"}],"wp:attachment":[{"href":"https:\/\/lucacastelli.com\/de\/wp-json\/wp\/v2\/media?parent=413025"}],"wp:term":[{"taxonomy":"product_brand","embeddable":true,"href":"https:\/\/lucacastelli.com\/de\/wp-json\/wp\/v2\/product_brand?post=413025"},{"taxonomy":"product_cat","embeddable":true,"href":"https:\/\/lucacastelli.com\/de\/wp-json\/wp\/v2\/product_cat?post=413025"},{"taxonomy":"product_tag","embeddable":true,"href":"https:\/\/lucacastelli.com\/de\/wp-json\/wp\/v2\/product_tag?post=413025"}],"curies":[{"name":"wp","href":"https:\/\/api.w.org\/{rel}","templated":true}]}}