{"id":413023,"date":"2025-03-13T22:22:02","date_gmt":"2025-03-13T21:22:02","guid":{"rendered":"https:\/\/lucacastelli.com\/prodotto\/distel-carbon-3-1-klick-steigeisen-mit-kurzen-31-mm-amerika-steigeisen\/"},"modified":"2025-06-28T23:35:20","modified_gmt":"2025-06-28T21:35:20","slug":"distel-carbon-3-1-klick-steigeisen-mit-kurzen-31-mm-amerika-steigeisen","status":"publish","type":"product","link":"https:\/\/lucacastelli.com\/de\/produkt\/distel-carbon-3-1-klick-steigeisen-mit-kurzen-31-mm-amerika-steigeisen\/","title":{"rendered":"Distel Carbon 3.1 Klick Steigeisen mit kurzen Amerika Steigeisen 31 mm"},"content":{"rendered":"<p>Die Distel Carbon 3.1 Klick Steigeisen sind die Premium-Steigeisen auf dem Markt mit einer konsequenten Weiterentwicklung der bekannten Distel Carbon Steigeisen in einem einzigartigen Design. Eine spezielle Polycarbonatmischung sorgt f\u00fcr eine hohe Belastbarkeit und Langlebigkeit. Dar\u00fcber hinaus sorgen die unidirektionalen Carbonfasern f\u00fcr eine hohe Bruchfestigkeit. Die 47 mm breite Ablagefl\u00e4che und der ergonomisch geformte Schaft sorgen f\u00fcr angenehmen Komfort. Das Profil wird durch eine Vibram-Gummisohle gesch\u00fctzt. In Kombination mit dem gro\u00dfen, optimierten Polster liegt die vorgeformte Schale besonders angenehm an der Wade. Der 20 mm dicke Schaumstoff mit seiner Gitterstruktur reduziert Druckstellen und federt St\u00f6\u00dfe ab. Zus\u00e4tzlich reduziert das 100 mm breite Velcro-Band das Risiko von Druckstellen. Der Wadenumfang kann von 31 bis 50 cm eingestellt werden. Zudem kann je nach Wadenl\u00e4nge die H\u00f6he des Schaftes individuell von 34,3 bis 47,8 cm angepasst werden.<br \/>\nDer sehr komfortable und spielfreie Komfortgurt ist in dieser Ausf\u00fchrung mit zwei zus\u00e4tzlichen Cobra Schnappschnallen ausgestattet. Bei diesen muss der Gurt nur einmal verstellt werden und kann dann \u00fcber die Schnallen einfach an- und abgelegt werden. Dar\u00fcber hinaus verf\u00fcgt die Fu\u00dfschlaufe auch \u00fcber zwei Cobra-Schnappschnallen. Selbstverst\u00e4ndlich sind alle angebotenen Ersatzpins geeignet. Gewicht 1790 g.             <\/p>\n<p>Maximale Belastung der Steigeisen 150 kg.<\/p>\n","protected":false},"excerpt":{"rendered":"<p>Die Distel Carbon 3.1 Klick Steigeisen sind die Premium-Steigeisen auf dem Markt mit einer konsequenten Weiterentwicklung der bekannten Distel Carbon<\/p>\n","protected":false},"featured_media":405508,"template":"","meta":{"_seopress_robots_primary_cat":"","_seopress_titles_title":"","_seopress_titles_desc":"","_seopress_robots_index":""},"product_brand":[3624],"product_cat":[150,1396,1403],"product_tag":[],"class_list":{"0":"post-413023","1":"product","2":"type-product","3":"status-publish","4":"has-post-thumbnail","6":"product_brand-distel-de","7":"product_cat-ausrustung","8":"product_cat-arbeitsausrustung","9":"product_cat-auffanggurte-und-sicherheitsausrustung","10":"sws-gruppo-abb-libero-de","11":"sws-conto-ricavi-merci-rivendita-abbigliamento-de","12":"sws-gruppo-iva-iva81-de","14":"first","15":"instock","16":"sale","17":"shipping-taxable","18":"purchasable","19":"product-type-simple"},"_links":{"self":[{"href":"https:\/\/lucacastelli.com\/de\/wp-json\/wp\/v2\/product\/413023","targetHints":{"allow":["GET"]}}],"collection":[{"href":"https:\/\/lucacastelli.com\/de\/wp-json\/wp\/v2\/product"}],"about":[{"href":"https:\/\/lucacastelli.com\/de\/wp-json\/wp\/v2\/types\/product"}],"wp:featuredmedia":[{"embeddable":true,"href":"https:\/\/lucacastelli.com\/de\/wp-json\/wp\/v2\/media\/405508"}],"wp:attachment":[{"href":"https:\/\/lucacastelli.com\/de\/wp-json\/wp\/v2\/media?parent=413023"}],"wp:term":[{"taxonomy":"product_brand","embeddable":true,"href":"https:\/\/lucacastelli.com\/de\/wp-json\/wp\/v2\/product_brand?post=413023"},{"taxonomy":"product_cat","embeddable":true,"href":"https:\/\/lucacastelli.com\/de\/wp-json\/wp\/v2\/product_cat?post=413023"},{"taxonomy":"product_tag","embeddable":true,"href":"https:\/\/lucacastelli.com\/de\/wp-json\/wp\/v2\/product_tag?post=413023"}],"curies":[{"name":"wp","href":"https:\/\/api.w.org\/{rel}","templated":true}]}}