{"id":412996,"date":"2025-03-15T17:01:40","date_gmt":"2025-03-15T16:01:40","guid":{"rendered":"https:\/\/lucacastelli.com\/prodotto\/top-kastanienbaum-durchmesser-8-10-cm\/"},"modified":"2026-04-14T03:34:47","modified_gmt":"2026-04-14T01:34:47","slug":"top-kastanienbaum-durchmesser-8-10-cm","status":"publish","type":"product","link":"https:\/\/lucacastelli.com\/de\/produkt\/top-kastanienbaum-durchmesser-8-10-cm\/","title":{"rendered":"TOP Kastanienpfahl Durchmesser 8\/10 cm"},"content":{"rendered":"<p>Ein hochwertiges Holz von hoher Dauerhaftigkeit und Feuchtigkeitsbest\u00e4ndigkeit \u2013 Eigenschaften, die es ideal f\u00fcr die Verwendung und Herstellung von Pf\u00e4hlen, Balken und Rahmen machen.<\/p>\n<p>Der Durchmesser bezieht sich auf die Mitte der Pfahll\u00e4nge.<\/p>\n<p>Achtung: Aus dem Pfahl kann Tannin austreten, was je nach Kontaktmaterialien Sch\u00e4den verursachen kann.<\/p>\n<p>Diese Preise verstehen sich ab Werk Castione.<\/p>\n<p><strong data-start=\"47\" data-end=\"62\">TOP-Qualit\u00e4t<\/strong>: Es handelt sich um maschinell entrindete Kastanienpf\u00e4hle mit unregelm\u00e4\u00dfigen Durchmessern, die das nat\u00fcrliche Aussehen des Holzes bewahren und ihm gleichzeitig eine edlere \u00c4sthetik verleihen. Zudem sind sie im Vergleich zur <strong data-start=\"264\" data-end=\"277\">Qualit\u00e4t B<\/strong> einfacher zu behandeln und zu verarbeiten. <\/p>\n<p>&nbsp;<\/p>\n<p>F\u00fcr Transportanfragen: info@lucacastellisa.ch<\/p>\n<p>&nbsp;<\/p>\n<p>&nbsp;<\/p>\n<p>&nbsp;<\/p>\n","protected":false},"excerpt":{"rendered":"<p>Ein hochwertiges Holz von hoher Dauerhaftigkeit und Feuchtigkeitsbest\u00e4ndigkeit \u2013 Eigenschaften, die es ideal f\u00fcr die Verwendung und Herstellung von Pf\u00e4hlen,<\/p>\n","protected":false},"featured_media":405693,"template":"","meta":{"_seopress_robots_primary_cat":"","_seopress_titles_title":"","_seopress_titles_desc":"","_seopress_robots_index":""},"product_brand":[3651],"product_cat":[1845,1830],"product_tag":[],"class_list":{"0":"post-412996","1":"product","2":"type-product","3":"status-publish","4":"has-post-thumbnail","6":"product_brand-luca-castelli-legnami-de","7":"product_cat-pali-top-de","8":"product_cat-holz-granit","9":"sws-gruppo-attrezz-de","10":"sws-conto-ricavi-merci-rivendita-legname-de","11":"sws-gruppo-iva-iva81-de","13":"first","14":"instock","15":"shipping-taxable","16":"purchasable","17":"product-type-variable"},"_links":{"self":[{"href":"https:\/\/lucacastelli.com\/de\/wp-json\/wp\/v2\/product\/412996","targetHints":{"allow":["GET"]}}],"collection":[{"href":"https:\/\/lucacastelli.com\/de\/wp-json\/wp\/v2\/product"}],"about":[{"href":"https:\/\/lucacastelli.com\/de\/wp-json\/wp\/v2\/types\/product"}],"wp:featuredmedia":[{"embeddable":true,"href":"https:\/\/lucacastelli.com\/de\/wp-json\/wp\/v2\/media\/405693"}],"wp:attachment":[{"href":"https:\/\/lucacastelli.com\/de\/wp-json\/wp\/v2\/media?parent=412996"}],"wp:term":[{"taxonomy":"product_brand","embeddable":true,"href":"https:\/\/lucacastelli.com\/de\/wp-json\/wp\/v2\/product_brand?post=412996"},{"taxonomy":"product_cat","embeddable":true,"href":"https:\/\/lucacastelli.com\/de\/wp-json\/wp\/v2\/product_cat?post=412996"},{"taxonomy":"product_tag","embeddable":true,"href":"https:\/\/lucacastelli.com\/de\/wp-json\/wp\/v2\/product_tag?post=412996"}],"curies":[{"name":"wp","href":"https:\/\/api.w.org\/{rel}","templated":true}]}}