{"id":412141,"date":"2022-06-18T20:23:20","date_gmt":"2022-06-18T18:23:20","guid":{"rendered":"https:\/\/lucacastelli.com\/prodotto\/schnelles-kettenoel-fuellsystem\/"},"modified":"2025-07-20T23:22:34","modified_gmt":"2025-07-20T21:22:34","slug":"schnelles-kettenoel-fuellsystem","status":"publish","type":"product","link":"https:\/\/lucacastelli.com\/de\/produkt\/schnelles-kettenoel-fuellsystem\/","title":{"rendered":"Schnelles Ketten\u00f6l-F\u00fcllsystem"},"content":{"rendered":"<p>Sicherheitsbef\u00fcllsystem f\u00fcr ECO und PROFI Doppeltanks, aus HD-PE, f\u00fcr Kraftstoff, Farbe schwarz\/rot, geeignet zum Betanken von Kettens\u00e4genmotoren<\/p>\n<p>Gurgelfreier Fluss dank integrierter Bel\u00fcftung<br \/>\nAutomatische F\u00fcllunterbrechung: Kein \u00dcberlaufen und kein Versch\u00fctten des Inhalts vor, w\u00e4hrend und nach dem Bef\u00fcllen.<br \/>\nEs reduziert die Ausbreitung von Benzind\u00e4mpfen und sch\u00fctzt die Umwelt vor Verschmutzung.<br \/>\nMit \u00dcberwurfmutter zur exakten Positionierung bei kleinen Tank\u00f6ffnungen<br \/>\nUnverlierbarer Schraubverschluss<br \/>\nMit \u00d6se zur Befestigung am Kanister<br \/>\nF\u00fcr alle Standard-Doppelkanister, Benzinkanister bis zu 5 Liter und FuelFriend 1-2 Liter von h\u00fcnersdorff<br \/>\nGeeignet zum Betanken von Kettens\u00e4gen, Rasenm\u00e4hern und Kleinwerkzeugen<br \/>\nD\u00fcse au\u00dfen \u00d8 21 mm und L\u00e4nge = 160 mm<br \/>\nf\u00fcr a = Gewinde-Au\u00dfen-\u00d8 = 38 mm \/ (f\u00fcr w = Innen-\u00d8 der Einf\u00fcll\u00f6ffnung = 29 mm)<\/p>\n","protected":false},"excerpt":{"rendered":"<p>Sicherheitsbef\u00fcllsystem f\u00fcr ECO und PROFI Doppeltanks, aus HD-PE, f\u00fcr Kraftstoff, Farbe schwarz\/rot, geeignet zum Betanken von Kettens\u00e4genmotoren Gurgelfreier Fluss dank<\/p>\n","protected":false},"featured_media":37694,"template":"","meta":{"_seopress_robots_primary_cat":"","_seopress_titles_title":"","_seopress_titles_desc":"","_seopress_robots_index":""},"product_brand":[4687],"product_cat":[1436,1437],"product_tag":[],"class_list":{"0":"post-412141","1":"product","2":"type-product","3":"status-publish","4":"has-post-thumbnail","6":"product_brand-hunersdorff-de","7":"product_cat-kraftstoffe-und-ole","8":"product_cat-zubehor-und-verbrauchsmaterial","9":"sws-gruppo-macchinari-de","10":"sws-conto-ricavi-merci-rivendita-macchinari-de","11":"sws-gruppo-iva-iva81-de","13":"first","14":"instock","15":"shipping-taxable","16":"purchasable","17":"product-type-simple"},"_links":{"self":[{"href":"https:\/\/lucacastelli.com\/de\/wp-json\/wp\/v2\/product\/412141","targetHints":{"allow":["GET"]}}],"collection":[{"href":"https:\/\/lucacastelli.com\/de\/wp-json\/wp\/v2\/product"}],"about":[{"href":"https:\/\/lucacastelli.com\/de\/wp-json\/wp\/v2\/types\/product"}],"wp:featuredmedia":[{"embeddable":true,"href":"https:\/\/lucacastelli.com\/de\/wp-json\/wp\/v2\/media\/37694"}],"wp:attachment":[{"href":"https:\/\/lucacastelli.com\/de\/wp-json\/wp\/v2\/media?parent=412141"}],"wp:term":[{"taxonomy":"product_brand","embeddable":true,"href":"https:\/\/lucacastelli.com\/de\/wp-json\/wp\/v2\/product_brand?post=412141"},{"taxonomy":"product_cat","embeddable":true,"href":"https:\/\/lucacastelli.com\/de\/wp-json\/wp\/v2\/product_cat?post=412141"},{"taxonomy":"product_tag","embeddable":true,"href":"https:\/\/lucacastelli.com\/de\/wp-json\/wp\/v2\/product_tag?post=412141"}],"curies":[{"name":"wp","href":"https:\/\/api.w.org\/{rel}","templated":true}]}}