{"id":408505,"date":"2025-03-17T21:00:03","date_gmt":"2025-03-17T20:00:03","guid":{"rendered":"https:\/\/lucacastelli.com\/prodotto\/ortovox-traverse-20-dunkle-wildkraeuter\/"},"modified":"2025-06-29T02:10:25","modified_gmt":"2025-06-29T00:10:25","slug":"ortovox-traverse-20-dunkle-wildkraeuter","status":"publish","type":"product","link":"https:\/\/lucacastelli.com\/de\/produkt\/ortovox-traverse-20-dunkle-wildkraeuter\/","title":{"rendered":"ORTOVOX TRAVERSE 20 Dunkle Wildkr\u00e4uter"},"content":{"rendered":"<h2 id=\"toc-entry-target-1\" class=\"js-toc__title pds__detail-headline\" tabindex=\"-1\">EIN VIELSEITIGER RUCKSACK F\u00dcR IHRE ALPINEN ABENTEUER<\/h2>\n<h3>Vielseitiger, komfortabler und funktioneller Rucksack f\u00fcr alpine Touren<\/h3>\n<p>Vielseitig, komfortabel und funktional ist die TRAVERSE-Linie f\u00fcr den Einsatz im alpinen Gel\u00e4nde entwickelt und erf\u00fcllt alle Anforderungen f\u00fcr anspruchsvolle Touren. Das Au\u00dfenmaterial ist extrem robust und besteht zu 75% aus recyceltem Polyamid. Etwa 70 % der f\u00fcr den TRAVERSE 20 Rucksack verwendeten Stoffe sind spinnd\u00fcsengef\u00e4rbt (SOLUTION DYED) und ungef\u00e4rbt (NON-DYED). Dies reduziert den Einsatz von Wasser und Chemikalien sowie den CO2-Aussto\u00df w\u00e4hrend des Produktionsprozesses.   <\/p>\n<p>TRAVERSE 20 ist ausbalanciert und dank des COMFORT-CONTACT BACK SYSTEM bequem zu tragen. Die Polsterung sorgt f\u00fcr eine konstante Luftzirkulation, w\u00e4hrend die breiten, ergonomischen Schultergurte und der breite H\u00fcftgurt dazu beitragen, die Last gleichm\u00e4\u00dfig zu verteilen. Das Hauptfach des TRAVERSE PURE 20 ist von der Vorderseite des Rucksacks aus zug\u00e4nglich und du kannst deinen Helm und andere Ausr\u00fcstung in der elastischen Fronttasche, dem Wertsachenfach, dem Innenfach oder der H\u00fcfttasche verstauen. Ausr\u00fcstungsschlaufen, Stockbefestigungen und zwei Flaschenhalter runden die speziell f\u00fcr die Berge konzipierte Ausstattung ab.   <\/p>\n<p><span style=\"color: #1b1919; font-size: 22px;\">Funktionen<\/span><\/p>\n<div class=\"pds__accordion-wrapper\">\n<div id=\"pds__accordion-features-wrapper\" class=\"pds__accordion-features-multi-target collapse show\" data-partial-multi-target=\"true\" data-parent=\"#pds__accordion-features\">\n<div class=\"pb-4\">\n<div class=\"overflow-hidden\">\n<div class=\"wysiwyg\">\n<ul>\n<li>Zugang zum Hauptfach: Vorderseite<\/li>\n<li>H\u00fcfttasche<\/li>\n<li>Befestigung f\u00fcr Masten<\/li>\n<li>Ring f\u00fcr Material<\/li>\n<li>Helm-Befestigungsnetz<\/li>\n<li>Vorbereitung f\u00fcr das Trinksystem<\/li>\n<li>Flaschenhalter innen<\/li>\n<li>Regenschutz<\/li>\n<li>Brustgurtverschluss mit Notfallpfeife<\/li>\n<li>Brillentasche am Schultergurt<\/li>\n<li>Wertsachenfach mit Schl\u00fcsselring<\/li>\n<li>Notfallkarte<\/li>\n<\/ul>\n<\/div>\n<\/div>\n<\/div>\n<\/div>\n<\/div>\n<p>&nbsp;<\/p>\n<p>MATERIAL<\/p>\n<p>POLYAMID POLYESTER 210D HIGH TENACITY: 75% Polyamid (recycelt) + 25% Polyester<\/p>\n<p>&nbsp;<\/p>\n","protected":false},"excerpt":{"rendered":"<p>Die TRAVERSE PURE-Serie wurde entwickelt, um die Berge und alle Bergsteiger zu sch\u00fctzen, ist vielseitig, funktional und hat eine geringe Umweltbelastung. Die Kombination von spinnd\u00fcsengef\u00e4rbten und ungef\u00e4rbten Stoffen reduziert den Einsatz von Wasser und Chemikalien sowie den CO2-Aussto\u00df w\u00e4hrend des Produktionsprozesses. Das robuste Au\u00dfenmaterial besteht zu 75 % aus recyceltem Polyamid.  <\/p>\n<p>Entwickelt f\u00fcr Abenteuer im alpinen Gel\u00e4nde, ist der TRAVERSE PURE 20 dank des COMFORT-CONTACT BACK SYSTEMS ausbalanciert und komfortabel zu tragen. Die Polsterung sorgt f\u00fcr eine konstante Luftzirkulation, w\u00e4hrend die breiten, ergonomischen Schultergurte und der breite H\u00fcftgurt dazu beitragen, die Last gleichm\u00e4\u00dfig zu verteilen. Das Hauptfach des TRAVERSE PURE 20 ist von der Vorderseite des Rucksacks aus zug\u00e4nglich und der Helm kann in der elastischen Fronttasche verstaut werden. Die Au\u00dfentaschen mit Rei\u00dfverschluss, die robusten Seitentaschen, die Innentasche und die H\u00fcfttasche bieten viel Platz, den Sie f\u00fcr Ihre Ausr\u00fcstung ben\u00f6tigen. Die Stockbefestigung, die Materialschlaufen und der Brillenhalter am Schultergurt runden die speziell f\u00fcr die Berge konzipierte Ausstattung perfekt ab. Vielseitig, bequem und funktional, damit du dich zu 100% auf den Berg konzentrieren kannst.     <\/p>\n<p>&nbsp;<\/p>\n<div id=\"pds__accordion-features-heading\" class=\"mb-4 mb-md-35\">\n<h3 class=\"pds__accordion-headline p-relative cursor-pointer p-0 m-0\"><span class=\"d-block p-0 accordion js-accordion-custom-toggle js-accordion-custom-toggle--hide-on-collapse\" tabindex=\"0\" role=\"button\" data-collapse=\"false\" data-target=\"#pds__accordion-features-wrapper\" data-multitarget-disabled-mobile=\"\" aria-expanded=\"true\" aria-controls=\"pds__accordion-features-wrapper\"><span class=\"d-flex justify-content-between align-items-center\"><span class=\"word-break-word\">Funktionen<\/span><i class=\"accordion__icon pds__accordion-icon icon\"><\/i><\/span><\/span><\/h3>\n<\/div>\n<div class=\"pds__accordion-wrapper\">\n<div id=\"pds__accordion-features-wrapper\" class=\"pds__accordion-features-multi-target collapse show\" data-partial-multi-target=\"true\" data-parent=\"#pds__accordion-features\">\n<div class=\"pb-4\">\n<div class=\"overflow-hidden\">\n<div class=\"wysiwyg\">\n<ul>\n<li>Zugang zum Hauptflur: Vorderseite<\/li>\n<li>H\u00fcfttasche<\/li>\n<li>Befestigung f\u00fcr Masten<\/li>\n<li>Ring f\u00fcr Material<\/li>\n<li>Helm-Befestigungsnetz<\/li>\n<li>Vorbereitung f\u00fcr das Trinksystem<\/li>\n<li>Flaschenhalter innen<\/li>\n<li>Regenschutz<\/li>\n<li>Brustgurtverschluss mit Notfallpfeife<\/li>\n<li>Brillentasche am Schultergurt<\/li>\n<li>Wertsachenfach mit Schl\u00fcsselring<\/li>\n<li>Notfallkarte<\/li>\n<\/ul>\n<\/div>\n<p>MATERIAL<\/p>\n<p>POLYAMID POLYESTER 210D HIGH TENACITY: 75% Polyamid (recycelt) + 25% Polyester<\/p>\n<\/div>\n<\/div>\n<\/div>\n<\/div>\n","protected":false},"featured_media":406112,"template":"","meta":{"_seopress_robots_primary_cat":"","_seopress_titles_title":"","_seopress_titles_desc":"","_seopress_robots_index":""},"product_brand":[3663],"product_cat":[150,1409,1703],"product_tag":[],"class_list":{"0":"post-408505","1":"product","2":"type-product","3":"status-publish","4":"has-post-thumbnail","6":"product_brand-ortovox-de","7":"product_cat-ausrustung","8":"product_cat-freizeitausrustung","9":"product_cat-sonstiges","10":"sws-gruppo-abb-libero-de","11":"sws-conto-ricavi-merci-rivendita-abbigliamento-de","12":"sws-gruppo-iva-iva81-de","14":"first","15":"instock","16":"shipping-taxable","17":"purchasable","18":"product-type-simple"},"_links":{"self":[{"href":"https:\/\/lucacastelli.com\/de\/wp-json\/wp\/v2\/product\/408505","targetHints":{"allow":["GET"]}}],"collection":[{"href":"https:\/\/lucacastelli.com\/de\/wp-json\/wp\/v2\/product"}],"about":[{"href":"https:\/\/lucacastelli.com\/de\/wp-json\/wp\/v2\/types\/product"}],"wp:featuredmedia":[{"embeddable":true,"href":"https:\/\/lucacastelli.com\/de\/wp-json\/wp\/v2\/media\/406112"}],"wp:attachment":[{"href":"https:\/\/lucacastelli.com\/de\/wp-json\/wp\/v2\/media?parent=408505"}],"wp:term":[{"taxonomy":"product_brand","embeddable":true,"href":"https:\/\/lucacastelli.com\/de\/wp-json\/wp\/v2\/product_brand?post=408505"},{"taxonomy":"product_cat","embeddable":true,"href":"https:\/\/lucacastelli.com\/de\/wp-json\/wp\/v2\/product_cat?post=408505"},{"taxonomy":"product_tag","embeddable":true,"href":"https:\/\/lucacastelli.com\/de\/wp-json\/wp\/v2\/product_tag?post=408505"}],"curies":[{"name":"wp","href":"https:\/\/api.w.org\/{rel}","templated":true}]}}