{"id":408497,"date":"2025-03-15T22:42:21","date_gmt":"2025-03-15T21:42:21","guid":{"rendered":"https:\/\/lucacastelli.com\/prodotto\/gedrechselte-kastanienstange-durchmesser-12-cm\/"},"modified":"2025-06-29T00:53:14","modified_gmt":"2025-06-28T22:53:14","slug":"gedrechselte-kastanienstange-durchmesser-12-cm","status":"publish","type":"product","link":"https:\/\/lucacastelli.com\/de\/produkt\/gedrechselte-kastanienstange-durchmesser-12-cm\/","title":{"rendered":"Gedrechselter Kastanienmast Durchmesser 12 cm"},"content":{"rendered":"<p data-start=\"68\" data-end=\"98\"><strong data-start=\"68\" data-end=\"96\">Gedrechselter Kastanienmast<\/strong><\/p>\n<p data-start=\"100\" data-end=\"311\">Die gedrechselte Kastanienstange hat einen regelm\u00e4\u00dfigen und gleichm\u00e4\u00dfigen Durchmesser und ist damit praktisch zylindrisch. Er eignet sich besonders f\u00fcr Pr\u00e4zisionsarbeiten. Empfohlen wird eine L\u00e4nge von nicht mehr als 3 Metern.  <\/p>\n<p data-start=\"313\" data-end=\"540\">Diese Stangen werden mit speziellen Maschinen bearbeitet: Der nat\u00fcrliche Mast wird zun\u00e4chst in einen Balken verwandelt und dann gedreht. Durch dieses Verfahren wird das Risiko von Verformungen im Laufe der Zeit deutlich reduziert. <\/p>\n<p data-start=\"542\" data-end=\"735\"><strong data-start=\"542\" data-end=\"557\">Achtung:<\/strong> Die Stange kann Tannin freisetzen. Es wird empfohlen, besonders auf benachbarte Materialien zu achten, da Tannin sie verf\u00e4rben oder ihre Integrit\u00e4t beeintr\u00e4chtigen kann. <\/p>\n<p data-start=\"542\" data-end=\"735\">F\u00fcr eine m\u00f6gliche Lieferung nach Hause k\u00f6nnen wir auf Anfrage ein Angebot erstellen.<\/p>\n<p data-start=\"542\" data-end=\"735\">F\u00fcr weitere Informationen kontaktieren Sie uns bitte per E-Mail unter:<\/p>\n<p data-start=\"542\" data-end=\"735\"><a rel=\"noopener\" data-start=\"280\" data-end=\"302\">info@lucacastellisa.ch<\/a><\/p>\n","protected":false},"excerpt":{"rendered":"<p>Gedrechselter Kastanienmast Die gedrechselte Kastanienstange hat einen regelm\u00e4\u00dfigen und gleichm\u00e4\u00dfigen Durchmesser und ist damit praktisch zylindrisch. Er eignet sich besonders<\/p>\n","protected":false},"featured_media":406034,"template":"","meta":{"_seopress_robots_primary_cat":"","_seopress_titles_title":"","_seopress_titles_desc":"","_seopress_robots_index":""},"product_brand":[3651],"product_cat":[1830,1851],"product_tag":[],"class_list":{"0":"post-408497","1":"product","2":"type-product","3":"status-publish","4":"has-post-thumbnail","6":"product_brand-luca-castelli-legnami-de","7":"product_cat-holz-granit","8":"product_cat-torniti-de","9":"sws-gruppo-attrezz-de","10":"sws-conto-ricavi-merci-rivendita-legname-de","11":"sws-gruppo-iva-iva81-de","13":"first","14":"instock","15":"shipping-taxable","16":"purchasable","17":"product-type-variable"},"_links":{"self":[{"href":"https:\/\/lucacastelli.com\/de\/wp-json\/wp\/v2\/product\/408497","targetHints":{"allow":["GET"]}}],"collection":[{"href":"https:\/\/lucacastelli.com\/de\/wp-json\/wp\/v2\/product"}],"about":[{"href":"https:\/\/lucacastelli.com\/de\/wp-json\/wp\/v2\/types\/product"}],"wp:featuredmedia":[{"embeddable":true,"href":"https:\/\/lucacastelli.com\/de\/wp-json\/wp\/v2\/media\/406034"}],"wp:attachment":[{"href":"https:\/\/lucacastelli.com\/de\/wp-json\/wp\/v2\/media?parent=408497"}],"wp:term":[{"taxonomy":"product_brand","embeddable":true,"href":"https:\/\/lucacastelli.com\/de\/wp-json\/wp\/v2\/product_brand?post=408497"},{"taxonomy":"product_cat","embeddable":true,"href":"https:\/\/lucacastelli.com\/de\/wp-json\/wp\/v2\/product_cat?post=408497"},{"taxonomy":"product_tag","embeddable":true,"href":"https:\/\/lucacastelli.com\/de\/wp-json\/wp\/v2\/product_tag?post=408497"}],"curies":[{"name":"wp","href":"https:\/\/api.w.org\/{rel}","templated":true}]}}