{"id":408495,"date":"2025-03-17T20:51:11","date_gmt":"2025-03-17T19:51:11","guid":{"rendered":"https:\/\/lucacastelli.com\/prodotto\/ortovox-traverse-pure-20-grau-marmoriert\/"},"modified":"2026-04-17T23:26:57","modified_gmt":"2026-04-17T21:26:57","slug":"ortovox-traverse-pure-20-grau-marmoriert","status":"publish","type":"product","link":"https:\/\/lucacastelli.com\/de\/produkt\/ortovox-traverse-pure-20-grau-marmoriert\/","title":{"rendered":"ORTOVOX TRAVERSE PURE 20 Grey marble"},"content":{"rendered":"<h2 id=\"toc-entry-target-1\" class=\"js-toc__title pds__detail-headline\">EIN VIELSEITIGER RUCKSACK F\u00dcR IHRE ALPINEN ABENTEUER<\/h2>\n<h3>Vielseitiger, bequemer und funktionaler Rucksack f\u00fcr alpine Touren<\/h3>\n<p>&nbsp;<\/p>\n<div class=\"pds__accordion-wrapper\">\n<div id=\"pds__accordion-features-wrapper\" class=\"pds__accordion-features-multi-target collapse show\" data-partial-multi-target=\"true\" data-parent=\"#pds__accordion-features\">\n<div class=\"pb-4\">\n<div class=\"overflow-hidden\">\n<div id=\"pds__accordion-additional-info-toggle\" class=\"gradient-before d-none d-md-block\">\n<div class=\"mb-0 d-flex justify-content-center\"><\/div>\n<\/div>\n<\/div>\n<\/div>\n<\/div>\n<\/div>\n","protected":false},"excerpt":{"rendered":"<p>Die TRAVERSE PURE Serie wurde entwickelt, um die Berge und alle Bergsteiger und Bergsteigerinnen zu sch\u00fctzen. Sie ist vielseitig, funktional und hat eine geringe Umweltbelastung. Die Kombination aus massgef\u00e4rbten (solution dyed) und ungef\u00e4rbten (non dyed) Stoffen reduziert den Wasser- und Chemikalienverbrauch sowie die CO2-Emissionen w\u00e4hrend des Herstellungsprozesses.  Das robuste Aussenmaterial besteht zu 75 % aus recyceltem Polyamid.<\/p>\n<p>Der TRAVERSE PURE 20 wurde f\u00fcr Abenteuer in alpinem Gel\u00e4nde entwickelt und ist dank des COMFORT-CONTACT BACK SYSTEM ausgewogen und angenehm zu tragen. Die Polsterungen sorgen f\u00fcr eine konstante Luftzirkulation, w\u00e4hrend die breiten, ergonomischen Schultergurte und der breite H\u00fcftgurt zur gleichm\u00e4ssigen Lastverteilung beitragen. Das Hauptfach des TRAVERSE PURE 20 ist von vorne zug\u00e4nglich und der Helm kann in der elastischen Fronttasche verstaut werden. Die Aussentaschen mit Reissverschluss, die robusten Seitentaschen, die Innentasche und die H\u00fcfttasche bieten ausreichend Platz f\u00fcr die Ausr\u00fcstung. Die Stockbefestigung, die Materialschlaufen und das Brillenfach am Schultergurt runden die speziell f\u00fcr die Berge konzipierten Eigenschaften perfekt ab. Vielseitig, bequem und funktional, damit Sie sich zu 100 % auf die Berge konzentrieren k\u00f6nnen.     <\/p>\n<p>&nbsp;<\/p>\n<div id=\"pds__accordion-features-heading\" class=\"mb-4 mb-md-35\">\n<h3 class=\"pds__accordion-headline p-relative cursor-pointer p-0 m-0\"><span class=\"d-block p-0 accordion js-accordion-custom-toggle js-accordion-custom-toggle--hide-on-collapse\" role=\"button\" data-collapse=\"false\" data-target=\"#pds__accordion-features-wrapper\" data-multitarget-disabled-mobile=\"\" aria-expanded=\"true\" aria-controls=\"pds__accordion-features-wrapper\"><span class=\"d-flex justify-content-between align-items-center\"><span class=\"word-break-word\">Eigenschaften<\/span><i class=\"accordion__icon pds__accordion-icon icon\"><\/i><\/span><\/span><\/h3>\n<\/div>\n<div class=\"pds__accordion-wrapper\">\n<div id=\"pds__accordion-features-wrapper\" class=\"pds__accordion-features-multi-target collapse show\" data-partial-multi-target=\"true\" data-parent=\"#pds__accordion-features\">\n<div class=\"pb-4\">\n<div class=\"overflow-hidden\">\n<div class=\"wysiwyg\">\n<ul>\n<li>Zugang zum Hauptfach: Frontal<\/li>\n<li>Seitentasche<\/li>\n<li>Stockhalterung<\/li>\n<li>Materialschlaufe<\/li>\n<li>Helmhalterung<\/li>\n<li>Trinksystemvorbereitung<\/li>\n<li>Flaschenhalterung innen<\/li>\n<li>Regenschutz<\/li>\n<li>Brustgurt mit Notfallpfeife<\/li>\n<li>Brillenfach am Schultergurt<\/li>\n<li>Wertsachenfach mit Schl\u00fcsselhalter<\/li>\n<li>Notfallkarte<\/li>\n<\/ul>\n<\/div>\n<p>MATERIAL<\/p>\n<p>POLYAMID POLYESTER 210D HIGH TENACITY: 75 % Polyamid (recycelt) + 25 % Polyester<\/p>\n<\/div>\n<\/div>\n<\/div>\n<\/div>\n","protected":false},"featured_media":406094,"template":"","meta":{"_seopress_robots_primary_cat":"none","_seopress_titles_title":"","_seopress_titles_desc":"","_seopress_robots_index":""},"product_brand":[3663],"product_cat":[150,1409,1703],"product_tag":[],"class_list":{"0":"post-408495","1":"product","2":"type-product","3":"status-publish","4":"has-post-thumbnail","6":"product_brand-ortovox-de","7":"product_cat-ausrustung","8":"product_cat-freizeitausrustung","9":"product_cat-sonstiges","10":"sws-gruppo-abb-libero-de","11":"sws-conto-ricavi-merci-rivendita-abbigliamento-de","12":"sws-gruppo-iva-iva81-de","14":"first","15":"instock","16":"shipping-taxable","17":"purchasable","18":"product-type-simple"},"_links":{"self":[{"href":"https:\/\/lucacastelli.com\/de\/wp-json\/wp\/v2\/product\/408495","targetHints":{"allow":["GET"]}}],"collection":[{"href":"https:\/\/lucacastelli.com\/de\/wp-json\/wp\/v2\/product"}],"about":[{"href":"https:\/\/lucacastelli.com\/de\/wp-json\/wp\/v2\/types\/product"}],"wp:featuredmedia":[{"embeddable":true,"href":"https:\/\/lucacastelli.com\/de\/wp-json\/wp\/v2\/media\/406094"}],"wp:attachment":[{"href":"https:\/\/lucacastelli.com\/de\/wp-json\/wp\/v2\/media?parent=408495"}],"wp:term":[{"taxonomy":"product_brand","embeddable":true,"href":"https:\/\/lucacastelli.com\/de\/wp-json\/wp\/v2\/product_brand?post=408495"},{"taxonomy":"product_cat","embeddable":true,"href":"https:\/\/lucacastelli.com\/de\/wp-json\/wp\/v2\/product_cat?post=408495"},{"taxonomy":"product_tag","embeddable":true,"href":"https:\/\/lucacastelli.com\/de\/wp-json\/wp\/v2\/product_tag?post=408495"}],"curies":[{"name":"wp","href":"https:\/\/api.w.org\/{rel}","templated":true}]}}