{"id":408477,"date":"2025-03-15T22:37:37","date_gmt":"2025-03-15T21:37:37","guid":{"rendered":"https:\/\/lucacastelli.com\/prodotto\/gedrechselte-kastanienstange-durchmesser-10-cm\/"},"modified":"2026-04-17T13:36:20","modified_gmt":"2026-04-17T11:36:20","slug":"gedrechselte-kastanienstange-durchmesser-10-cm","status":"publish","type":"product","link":"https:\/\/lucacastelli.com\/de\/produkt\/gedrechselte-kastanienstange-durchmesser-10-cm\/","title":{"rendered":"Gedrechselter Kastanienpfahl Durchmesser 10 cm"},"content":{"rendered":"<p data-start=\"68\" data-end=\"98\"><strong data-start=\"68\" data-end=\"96\">Gedrechselter Kastanienpfahl<\/strong><\/p>\n<p data-start=\"100\" data-end=\"311\">Der gedrechselte Kastanienpfahl weist einen regelm\u00e4ssigen und gleichm\u00e4ssigen Durchmesser auf und ist praktisch zylindrisch. Er eignet sich besonders f\u00fcr Pr\u00e4zisionsarbeiten. Es wird eine L\u00e4nge von maximal 3 Metern empfohlen.  <\/p>\n<p data-start=\"313\" data-end=\"540\">Diese Pf\u00e4hle werden mit spezialisierten Maschinen bearbeitet: Der nat\u00fcrliche Pfahl wird zun\u00e4chst in einen Balken umgewandelt und anschliessend gedrechselt. Dieser Prozess reduziert das Risiko von Verformungen im Laufe der Zeit erheblich. <\/p>\n<p data-start=\"542\" data-end=\"735\"><strong data-start=\"542\" data-end=\"557\">Achtung:<\/strong> Der Pfahl kann Tannin abgeben. Es wird empfohlen, besondere Aufmerksamkeit auf angrenzende Materialien zu richten, da das Tannin diese verf\u00e4rben oder deren Unversehrtheit beeintr\u00e4chtigen k\u00f6nnte. <\/p>\n<p data-start=\"542\" data-end=\"735\">F\u00fcr eine eventuelle Lieferung nach Hause k\u00f6nnen wir Ihnen auf Anfrage ein Angebot unterbreiten.<\/p>\n<p data-start=\"542\" data-end=\"735\">F\u00fcr weitere Informationen kontaktieren Sie uns per E-Mail unter:<\/p>\n<p data-start=\"542\" data-end=\"735\"><a rel=\"noopener\" data-start=\"280\" data-end=\"302\">info@lucacastellisa.ch<\/a><\/p>\n","protected":false},"excerpt":{"rendered":"<p>Gedrechselter Kastanienpfahl Der gedrechselte Kastanienpfahl weist einen regelm\u00e4ssigen und gleichm\u00e4ssigen Durchmesser auf und ist praktisch zylindrisch. Er eignet sich besonders<\/p>\n","protected":false},"featured_media":406034,"template":"","meta":{"_seopress_robots_primary_cat":"none","_seopress_titles_title":"","_seopress_titles_desc":"","_seopress_robots_index":""},"product_brand":[3651],"product_cat":[1830,1851],"product_tag":[],"class_list":{"0":"post-408477","1":"product","2":"type-product","3":"status-publish","4":"has-post-thumbnail","6":"product_brand-luca-castelli-legnami-de","7":"product_cat-holz-granit","8":"product_cat-torniti-de","9":"sws-gruppo-attrezz-de","10":"sws-conto-ricavi-merci-rivendita-legname-de","11":"sws-gruppo-iva-iva81-de","13":"first","14":"instock","15":"shipping-taxable","16":"purchasable","17":"product-type-variable"},"_links":{"self":[{"href":"https:\/\/lucacastelli.com\/de\/wp-json\/wp\/v2\/product\/408477","targetHints":{"allow":["GET"]}}],"collection":[{"href":"https:\/\/lucacastelli.com\/de\/wp-json\/wp\/v2\/product"}],"about":[{"href":"https:\/\/lucacastelli.com\/de\/wp-json\/wp\/v2\/types\/product"}],"wp:featuredmedia":[{"embeddable":true,"href":"https:\/\/lucacastelli.com\/de\/wp-json\/wp\/v2\/media\/406034"}],"wp:attachment":[{"href":"https:\/\/lucacastelli.com\/de\/wp-json\/wp\/v2\/media?parent=408477"}],"wp:term":[{"taxonomy":"product_brand","embeddable":true,"href":"https:\/\/lucacastelli.com\/de\/wp-json\/wp\/v2\/product_brand?post=408477"},{"taxonomy":"product_cat","embeddable":true,"href":"https:\/\/lucacastelli.com\/de\/wp-json\/wp\/v2\/product_cat?post=408477"},{"taxonomy":"product_tag","embeddable":true,"href":"https:\/\/lucacastelli.com\/de\/wp-json\/wp\/v2\/product_tag?post=408477"}],"curies":[{"name":"wp","href":"https:\/\/api.w.org\/{rel}","templated":true}]}}