{"id":408469,"date":"2025-03-15T21:55:22","date_gmt":"2025-03-15T20:55:22","guid":{"rendered":"https:\/\/lucacastelli.com\/prodotto\/distel-steigeisen-stahl-weaver\/"},"modified":"2025-06-28T23:36:36","modified_gmt":"2025-06-28T21:36:36","slug":"distel-steigeisen-stahl-weaver","status":"publish","type":"product","link":"https:\/\/lucacastelli.com\/de\/produkt\/distel-steigeisen-stahl-weaver\/","title":{"rendered":"Distel Steigeisen Stahl Weaver"},"content":{"rendered":"<p>Die Stahl Weaver Steigeisen von Distel \u00fcberzeugen mit einem Stahlschaft. Dank des hervorragenden Preis-Leistungs-Verh\u00e4ltnisses sind sie vor allem f\u00fcr Kletteranf\u00e4nger die perfekte Wahl. Die fein strukturierte schwarze Pulverbeschichtung erh\u00f6ht die Schlag- und Kratzfestigkeit und sorgt f\u00fcr eine lange Lebensdauer. Zusammen mit dem gro\u00dfen Polster schmiegt sich die vorgeformte Gfk-Schale bequem an die Wade an. Das Distel Alu Weaver Steigeisen verf\u00fcgt \u00fcber ein robustes Kunstlederband am Fu\u00df, das besonders widerstandsf\u00e4hig gegen Harz und S\u00e4gesp\u00e4ne ist. Velcro-Riemen oben.     <\/p>\n<ul>\n<li>Velcro-Gurt minimiert das Risiko von Druckstellen<\/li>\n<li>Kunstlederriemen am Fu\u00df<\/li>\n<li>Verstellbare Stangenh\u00f6he von 40 bis 51 cm<\/li>\n<li>Gewicht 2530 g<\/li>\n<\/ul>\n","protected":false},"excerpt":{"rendered":"<p>Die Stahl Weaver Steigeisen von Distel \u00fcberzeugen mit einem Stahlschaft. Dank des hervorragenden Preis-Leistungs-Verh\u00e4ltnisses sind sie vor allem f\u00fcr Kletteranf\u00e4nger<\/p>\n","protected":false},"featured_media":406017,"template":"","meta":{"_seopress_robots_primary_cat":"","_seopress_titles_title":"","_seopress_titles_desc":"","_seopress_robots_index":""},"product_brand":[3624],"product_cat":[150,1396,1403],"product_tag":[],"class_list":{"0":"post-408469","1":"product","2":"type-product","3":"status-publish","4":"has-post-thumbnail","6":"product_brand-distel-de","7":"product_cat-ausrustung","8":"product_cat-arbeitsausrustung","9":"product_cat-auffanggurte-und-sicherheitsausrustung","10":"sws-gruppo-abb-libero-de","11":"sws-conto-ricavi-merci-rivendita-abbigliamento-de","12":"sws-gruppo-iva-iva81-de","14":"first","15":"instock","16":"sale","17":"shipping-taxable","18":"purchasable","19":"product-type-variable"},"_links":{"self":[{"href":"https:\/\/lucacastelli.com\/de\/wp-json\/wp\/v2\/product\/408469","targetHints":{"allow":["GET"]}}],"collection":[{"href":"https:\/\/lucacastelli.com\/de\/wp-json\/wp\/v2\/product"}],"about":[{"href":"https:\/\/lucacastelli.com\/de\/wp-json\/wp\/v2\/types\/product"}],"wp:featuredmedia":[{"embeddable":true,"href":"https:\/\/lucacastelli.com\/de\/wp-json\/wp\/v2\/media\/406017"}],"wp:attachment":[{"href":"https:\/\/lucacastelli.com\/de\/wp-json\/wp\/v2\/media?parent=408469"}],"wp:term":[{"taxonomy":"product_brand","embeddable":true,"href":"https:\/\/lucacastelli.com\/de\/wp-json\/wp\/v2\/product_brand?post=408469"},{"taxonomy":"product_cat","embeddable":true,"href":"https:\/\/lucacastelli.com\/de\/wp-json\/wp\/v2\/product_cat?post=408469"},{"taxonomy":"product_tag","embeddable":true,"href":"https:\/\/lucacastelli.com\/de\/wp-json\/wp\/v2\/product_tag?post=408469"}],"curies":[{"name":"wp","href":"https:\/\/api.w.org\/{rel}","templated":true}]}}