{"id":408451,"date":"2025-03-15T21:50:39","date_gmt":"2025-03-15T20:50:39","guid":{"rendered":"https:\/\/lucacastelli.com\/prodotto\/distel-steigeisen-stahl-komfort\/"},"modified":"2025-06-28T23:36:24","modified_gmt":"2025-06-28T21:36:24","slug":"distel-steigeisen-stahl-komfort","status":"publish","type":"product","link":"https:\/\/lucacastelli.com\/de\/produkt\/distel-steigeisen-stahl-komfort\/","title":{"rendered":"Distel Steigeisen Stahl Komfort"},"content":{"rendered":"<p>Die Stahl Komfort Steigeisen von Distel sind die ersten Steigeisen mit Stahlschaft. Durch das hervorragende Preis-Leistungs-Verh\u00e4ltnis sind sie vor allem f\u00fcr Kletteranf\u00e4nger eine gute Wahl. Wie alle Distel Steigeisen besticht auch der Stahl Komfort durch seine hohe Qualit\u00e4t. Die fein strukturierte schwarze Pulverbeschichtung erh\u00f6ht die Schlag- und Kratzfestigkeit und sorgt f\u00fcr eine lange Lebensdauer. Zusammen mit dem gro\u00dfen Polster schmiegt sich die vorgeformte Gfk-Schale bequem an die Wade an. Das Stahl Komfort Steigeisen von Distel ist oben und unten mit Velcro-Gurten ausgestattet.     <\/p>\n<ul>\n<li>Velcro-Gurte minimieren das Risiko von Druckstellen<\/li>\n<li>Verstellbare Fersen- und Ristriemen f\u00fcr eine spielfreie Anpassung<\/li>\n<li>Verstellbare Schafth\u00f6he von 40 bis 51 cm<\/li>\n<li>Gewicht 2390 g<\/li>\n<\/ul>\n","protected":false},"excerpt":{"rendered":"<p>Die Stahl Komfort Steigeisen von Distel sind die ersten Steigeisen mit Stahlschaft. Durch das hervorragende Preis-Leistungs-Verh\u00e4ltnis sind sie vor allem<\/p>\n","protected":false},"featured_media":406006,"template":"","meta":{"_seopress_robots_primary_cat":"","_seopress_titles_title":"","_seopress_titles_desc":"","_seopress_robots_index":""},"product_brand":[3624],"product_cat":[150,1396,1403],"product_tag":[],"class_list":{"0":"post-408451","1":"product","2":"type-product","3":"status-publish","4":"has-post-thumbnail","6":"product_brand-distel-de","7":"product_cat-ausrustung","8":"product_cat-arbeitsausrustung","9":"product_cat-auffanggurte-und-sicherheitsausrustung","10":"sws-gruppo-abb-libero-de","11":"sws-conto-ricavi-merci-rivendita-abbigliamento-de","12":"sws-gruppo-iva-iva81-de","14":"first","15":"instock","16":"sale","17":"shipping-taxable","18":"purchasable","19":"product-type-variable"},"_links":{"self":[{"href":"https:\/\/lucacastelli.com\/de\/wp-json\/wp\/v2\/product\/408451","targetHints":{"allow":["GET"]}}],"collection":[{"href":"https:\/\/lucacastelli.com\/de\/wp-json\/wp\/v2\/product"}],"about":[{"href":"https:\/\/lucacastelli.com\/de\/wp-json\/wp\/v2\/types\/product"}],"wp:featuredmedia":[{"embeddable":true,"href":"https:\/\/lucacastelli.com\/de\/wp-json\/wp\/v2\/media\/406006"}],"wp:attachment":[{"href":"https:\/\/lucacastelli.com\/de\/wp-json\/wp\/v2\/media?parent=408451"}],"wp:term":[{"taxonomy":"product_brand","embeddable":true,"href":"https:\/\/lucacastelli.com\/de\/wp-json\/wp\/v2\/product_brand?post=408451"},{"taxonomy":"product_cat","embeddable":true,"href":"https:\/\/lucacastelli.com\/de\/wp-json\/wp\/v2\/product_cat?post=408451"},{"taxonomy":"product_tag","embeddable":true,"href":"https:\/\/lucacastelli.com\/de\/wp-json\/wp\/v2\/product_tag?post=408451"}],"curies":[{"name":"wp","href":"https:\/\/api.w.org\/{rel}","templated":true}]}}