{"id":408431,"date":"2025-03-15T21:45:17","date_gmt":"2025-03-15T20:45:17","guid":{"rendered":"https:\/\/lucacastelli.com\/prodotto\/distel-steigeisen-carbon-3-1-komfort\/"},"modified":"2025-06-28T23:36:27","modified_gmt":"2025-06-28T21:36:27","slug":"distel-steigeisen-carbon-3-1-komfort","status":"publish","type":"product","link":"https:\/\/lucacastelli.com\/de\/produkt\/distel-steigeisen-carbon-3-1-komfort\/","title":{"rendered":"Distel Steigeisen Carbon 3.1 Komfort"},"content":{"rendered":"<p>Die besten Distel Carbon 3.1 Komfort Steigeisen gibt es hier in einer speziellen Ausf\u00fchrung. Das Material wurde speziell entwickelt: Eine spezielle Polycarbonatmischung sorgt f\u00fcr eine hohe Belastbarkeit und Langlebigkeit. Dar\u00fcber hinaus sorgen die unidirektionalen Carbonfasern f\u00fcr eine hohe Bruchfestigkeit. Die 47 mm breite Auflagefl\u00e4che und der ergonomische Schaft sorgen f\u00fcr angenehmen Tragekomfort. Das Profil wird durch eine Vibram-Gummisohle gesch\u00fctzt. In Kombination mit dem gro\u00dfen, optimierten Polster liegt die vorgeformte Schale besonders angenehm an der Wade. Der 20 mm dicke Schaumstoff mit seiner Gitterstruktur reduziert Druckstellen und federt St\u00f6\u00dfe ab. Zus\u00e4tzlich reduziert das 100 mm breite Velcro-Band das Risiko von Druckstellen. Der Wadenumfang kann von 31 bis 50 cm eingestellt werden. Zudem kann je nach Wadenl\u00e4nge die H\u00f6he des Schaftes individuell von 34,3 bis 47,8 cm angepasst werden.<br \/>\nDank des Velcro-Riemens am Fu\u00df gelingt dir eine stabile und absolut spielfreie Einstellung. M\u00f6glich wird dies durch die beiden verstellbaren Riemen an Ferse und Spann. Selbstverst\u00e4ndlich sind alle angebotenen Ersatzpins geeignet. Gewicht 1730 g.            <\/p>\n","protected":false},"excerpt":{"rendered":"<p>Die besten Distel Carbon 3.1 Komfort Steigeisen gibt es hier in einer speziellen Ausf\u00fchrung. Das Material wurde speziell entwickelt: Eine<\/p>\n","protected":false},"featured_media":405994,"template":"","meta":{"_seopress_robots_primary_cat":"","_seopress_titles_title":"","_seopress_titles_desc":"","_seopress_robots_index":""},"product_brand":[3624],"product_cat":[150,1396,1403],"product_tag":[],"class_list":{"0":"post-408431","1":"product","2":"type-product","3":"status-publish","4":"has-post-thumbnail","6":"product_brand-distel-de","7":"product_cat-ausrustung","8":"product_cat-arbeitsausrustung","9":"product_cat-auffanggurte-und-sicherheitsausrustung","10":"sws-gruppo-abb-libero-de","11":"sws-conto-ricavi-merci-rivendita-abbigliamento-de","12":"sws-gruppo-iva-iva81-de","14":"first","15":"instock","16":"sale","17":"shipping-taxable","18":"purchasable","19":"product-type-variable"},"_links":{"self":[{"href":"https:\/\/lucacastelli.com\/de\/wp-json\/wp\/v2\/product\/408431","targetHints":{"allow":["GET"]}}],"collection":[{"href":"https:\/\/lucacastelli.com\/de\/wp-json\/wp\/v2\/product"}],"about":[{"href":"https:\/\/lucacastelli.com\/de\/wp-json\/wp\/v2\/types\/product"}],"wp:featuredmedia":[{"embeddable":true,"href":"https:\/\/lucacastelli.com\/de\/wp-json\/wp\/v2\/media\/405994"}],"wp:attachment":[{"href":"https:\/\/lucacastelli.com\/de\/wp-json\/wp\/v2\/media?parent=408431"}],"wp:term":[{"taxonomy":"product_brand","embeddable":true,"href":"https:\/\/lucacastelli.com\/de\/wp-json\/wp\/v2\/product_brand?post=408431"},{"taxonomy":"product_cat","embeddable":true,"href":"https:\/\/lucacastelli.com\/de\/wp-json\/wp\/v2\/product_cat?post=408431"},{"taxonomy":"product_tag","embeddable":true,"href":"https:\/\/lucacastelli.com\/de\/wp-json\/wp\/v2\/product_tag?post=408431"}],"curies":[{"name":"wp","href":"https:\/\/api.w.org\/{rel}","templated":true}]}}