{"id":408412,"date":"2025-03-15T21:39:11","date_gmt":"2025-03-15T20:39:11","guid":{"rendered":"https:\/\/lucacastelli.com\/prodotto\/distel-steigeisen-carbon-3-1-klassisch\/"},"modified":"2025-06-28T23:36:23","modified_gmt":"2025-06-28T21:36:23","slug":"distel-steigeisen-carbon-3-1-klassisch","status":"publish","type":"product","link":"https:\/\/lucacastelli.com\/de\/produkt\/distel-steigeisen-carbon-3-1-klassisch\/","title":{"rendered":"Distel Steigeisen Carbon 3.1 Classic"},"content":{"rendered":"<p>Die Premium-Steigeisen Distel Carbon 3.1 Classic, eine Weiterentwicklung der bekannten Distel Carbon Steigeisen, sind hier in einer speziellen Ausf\u00fchrung erh\u00e4ltlich. Eine spezielle Polycarbonatmischung sorgt f\u00fcr eine hohe Belastbarkeit und Langlebigkeit. Dar\u00fcber hinaus sorgen die unidirektionalen Carbonfasern f\u00fcr eine hohe Bruchfestigkeit. Die 47 mm breite Ablagefl\u00e4che und der ergonomisch geformte Schaft sorgen f\u00fcr angenehmen Komfort. Das Profil wird durch eine Vibram-Gummisohle gesch\u00fctzt. In Kombination mit dem breiten, optimierten Polster liegt die vorgeformte Schale besonders angenehm an der Wade. Der 20 mm dicke Schaumstoff mit seiner Gitterstruktur reduziert Druckstellen und federt St\u00f6\u00dfe ab. Zus\u00e4tzlich reduziert das 100 mm breite Velcro-Band das Risiko von Druckstellen. Der Wadenumfang kann von 31 bis 50 cm eingestellt werden. Zudem kann je nach Wadenl\u00e4nge die H\u00f6he des Schaftes individuell von 34,3 bis 47,8 cm angepasst werden.<br \/>\nDiese Steigeisen haben ein sehr robustes Kunstlederband am Fu\u00df, das besonders widerstandsf\u00e4hig gegen Harz und S\u00e4gemehl ist. Selbstverst\u00e4ndlich sind alle angebotenen Ersatzpins geeignet. Gewicht 1870 g.           <\/p>\n","protected":false},"excerpt":{"rendered":"<p>Die Premium-Steigeisen Distel Carbon 3.1 Classic, eine Weiterentwicklung der bekannten Distel Carbon Steigeisen, sind hier in einer speziellen Ausf\u00fchrung erh\u00e4ltlich.<\/p>\n","protected":false},"featured_media":405939,"template":"","meta":{"_seopress_robots_primary_cat":"","_seopress_titles_title":"","_seopress_titles_desc":"","_seopress_robots_index":""},"product_brand":[3624],"product_cat":[150,1396,1403],"product_tag":[],"class_list":{"0":"post-408412","1":"product","2":"type-product","3":"status-publish","4":"has-post-thumbnail","6":"product_brand-distel-de","7":"product_cat-ausrustung","8":"product_cat-arbeitsausrustung","9":"product_cat-auffanggurte-und-sicherheitsausrustung","10":"sws-gruppo-abb-libero-de","11":"sws-conto-ricavi-merci-rivendita-abbigliamento-de","12":"sws-gruppo-iva-iva81-de","14":"first","15":"instock","16":"sale","17":"shipping-taxable","18":"purchasable","19":"product-type-variable"},"_links":{"self":[{"href":"https:\/\/lucacastelli.com\/de\/wp-json\/wp\/v2\/product\/408412","targetHints":{"allow":["GET"]}}],"collection":[{"href":"https:\/\/lucacastelli.com\/de\/wp-json\/wp\/v2\/product"}],"about":[{"href":"https:\/\/lucacastelli.com\/de\/wp-json\/wp\/v2\/types\/product"}],"wp:featuredmedia":[{"embeddable":true,"href":"https:\/\/lucacastelli.com\/de\/wp-json\/wp\/v2\/media\/405939"}],"wp:attachment":[{"href":"https:\/\/lucacastelli.com\/de\/wp-json\/wp\/v2\/media?parent=408412"}],"wp:term":[{"taxonomy":"product_brand","embeddable":true,"href":"https:\/\/lucacastelli.com\/de\/wp-json\/wp\/v2\/product_brand?post=408412"},{"taxonomy":"product_cat","embeddable":true,"href":"https:\/\/lucacastelli.com\/de\/wp-json\/wp\/v2\/product_cat?post=408412"},{"taxonomy":"product_tag","embeddable":true,"href":"https:\/\/lucacastelli.com\/de\/wp-json\/wp\/v2\/product_tag?post=408412"}],"curies":[{"name":"wp","href":"https:\/\/api.w.org\/{rel}","templated":true}]}}