{"id":408385,"date":"2025-03-15T21:18:23","date_gmt":"2025-03-15T20:18:23","guid":{"rendered":"https:\/\/lucacastelli.com\/prodotto\/distel-steigeisen-alu-plus-komfort\/"},"modified":"2025-06-28T23:36:09","modified_gmt":"2025-06-28T21:36:09","slug":"distel-steigeisen-alu-plus-komfort","status":"publish","type":"product","link":"https:\/\/lucacastelli.com\/de\/produkt\/distel-steigeisen-alu-plus-komfort\/","title":{"rendered":"Distel Steigeisen Alu Plus Komfort"},"content":{"rendered":"<p>Stabilit\u00e4t, Leichtigkeit, Sicherheit und Ergonomie waren die Reisebegleiter bei der Entwicklung dieses Steigeisens. Das Ergebnis ist ein gesenkgeschmiedeter Aluminiumschaft von DMM, der seinesgleichen sucht.<br \/>\nDer leicht abgewinkelte Schaft \u00fcbertr\u00e4gt die Last direkt auf die Spitzen der Steigeisen und die 45 mm breite Fu\u00dfplatte verteilt die Last gleichm\u00e4\u00dfig unter dem Mittelfu\u00dfknochen. Zus\u00e4tzlich ist der Stiel im Fu\u00dfbereich leicht verbreitert. Das Ergebnis ist ein komfortables Steigeisen, das eine noch l\u00e4ngere Lebensdauer erm\u00f6glicht.<br \/>\nIn Kombination mit dem gro\u00dfen, optimierten Polster liegt die vorgeformte Schale aus Gfk besonders angenehm an der Wade. Zus\u00e4tzlich reduziert das 100 mm breite Velcro-Band das Risiko von Druckstellen.<br \/>\nJe nach Wadenl\u00e4nge kann die H\u00f6he des Schaftes individuell von 40 bis 51 cm eingestellt werden. Der Velcro-Riemen am Fu\u00df erm\u00f6glicht eine feste und absolut spielfreie Anpassung. M\u00f6glich wird dies durch die beiden verstellbaren Riemen an Ferse und Spann<br \/>\n.Selbstverst\u00e4ndlich sind alle angebotenen Ersatzpins geeignet. Ausf\u00fchrung mit dreieckigem Stift America. Gewicht 2010 g.        <\/p>\n","protected":false},"excerpt":{"rendered":"<p>Stabilit\u00e4t, Leichtigkeit, Sicherheit und Ergonomie waren die Reisebegleiter bei der Entwicklung dieses Steigeisens. Das Ergebnis ist ein gesenkgeschmiedeter Aluminiumschaft von<\/p>\n","protected":false},"featured_media":405836,"template":"","meta":{"_seopress_robots_primary_cat":"","_seopress_titles_title":"","_seopress_titles_desc":"","_seopress_robots_index":""},"product_brand":[3624],"product_cat":[150,1396,1403],"product_tag":[],"class_list":{"0":"post-408385","1":"product","2":"type-product","3":"status-publish","4":"has-post-thumbnail","6":"product_brand-distel-de","7":"product_cat-ausrustung","8":"product_cat-arbeitsausrustung","9":"product_cat-auffanggurte-und-sicherheitsausrustung","10":"sws-gruppo-abb-libero-de","11":"sws-conto-ricavi-merci-rivendita-abbigliamento-de","12":"sws-gruppo-iva-iva81-de","14":"first","15":"instock","16":"sale","17":"shipping-taxable","18":"purchasable","19":"product-type-variable"},"_links":{"self":[{"href":"https:\/\/lucacastelli.com\/de\/wp-json\/wp\/v2\/product\/408385","targetHints":{"allow":["GET"]}}],"collection":[{"href":"https:\/\/lucacastelli.com\/de\/wp-json\/wp\/v2\/product"}],"about":[{"href":"https:\/\/lucacastelli.com\/de\/wp-json\/wp\/v2\/types\/product"}],"wp:featuredmedia":[{"embeddable":true,"href":"https:\/\/lucacastelli.com\/de\/wp-json\/wp\/v2\/media\/405836"}],"wp:attachment":[{"href":"https:\/\/lucacastelli.com\/de\/wp-json\/wp\/v2\/media?parent=408385"}],"wp:term":[{"taxonomy":"product_brand","embeddable":true,"href":"https:\/\/lucacastelli.com\/de\/wp-json\/wp\/v2\/product_brand?post=408385"},{"taxonomy":"product_cat","embeddable":true,"href":"https:\/\/lucacastelli.com\/de\/wp-json\/wp\/v2\/product_cat?post=408385"},{"taxonomy":"product_tag","embeddable":true,"href":"https:\/\/lucacastelli.com\/de\/wp-json\/wp\/v2\/product_tag?post=408385"}],"curies":[{"name":"wp","href":"https:\/\/api.w.org\/{rel}","templated":true}]}}