{"id":408346,"date":"2025-04-01T14:18:13","date_gmt":"2025-04-01T12:18:13","guid":{"rendered":"https:\/\/lucacastelli.com\/prodotto\/meindl-malta-walker-lady-boa\/"},"modified":"2025-06-29T00:50:10","modified_gmt":"2025-06-28T22:50:10","slug":"meindl-malta-walker-lady-boa","status":"publish","type":"product","link":"https:\/\/lucacastelli.com\/de\/produkt\/meindl-malta-walker-lady-boa\/","title":{"rendered":"MEINDL MALTA WALKER DAME (BOA)"},"content":{"rendered":"<p>Sportschuhe f\u00fcr Alltag und Freizeit. Mit dem Malta Walker wird Komfort gro\u00df geschrieben. Dank des Comfort Fit Leistens bietet der Freizeitschuh viel Platz im Vorfu\u00dfbereich und ist zudem angenehm gepolstert. Viel Leder, weiches Mesh-Gewebe und nat\u00fcrlich das technische BOA-Schn\u00fcrsystem: Der Malta Walker ist wirklich eine Erw\u00e4hnung wert. Dank der breiten Comfort Fit-Form und der weichen EVA-Zwischensohle ist dieser Halbschuh zudem \u00e4u\u00dferst bequem und bietet mehr Platz im Vorfu\u00dfbereich, sodass er einer Vielzahl unterschiedlicher Fu\u00dftypen passt.    <\/p>\n<p>&nbsp;<\/p>\n<h3>Hochwertige Materialien<\/h3>\n<p>Auch aus qualitativer Sicht ist der Malta Walker Halbschuh absolut bemerkenswert. Der Mix aus robustem Nubukleder und synthetischem Mesh-Gewebe \u00fcberzeugt auf ganzer Linie und macht auf den ersten Blick einen sehr guten Eindruck. Dank der eingebauten Gore-Tex-Membran bleiben Ihre F\u00fc\u00dfe auch bei den st\u00e4rksten Regenschauern trocken.  <\/p>\n<p>Die EVA-Zwischensohle, die dank ihrer d\u00e4mpfenden Eigenschaften Muskeln und Gelenke schont, sorgt f\u00fcr D\u00e4mpfung und einen angenehmen Rebound-Effekt, der Energie spart. Die rutschfeste Gummilaufsohle sorgt f\u00fcr Grip und Traktion auf einer Vielzahl von Oberfl\u00e4chen. <\/p>\n<p><b>Vor- und Nachteile:<\/b><\/p>\n<ul>\n<li>Obermaterial: Nubukleder, Synthetik, Mesh-Gewebe<\/li>\n<li>Futter: Synthetikfutter<\/li>\n<li>Gore-Tex-Membran<\/li>\n<li>Regenmantel<\/li>\n<li>Atmungsaktiv<\/li>\n<li>Atmungsaktiv<\/li>\n<li>BOA-Schn\u00fcrsystem<\/li>\n<li>Herausnehmbare Innensohle<\/li>\n<li>Forma Meindl Comfort Fit<\/li>\n<li>Spielpassung<\/li>\n<li>EVA-Zwischensohle<\/li>\n<li>Rutschfeste Gummisohle<\/li>\n<\/ul>\n<p>&nbsp;<\/p>\n<dl>\n<dt>EU-Ma\u00dfnahme 37<\/dt>\n<dt>Gr\u00f6\u00dfe 4<\/dt>\n<dt>Gewicht: 700 g<\/dt>\n<dt>Gewicht ein Paar der Gr\u00f6\u00dfe 38<\/dt>\n<dt>Getestet: Das Gewicht des Produkts wurde von uns auf Herz und Nieren gepr\u00fcft<\/dt>\n<dt>Passform: Meindl Comfort Fit, lockere Socke<\/dt>\n<\/dl>\n<p>&nbsp;<\/p>\n<dl>\n<dt>Einsatzbereich: T\u00e4glich, Freizeit, Reisen<\/dt>\n<dt>Wasserdichte Membran: Ja<\/dt>\n<dt>Au\u00dfenmaterial: Nubukleder, Synthetik, Mesh-Gewebe<\/dt>\n<dt>Futtermaterial: Synthetik<\/dt>\n<dt>Membran: Gore-Tex<\/dt>\n<\/dl>\n<p>&nbsp;<\/p>\n<dl>\n<dt>Einlegesohle: Synthetik<\/dt>\n<dt>Zwischensohle: EVA<\/dt>\n<dt>Sohle: Gummi, rutschfestes<\/dt>\n<p> Profil<\/p>\n<dt>Reparierbar: Ja<\/dt>\n<dt>Twist: Weich<\/dt>\n<\/dl>\n","protected":false},"excerpt":{"rendered":"<p>Sportschuhe f\u00fcr Alltag und Freizeit. Mit dem Malta Walker wird Komfort gro\u00df geschrieben. Dank des Comfort Fit Leistens bietet der<\/p>\n","protected":false},"featured_media":406661,"template":"","meta":{"_seopress_robots_primary_cat":"","_seopress_titles_title":"","_seopress_titles_desc":"","_seopress_robots_index":""},"product_brand":[3655],"product_cat":[1430,1419,175],"product_tag":[],"class_list":{"0":"post-408346","1":"product","2":"type-product","3":"status-publish","4":"has-post-thumbnail","6":"product_brand-meindl-de","7":"product_cat-damen-schuhe","8":"product_cat-freizeitschuhe","9":"product_cat-schuhe","10":"sws-gruppo-abb-libero-de","11":"sws-conto-ricavi-merci-rivendita-abbigliamento-de","12":"sws-gruppo-iva-iva81-de","14":"first","15":"instock","16":"sale","17":"shipping-taxable","18":"purchasable","19":"product-type-variable"},"_links":{"self":[{"href":"https:\/\/lucacastelli.com\/de\/wp-json\/wp\/v2\/product\/408346","targetHints":{"allow":["GET"]}}],"collection":[{"href":"https:\/\/lucacastelli.com\/de\/wp-json\/wp\/v2\/product"}],"about":[{"href":"https:\/\/lucacastelli.com\/de\/wp-json\/wp\/v2\/types\/product"}],"wp:featuredmedia":[{"embeddable":true,"href":"https:\/\/lucacastelli.com\/de\/wp-json\/wp\/v2\/media\/406661"}],"wp:attachment":[{"href":"https:\/\/lucacastelli.com\/de\/wp-json\/wp\/v2\/media?parent=408346"}],"wp:term":[{"taxonomy":"product_brand","embeddable":true,"href":"https:\/\/lucacastelli.com\/de\/wp-json\/wp\/v2\/product_brand?post=408346"},{"taxonomy":"product_cat","embeddable":true,"href":"https:\/\/lucacastelli.com\/de\/wp-json\/wp\/v2\/product_cat?post=408346"},{"taxonomy":"product_tag","embeddable":true,"href":"https:\/\/lucacastelli.com\/de\/wp-json\/wp\/v2\/product_tag?post=408346"}],"curies":[{"name":"wp","href":"https:\/\/api.w.org\/{rel}","templated":true}]}}