{"id":408308,"date":"2025-03-28T11:32:55","date_gmt":"2025-03-28T10:32:55","guid":{"rendered":"https:\/\/lucacastelli.com\/prodotto\/hanwag-friction-ii-gtx\/"},"modified":"2025-06-29T00:53:20","modified_gmt":"2025-06-28T22:53:20","slug":"hanwag-friction-ii-gtx","status":"publish","type":"product","link":"https:\/\/lucacastelli.com\/de\/produkt\/hanwag-friction-ii-gtx\/","title":{"rendered":"HANWAG Friction II GTX"},"content":{"rendered":"<h5>Leichter Abenteurer &#8211; vor K\u00e4lte isolierter und mit Steigeisen kompatibler Bergschuh f\u00fcr Gletscher, Klettern und alpines Trekking<\/h5>\n<ul>\n<li>Isoliert gegen K\u00e4lte<\/li>\n<li>Sto\u00dfd\u00e4mpfende EVA-Einlegesohle in voller L\u00e4nge<\/li>\n<li>Durchgehende Versteifungseinlage zwischen Einlegesohle und Laufsohle<\/li>\n<li>Fersensteigeisenpolster f\u00fcr halbautomatische Steigeisen<\/li>\n<li>Langlebiges, wasserdichtes und atmungsaktives GORE-TEX-Futter<\/li>\n<\/ul>\n<p>Es gibt kein Bergabenteuer, das der Friction II GTX nicht bew\u00e4ltigen kann. Dieser Allrounder-Schuh eignet sich f\u00fcr anspruchsvolle Wanderungen ebenso wie f\u00fcr das Klettern hoch hinaus in den Bergen oder auf Gletschern. Die halbautomatischen Steigeisen lassen sich im Handumdrehen montieren und sitzen dank der steifen Sohle perfekt. Eine sto\u00dfd\u00e4mpfende Einlegesohle in voller L\u00e4nge sorgt f\u00fcr Komfort. Das Obermaterial besteht aus robustem Bergrindsleder und strapazierf\u00e4higem Cordura. Die ausgekl\u00fcgelte Isolierung und das GORE-TEX-Futter halten deine Zehen warm und trocken. Die niedrige Schn\u00fcrung verl\u00e4uft durch Nylonschlaufen und sorgt dank der Klemmhaken und der Zwei-Zonen-Schn\u00fcrung f\u00fcr einen optimalen und sicheren Sitz.      <\/p>\n<p>&nbsp;<\/p>\n<h5>Merkmale der Hanwag Friction II GTX Bergschuhe f\u00fcr Herren<\/h5>\n<ul>\n<li>Obermaterial: Wildleder, Cordura<\/li>\n<li>Sohle: Vibram\u00ae Dolomit Plus<\/li>\n<li>Futter: GORE-TEX<\/li>\n<li>Verstellbar<\/li>\n<li>Gewicht: 1820 g pro Paar Gr\u00f6\u00dfe 8<\/li>\n<li>Spitzenl\u00e4nge: UK 6 &#8211; 9 = 170 cm | UK 9 &#8211; 13 = 180 cm<\/li>\n<li>Steigeisentauglichkeit: bedingt steigeisentauglich<\/li>\n<li>Einsatzgebiet: Bergsteigen<\/li>\n<li>Schnitt: Hoch<\/li>\n<li>ABCD-Kategorisierung: DC<\/li>\n<\/ul>\n","protected":false},"excerpt":{"rendered":"<p>Leichter Abenteurer &#8211; vor K\u00e4lte isolierter und mit Steigeisen kompatibler Bergschuh f\u00fcr Gletscher, Klettern und alpines Trekking Isoliert gegen K\u00e4lte<\/p>\n","protected":false},"featured_media":406525,"template":"","meta":{"_seopress_robots_primary_cat":"","_seopress_titles_title":"","_seopress_titles_desc":"","_seopress_robots_index":""},"product_brand":[3636],"product_cat":[175,1419,1431],"product_tag":[],"class_list":{"0":"post-408308","1":"product","2":"type-product","3":"status-publish","4":"has-post-thumbnail","6":"product_brand-hanwag-de","7":"product_cat-schuhe","8":"product_cat-freizeitschuhe","9":"product_cat-herrenschuhe","10":"sws-gruppo-abb-libero-de","11":"sws-conto-ricavi-merci-rivendita-calzature-de","12":"sws-gruppo-iva-iva81-de","14":"first","15":"instock","16":"shipping-taxable","17":"purchasable","18":"product-type-variable"},"_links":{"self":[{"href":"https:\/\/lucacastelli.com\/de\/wp-json\/wp\/v2\/product\/408308","targetHints":{"allow":["GET"]}}],"collection":[{"href":"https:\/\/lucacastelli.com\/de\/wp-json\/wp\/v2\/product"}],"about":[{"href":"https:\/\/lucacastelli.com\/de\/wp-json\/wp\/v2\/types\/product"}],"wp:featuredmedia":[{"embeddable":true,"href":"https:\/\/lucacastelli.com\/de\/wp-json\/wp\/v2\/media\/406525"}],"wp:attachment":[{"href":"https:\/\/lucacastelli.com\/de\/wp-json\/wp\/v2\/media?parent=408308"}],"wp:term":[{"taxonomy":"product_brand","embeddable":true,"href":"https:\/\/lucacastelli.com\/de\/wp-json\/wp\/v2\/product_brand?post=408308"},{"taxonomy":"product_cat","embeddable":true,"href":"https:\/\/lucacastelli.com\/de\/wp-json\/wp\/v2\/product_cat?post=408308"},{"taxonomy":"product_tag","embeddable":true,"href":"https:\/\/lucacastelli.com\/de\/wp-json\/wp\/v2\/product_tag?post=408308"}],"curies":[{"name":"wp","href":"https:\/\/api.w.org\/{rel}","templated":true}]}}