{"id":408278,"date":"2025-03-28T09:49:30","date_gmt":"2025-03-28T08:49:30","guid":{"rendered":"https:\/\/lucacastelli.com\/prodotto\/ortovox-piz-selva-2-5l-jacke-m\/"},"modified":"2026-04-17T23:27:23","modified_gmt":"2026-04-17T21:27:23","slug":"ortovox-piz-selva-2-5l-jacke-m","status":"publish","type":"product","link":"https:\/\/lucacastelli.com\/de\/produkt\/ortovox-piz-selva-2-5l-jacke-m\/","title":{"rendered":"ORTOVOX PIZ SELVA 2.5L JACKET M"},"content":{"rendered":"<h2 id=\"toc-entry-target-1\" class=\"js-toc__title pds__detail-headline\">WENIGER GEWICHT, MEHR PERFORMANCE<\/h2>\n<h3>Ultraleichte und funktionale Hardshell-Jacke f\u00fcr die Berge<\/h3>\n<p>Minimales Gewicht, maximale Leistung: Die ultraleichte PIZ SELVA 2.5L JACKET wurde f\u00fcr anspruchsvollste alpine Touren konzipiert, bei denen ein kompaktes Packmass und guter Wetterschutz entscheidend sind.<\/p>\n<p>Wind- und wasserdicht: Das 2.5L SHELL LIGHT Material zeichnet sich dank seiner mikropor\u00f6sen Membran durch exzellente Atmungsaktivit\u00e4t aus. Die PIZ SELVA 2.5L JACKET l\u00e4sst sich schnell und einfach in der Brusttasche verstauen und dank einer Schlaufe auch am Klettergurt befestigen. <\/p>\n<p>Dank der vorregulierten Kapuze und des Saums, des ergonomischen Schnitts und der elastischen \u00c4rmelb\u00fcndchen passt sich diese leichte Jacke jeder K\u00f6rperform perfekt an. Der weiche 150 MERINO COOL TEC Einsatz im Stirnbereich sorgt f\u00fcr zus\u00e4tzlichen Komfort. <\/p>\n<div id=\"pds__accordion-features-heading\" class=\"mb-4 mb-md-35\">\n<h3 class=\"pds__accordion-headline p-relative cursor-pointer p-0 m-0\"><span class=\"d-block p-0 accordion js-accordion-custom-toggle js-accordion-custom-toggle--hide-on-collapse\" role=\"button\" data-collapse=\"false\" data-target=\"#pds__accordion-features-wrapper\" data-multitarget-disabled-mobile=\"\" aria-expanded=\"true\" aria-controls=\"pds__accordion-features-wrapper\"><span class=\"d-flex justify-content-between align-items-center\"><span class=\"word-break-word\">Eigenschaften<\/span><i class=\"accordion__icon pds__accordion-icon icon\"><\/i><\/span><\/span><\/h3>\n<\/div>\n<div class=\"pds__accordion-wrapper\">\n<div id=\"pds__accordion-features-wrapper\" class=\"pds__accordion-features-multi-target collapse show\" data-partial-multi-target=\"true\" data-parent=\"#pds__accordion-features\">\n<div class=\"pb-4\">\n<div class=\"overflow-hidden\">\n<div class=\"wysiwyg\">\n<ul>\n<li>Voreingestellte Kapuze<\/li>\n<li>1 Brusttasche<\/li>\n<li>Elastische Manschetten<\/li>\n<li>Elastischer Saum<\/li>\n<li>Ergonomischer Schnitt<\/li>\n<li>Regular Fit<\/li>\n<\/ul>\n<\/div>\n<div class=\"row mb-100 mb-md-35\">\n<div class=\"col-12 col-md-10\">\n<h2 class=\"h3 pt-0 mb-4\">Idealer Einsatzbereich<\/h2>\n<div class=\"rating mb-3\">\n<div class=\"d-flex mb-2\"><\/div>\n<div class=\"rating__title text-uppercase pb-1\">Klettern 3\/5<\/div>\n<\/div>\n<div class=\"rating mb-3\">\n<div class=\"d-flex mb-2\"><\/div>\n<div class=\"rating__title text-uppercase pb-1\">Alpinismus 3\/5<\/div>\n<\/div>\n<div class=\"rating mb-3\">\n<div class=\"d-flex mb-2\"><\/div>\n<div class=\"rating__title text-uppercase pb-1\">Schnelles Wandern 5\/5<\/div>\n<\/div>\n<div class=\"rating mb-3\">\n<div class=\"d-flex mb-2\"><\/div>\n<div class=\"rating__title text-uppercase pb-1\">Skitouren 4\/5<\/div>\n<\/div>\n<div class=\"rating\">\n<div class=\"d-flex mb-2\"><\/div>\n<div class=\"rating__title text-uppercase\">Freeride 1\/5<\/div>\n<\/div>\n<\/div>\n<\/div>\n<div id=\"pds__accordion-features\" class=\"mb-4 mb-md-35 accordion pds__accordion\">\n<div class=\"position-relative\">\n<div id=\"pds__accordion-features-heading\" class=\"mb-4 mb-md-35\">\n<h3 class=\"pds__accordion-headline p-relative cursor-pointer p-0 m-0\"><i class=\"accordion__icon pds__accordion-icon icon\"><\/i><span class=\"d-block p-0 accordion js-accordion-custom-toggle js-accordion-custom-toggle--hide-on-collapse\" role=\"button\" data-collapse=\"false\" data-target=\"#pds__accordion-features-wrapper\" data-multitarget-disabled-mobile=\"\" aria-expanded=\"true\" aria-controls=\"pds__accordion-features-wrapper\"><span class=\"d-flex justify-content-between align-items-center\"><span class=\"word-break-word\">Eigenschaften<\/span><i class=\"accordion__icon pds__accordion-icon icon\"><\/i><\/span><\/span><\/h3>\n<\/div>\n<div class=\"pds__accordion-wrapper\">\n<div id=\"pds__accordion-features-wrapper\" class=\"pds__accordion-features-multi-target collapse show\" data-partial-multi-target=\"true\" data-parent=\"#pds__accordion-features\">\n<div class=\"pb-4\">\n<div class=\"overflow-hidden\">\n<div class=\"wysiwyg\">\n<ul>\n<li>Voreingestellte Kapuze<\/li>\n<li>1 Brusttasche<\/li>\n<li>Elastische Manschetten<\/li>\n<li>Elastischer Saum<\/li>\n<li>Ergonomischer Schnitt<\/li>\n<li>Regular Fit<\/li>\n<\/ul>\n<\/div>\n<\/div>\n<\/div>\n<\/div>\n<\/div>\n<\/div>\n<\/div>\n<div id=\"pds__accordion-material-properties\" class=\"mb-4 mb-md-35 accordion pds__accordion\">\n<div class=\"position-relative\">\n<div id=\"pds__accordion-material-properties-heading\" class=\"mb-4 mb-md-35\">\n<h3 class=\"pds__accordion-headline p-relative cursor-pointer p-0 m-0\"><i class=\"accordion__icon pds__accordion-icon icon\"><\/i><span class=\"d-block p-0 accordion js-accordion-custom-toggle js-accordion-custom-toggle--hide-on-collapse\" role=\"button\" data-collapse=\"false\" data-target=\"#pds__accordion-material-properties-wrapper\" data-multitarget-disabled-mobile=\"\" aria-expanded=\"true\" aria-controls=\"pds__accordion-material-properties-wrapper\"><span class=\"d-flex justify-content-between align-items-center\"><span class=\"word-break-word\">Materialeigenschaften<\/span><i class=\"accordion__icon pds__accordion-icon icon\"><\/i><\/span><\/span><\/h3>\n<\/div>\n<div class=\"pds__accordion-wrapper\">\n<div id=\"pds__accordion-material-properties-wrapper\" class=\"pds__accordion-material-properties-multi-target collapse show\" data-partial-multi-target=\"true\" data-parent=\"#pds__accordion-material-properties\">\n<div class=\"pb-4\">\n<div class=\"overflow-hidden\">\n<div class=\"wysiwyg\">\n<ul>\n<li>2,5 L SHELL LIGHT: Mikropor\u00f6se PU-Membran, langlebig und pflegeleicht, wasser- und winddicht: mind. 20.000 mm Wassers\u00e4ule, Atmungsaktivit\u00e4t: bis zu 15.000 g\/m\u00b2\/24h, DWR-Finish: PFC-frei<\/li>\n<\/ul>\n<\/div>\n<p>HAUPTMATERIAL: AUSSENMATERIAL: 100 % Polyamid, MEMBRAN: 100 % Polyurethan, EINS\u00c4TZE: 44 % Schurwolle (OWP MERINO) + 43 % Lyocell (Tencel\u2122) + 13 % Polyamid<\/p>\n<\/div>\n<\/div>\n<\/div>\n<\/div>\n<\/div>\n<\/div>\n<\/div>\n<\/div>\n<\/div>\n<\/div>\n","protected":false},"excerpt":{"rendered":"<p>WENIGER GEWICHT, MEHR PERFORMANCE Ultraleichte und funktionale Hardshell-Jacke f\u00fcr die Berge Minimales Gewicht, maximale Leistung: Die ultraleichte PIZ SELVA 2.5L<\/p>\n","protected":false},"featured_media":406468,"template":"","meta":{"_seopress_robots_primary_cat":"none","_seopress_titles_title":"","_seopress_titles_desc":"","_seopress_robots_index":""},"product_brand":[3663],"product_cat":[82,974,975],"product_tag":[],"class_list":{"0":"post-408278","1":"product","2":"type-product","3":"status-publish","4":"has-post-thumbnail","6":"product_brand-ortovox-de","7":"product_cat-kleidung","8":"product_cat-freizeitkleidung","9":"product_cat-herrenbekleidung","10":"sws-gruppo-abb-libero-de","11":"sws-conto-ricavi-merci-rivendita-abbigliamento-de","12":"sws-gruppo-iva-iva81-de","14":"first","15":"instock","16":"shipping-taxable","17":"purchasable","18":"product-type-variable"},"_links":{"self":[{"href":"https:\/\/lucacastelli.com\/de\/wp-json\/wp\/v2\/product\/408278","targetHints":{"allow":["GET"]}}],"collection":[{"href":"https:\/\/lucacastelli.com\/de\/wp-json\/wp\/v2\/product"}],"about":[{"href":"https:\/\/lucacastelli.com\/de\/wp-json\/wp\/v2\/types\/product"}],"wp:featuredmedia":[{"embeddable":true,"href":"https:\/\/lucacastelli.com\/de\/wp-json\/wp\/v2\/media\/406468"}],"wp:attachment":[{"href":"https:\/\/lucacastelli.com\/de\/wp-json\/wp\/v2\/media?parent=408278"}],"wp:term":[{"taxonomy":"product_brand","embeddable":true,"href":"https:\/\/lucacastelli.com\/de\/wp-json\/wp\/v2\/product_brand?post=408278"},{"taxonomy":"product_cat","embeddable":true,"href":"https:\/\/lucacastelli.com\/de\/wp-json\/wp\/v2\/product_cat?post=408278"},{"taxonomy":"product_tag","embeddable":true,"href":"https:\/\/lucacastelli.com\/de\/wp-json\/wp\/v2\/product_tag?post=408278"}],"curies":[{"name":"wp","href":"https:\/\/api.w.org\/{rel}","templated":true}]}}