{"id":408161,"date":"2025-03-25T08:08:19","date_gmt":"2025-03-25T07:08:19","guid":{"rendered":"https:\/\/lucacastelli.com\/prodotto\/helly-hansen-chelsea-evolution-2-boa-ht-s3-sicherheitsstiefel\/"},"modified":"2025-06-29T09:53:30","modified_gmt":"2025-06-29T07:53:30","slug":"helly-hansen-chelsea-evolution-2-boa-ht-s3-sicherheitsstiefel","status":"publish","type":"product","link":"https:\/\/lucacastelli.com\/de\/produkt\/helly-hansen-chelsea-evolution-2-boa-ht-s3-sicherheitsstiefel\/","title":{"rendered":"HELLY HANSEN Chelsea Evolution 2 BOA HT S3 Sicherheitsstiefel"},"content":{"rendered":"<div class=\"productCollapseSection-productCollapseSectionTitle-GX9z3\">\n<h2 class=\"heading-module-default-YCWYJ heading-module-style--h3-UaBAX\">Merkmal<\/h2>\n<\/div>\n<div class=\"productCollapseSection-productCollapseSectionContent-UycAf\">\n<ul>\n<li>Helly Tech\u00ae wasserdichte Membran<\/li>\n<li>Geformte TPU-Zehenkappe<\/li>\n<li>Konturiertes Fersen-Overlay<\/li>\n<li>Reflektierende Details<\/li>\n<li>BOA\u00ae Fit System \u2013 M4<\/li>\n<li>Ultra-atmungsaktives, feuchtigkeitsableitendes Mesh-Futter aus 50 % recyceltem Material<\/li>\n<li>Verst\u00e4rkte Zehenschutzkappe aus Verbundwerkstoff<\/li>\n<li>Nichtmetallischer Pannenschutz<\/li>\n<li>Spielpassung<\/li>\n<li>Ortholite\u00ae X25 Hybrid-Einlegesohle &#8211; leicht und atmungsaktiv, bietet lang anhaltende D\u00e4mpfung und Feuchtigkeitsregulierung mit 20 % umweltfreundlichem Anteil in der Zusammensetzung<\/li>\n<li>Die leichte und d\u00e4mpfende EVA-Zwischensohle mit hohem R\u00fcckprall bietet bei jedem Schritt 50 % mehr Energier\u00fcckgabe.<\/li>\n<li>HELLYGRIP Gummi<\/li>\n<\/ul>\n<\/div>\n","protected":false},"excerpt":{"rendered":"<p>Merkmal Helly Tech\u00ae wasserdichte Membran Geformte TPU-Zehenkappe Konturiertes Fersen-Overlay Reflektierende Details BOA\u00ae Fit System \u2013 M4 Ultra-atmungsaktives, feuchtigkeitsableitendes Mesh-Futter aus<\/p>\n","protected":false},"featured_media":406296,"template":"","meta":{"_seopress_robots_primary_cat":"","_seopress_titles_title":"","_seopress_titles_desc":"","_seopress_robots_index":""},"product_brand":[3645],"product_cat":[175,1424],"product_tag":[],"class_list":{"0":"post-408161","1":"product","2":"type-product","3":"status-publish","4":"has-post-thumbnail","6":"product_brand-helly-hansen-de","7":"product_cat-schuhe","8":"product_cat-arbeitsschuhe","9":"sws-gruppo-abb-libero-de","10":"sws-conto-ricavi-merci-rivendita-calzature-de","11":"sws-gruppo-iva-iva81-de","13":"first","14":"instock","15":"shipping-taxable","16":"purchasable","17":"product-type-variable"},"_links":{"self":[{"href":"https:\/\/lucacastelli.com\/de\/wp-json\/wp\/v2\/product\/408161","targetHints":{"allow":["GET"]}}],"collection":[{"href":"https:\/\/lucacastelli.com\/de\/wp-json\/wp\/v2\/product"}],"about":[{"href":"https:\/\/lucacastelli.com\/de\/wp-json\/wp\/v2\/types\/product"}],"wp:featuredmedia":[{"embeddable":true,"href":"https:\/\/lucacastelli.com\/de\/wp-json\/wp\/v2\/media\/406296"}],"wp:attachment":[{"href":"https:\/\/lucacastelli.com\/de\/wp-json\/wp\/v2\/media?parent=408161"}],"wp:term":[{"taxonomy":"product_brand","embeddable":true,"href":"https:\/\/lucacastelli.com\/de\/wp-json\/wp\/v2\/product_brand?post=408161"},{"taxonomy":"product_cat","embeddable":true,"href":"https:\/\/lucacastelli.com\/de\/wp-json\/wp\/v2\/product_cat?post=408161"},{"taxonomy":"product_tag","embeddable":true,"href":"https:\/\/lucacastelli.com\/de\/wp-json\/wp\/v2\/product_tag?post=408161"}],"curies":[{"name":"wp","href":"https:\/\/api.w.org\/{rel}","templated":true}]}}