{"id":408140,"date":"2025-03-19T21:43:09","date_gmt":"2025-03-19T20:43:09","guid":{"rendered":"https:\/\/lucacastelli.com\/prodotto\/milwaukee-shockwave-set-39-tlg-ipl-led\/"},"modified":"2025-08-01T00:00:03","modified_gmt":"2025-07-31T22:00:03","slug":"milwaukee-shockwave-set-39-tlg-ipl-led","status":"publish","type":"product","link":"https:\/\/lucacastelli.com\/de\/produkt\/milwaukee-shockwave-set-39-tlg-ipl-led\/","title":{"rendered":"MILWAUKEE Shockwave Set 39-tlg. + IPL-LED"},"content":{"rendered":"<p>&#8211; IPL-LED Stiftlampe-<br \/>\n TRUEVIEW\u2122 &#8211; hocheffiziente Lichtl\u00f6sung mit 100 Lumen<br \/>\n&#8211; Stabiler Rahmen aus hochwertigem Flugzeugaluminium f\u00fcr maximale Robustheit<br \/>\n&#8211; Staubdicht und gegen zeitweiliges Untertauchen gesch\u00fctzt (Schutzart IP 67)<br \/>\n&#8211; Gesch\u00fctzte<br \/>\n Bisszone- Abnehmbarer<br \/>\n G\u00fcrtelclip\u2022 Gro\u00dfer Ein-\/Ausschalter<br \/>\n\u2022 Lieferumfang: 2 x AAA<br \/>\n Batterien\u2022<br \/>\n \u2022 SHOCKWAVE Einsatzset 39-teilig<br \/>\n\u2022 SHOCKWAVE\u2122 Schockzubeh\u00f6r ist die Systeml\u00f6sung im Bereich der Schlagschrauber. Das innovative Systemzubeh\u00f6r ist nicht nur schlagfest und somit f\u00fcr den Einsatz mit Schlagschraubern geeignet, sondern bietet auch f\u00fcr alle Bohr- und Schraubanwendungen<br \/>\n das passende Zubeh\u00f6r\u2022 Lasergeh\u00e4rtete WEAR GUARD TIP\u2122 Einsatzspitze f\u00fcr pr\u00e4zisen Sitz und l\u00e4ngere<br \/>\n Lebensdauer\u2022 SHOCK ZONE\u2122 Geometrie &#8211; sehr flexibel, um St\u00f6\u00dfe<br \/>\n zu absorbieren\u2022 Die flexible SHOCK ZONE\u2122 reduziert die Belastung der Einsatzspitze und damit die Bruchgefahr. Die Kombination aus der SHOCK ZONE\u2122 und einem speziellen H\u00e4rtungsverfahren absorbiert St\u00f6\u00dfe<br \/>\n\u2022 Spezialstahl: Die f\u00fcr Milwaukee\u00ae entwickelte Stahllegierung wurde speziell f\u00fcr SHOCKWAVE-Eins\u00e4tze\u2122 und f\u00fcr den Einsatz mit Schlagschraubern entwickelt. Die SHOCKWAVE-Bits\u2122 sind dadurch stabiler und gleichzeitig flexibler, ideal zum Schrauben unter schwierigen<br \/>\n Bedingungen\u2022 Das Set enth\u00e4lt: 24 x 25 mm lange SHOCKWAVE-Bits\u2122: PH1\/2, PZ 1\/PZ2, TX10\/15\/20\/25\/30\/40, HEX3\/4\/5\/6, 14 x 50 mm lange SHOCKWAVE-Bits\u2122 bis 50 mm L\u00e4nge: TX10\/15\/20\/25\/30\/40, SHOCKWAVE\u2122 60 mm schlagfester magnetischer Bithalter   <\/p>\n","protected":false},"excerpt":{"rendered":"<p>&#8211; IPL-LED Stiftlampe- TRUEVIEW\u2122 &#8211; hocheffiziente Lichtl\u00f6sung mit 100 Lumen &#8211; Stabiler Rahmen aus hochwertigem Flugzeugaluminium f\u00fcr maximale Robustheit &#8211;<\/p>\n","protected":false},"featured_media":406198,"template":"","meta":{"_seopress_robots_primary_cat":"","_seopress_titles_title":"","_seopress_titles_desc":"","_seopress_robots_index":""},"product_brand":[3656],"product_cat":[150,1396,1494],"product_tag":[],"class_list":{"0":"post-408140","1":"product","2":"type-product","3":"status-publish","4":"has-post-thumbnail","6":"product_brand-milwaukee-de","7":"product_cat-ausrustung","8":"product_cat-arbeitsausrustung","9":"product_cat-sonstige-arbeitsausrustung","10":"sws-gruppo-macchinari-de","11":"sws-conto-ricavi-merci-rivendita-macchinari-de","12":"sws-gruppo-iva-iva81-de","14":"first","15":"instock","16":"shipping-taxable","17":"purchasable","18":"product-type-simple"},"_links":{"self":[{"href":"https:\/\/lucacastelli.com\/de\/wp-json\/wp\/v2\/product\/408140","targetHints":{"allow":["GET"]}}],"collection":[{"href":"https:\/\/lucacastelli.com\/de\/wp-json\/wp\/v2\/product"}],"about":[{"href":"https:\/\/lucacastelli.com\/de\/wp-json\/wp\/v2\/types\/product"}],"wp:featuredmedia":[{"embeddable":true,"href":"https:\/\/lucacastelli.com\/de\/wp-json\/wp\/v2\/media\/406198"}],"wp:attachment":[{"href":"https:\/\/lucacastelli.com\/de\/wp-json\/wp\/v2\/media?parent=408140"}],"wp:term":[{"taxonomy":"product_brand","embeddable":true,"href":"https:\/\/lucacastelli.com\/de\/wp-json\/wp\/v2\/product_brand?post=408140"},{"taxonomy":"product_cat","embeddable":true,"href":"https:\/\/lucacastelli.com\/de\/wp-json\/wp\/v2\/product_cat?post=408140"},{"taxonomy":"product_tag","embeddable":true,"href":"https:\/\/lucacastelli.com\/de\/wp-json\/wp\/v2\/product_tag?post=408140"}],"curies":[{"name":"wp","href":"https:\/\/api.w.org\/{rel}","templated":true}]}}