{"id":408130,"date":"2025-04-11T11:12:12","date_gmt":"2025-04-11T09:12:12","guid":{"rendered":"https:\/\/lucacastelli.com\/prodotto\/milwaukeefuel-akku-heckenschere-m12fht20-0\/"},"modified":"2025-11-01T14:26:44","modified_gmt":"2025-11-01T13:26:44","slug":"milwaukeefuel-akku-heckenschere-m12fht20-0","status":"publish","type":"product","link":"https:\/\/lucacastelli.com\/de\/produkt\/milwaukeefuel-akku-heckenschere-m12fht20-0\/","title":{"rendered":"MilwaukeeFUEL\u2122 Akku-Heckenschere M12FHT20-0"},"content":{"rendered":"<h2 class=\"Typographystyles__H2-fh0jc-1 ProductFeaturesTextstyles__Title-fxqvf2-0 dEnXUO\">Funktionen<\/h2>\n<div class=\"ProductFeaturesTextstyles__FeatureListWrapper-fxqvf2-2 gYthRZ\">\n<ul class=\"ProductFeaturesTextstyles__FeatureList-fxqvf2-1 eacpVB\">\n<li class=\"ProductFeaturesTextstyles__Feature-fxqvf2-3 gFBAGy\">20 cm lange Klinge, ideal f\u00fcr Finish- und Pr\u00e4zisionsarbeiten oder f\u00fcr Formschnitt an Hecken und B\u00fcschen<\/li>\n<li class=\"ProductFeaturesTextstyles__Feature-fxqvf2-3 gFBAGy\">Maximale Schnittleistung 12,5 mm<\/li>\n<li class=\"ProductFeaturesTextstyles__Feature-fxqvf2-3 gFBAGy\">Erm\u00f6glicht schnelle und pr\u00e4zise Schnitte f\u00fcr maximale Produktivit\u00e4t<\/li>\n<li class=\"ProductFeaturesTextstyles__Feature-fxqvf2-3 gFBAGy\">Vollmetall-Getriebe<\/li>\n<li class=\"ProductFeaturesTextstyles__Feature-fxqvf2-3 gFBAGy\">Ergonomischer, gummierter Griff f\u00fcr maximale Kontrolle, auch an schwer zug\u00e4nglichen Stellen<\/li>\n<li class=\"ProductFeaturesTextstyles__Feature-fxqvf2-3 gFBAGy\">Ausgewogenes, leichtes Design f\u00fcr m\u00fcheloses Schneiden in mehreren Positionen<\/li>\n<li class=\"ProductFeaturesTextstyles__Feature-fxqvf2-3 gFBAGy\">Schutz der Klingenspitze f\u00fcr maximale Sicherheit und zur Vermeidung von Besch\u00e4digung von Gegenst\u00e4nden<\/li>\n<li class=\"ProductFeaturesTextstyles__Feature-fxqvf2-3 gFBAGy\">Anzeige des Ladezustands des Akkus<\/li>\n<li class=\"ProductFeaturesTextstyles__Feature-fxqvf2-3 gFBAGy\">Ausgestattet mit Klingenschutz<\/li>\n<li class=\"ProductFeaturesTextstyles__Feature-fxqvf2-3 gFBAGy\">Die FUEL-Technologie\u2122 definiert kabellose Elektrowerkzeuge neu. B\u00fcrstenloser Motor, REDLINK PLUS-Elektronik\u2122 und REDLITHIUM-Akku\u2122 sorgen f\u00fcr \u00fcberlegene Leistung und Haltbarkeit <\/li>\n<li class=\"ProductFeaturesTextstyles__Feature-fxqvf2-3 gFBAGy\">Funktioniert mit allen MILWAUKEE\u00ae <a href=\"https:\/\/it.milwaukeetool.eu\/systems\/m12\/\">M12\u2122<\/a> Akkus<\/li>\n<\/ul>\n<\/div>\n","protected":false},"excerpt":{"rendered":"<p>Funktionen 20 cm lange Klinge, ideal f\u00fcr Finish- und Pr\u00e4zisionsarbeiten oder f\u00fcr Formschnitt an Hecken und B\u00fcschen Maximale Schnittleistung 12,5<\/p>\n","protected":false},"featured_media":407402,"template":"","meta":{"_seopress_robots_primary_cat":"","_seopress_titles_title":"","_seopress_titles_desc":"","_seopress_robots_index":""},"product_brand":[3656],"product_cat":[169,1629,1695],"product_tag":[],"class_list":{"0":"post-408130","1":"product","2":"type-product","3":"status-publish","4":"has-post-thumbnail","6":"product_brand-milwaukee-de","7":"product_cat-maschinen","8":"product_cat-akku-heckenscheren-und-astscheren","9":"product_cat-heckenscheren-und-astscheren","10":"sws-gruppo-macchinari-de","11":"sws-conto-ricavi-merci-rivendita-macchinari-de","12":"sws-gruppo-iva-iva81-de","14":"first","15":"instock","16":"shipping-taxable","17":"purchasable","18":"product-type-simple"},"_links":{"self":[{"href":"https:\/\/lucacastelli.com\/de\/wp-json\/wp\/v2\/product\/408130","targetHints":{"allow":["GET"]}}],"collection":[{"href":"https:\/\/lucacastelli.com\/de\/wp-json\/wp\/v2\/product"}],"about":[{"href":"https:\/\/lucacastelli.com\/de\/wp-json\/wp\/v2\/types\/product"}],"wp:featuredmedia":[{"embeddable":true,"href":"https:\/\/lucacastelli.com\/de\/wp-json\/wp\/v2\/media\/407402"}],"wp:attachment":[{"href":"https:\/\/lucacastelli.com\/de\/wp-json\/wp\/v2\/media?parent=408130"}],"wp:term":[{"taxonomy":"product_brand","embeddable":true,"href":"https:\/\/lucacastelli.com\/de\/wp-json\/wp\/v2\/product_brand?post=408130"},{"taxonomy":"product_cat","embeddable":true,"href":"https:\/\/lucacastelli.com\/de\/wp-json\/wp\/v2\/product_cat?post=408130"},{"taxonomy":"product_tag","embeddable":true,"href":"https:\/\/lucacastelli.com\/de\/wp-json\/wp\/v2\/product_tag?post=408130"}],"curies":[{"name":"wp","href":"https:\/\/api.w.org\/{rel}","templated":true}]}}