{"id":408127,"date":"2025-04-11T10:27:10","date_gmt":"2025-04-11T08:27:10","guid":{"rendered":"https:\/\/lucacastelli.com\/prodotto\/milwaukee-m12-bhcs3l-0-m12-chemie-pumpzerstaeuber-37-l\/"},"modified":"2025-11-01T14:26:43","modified_gmt":"2025-11-01T13:26:43","slug":"milwaukee-m12-bhcs3l-0-m12-chemie-pumpzerstaeuber-37-l","status":"publish","type":"product","link":"https:\/\/lucacastelli.com\/de\/produkt\/milwaukee-m12-bhcs3l-0-m12-chemie-pumpzerstaeuber-37-l\/","title":{"rendered":"Milwaukee M12 BHCS3L-0 M12\u2122 3,7 l Chemikalienspr\u00fchpumpe"},"content":{"rendered":"<h2 class=\"Typographystyles__H2-fh0jc-1 ProductFeaturesTextstyles__Title-fxqvf2-0 dEnXUO\">Funktionen<\/h2>\n<div class=\"ProductFeaturesTextstyles__FeatureListWrapper-fxqvf2-2 gYthRZ\">\n<ul class=\"ProductFeaturesTextstyles__FeatureList-fxqvf2-1 eacpVB\">\n<li class=\"ProductFeaturesTextstyles__Feature-fxqvf2-3 gFBAGy\">Sofortiger, konstanter und einstellbarer Druck f\u00fcr maximale Kontrolle<\/li>\n<li class=\"ProductFeaturesTextstyles__Feature-fxqvf2-3 gFBAGy\">3 verschiedene Druckmodi f\u00fcr unterschiedliche Anwendungen wie lokales, diffuses und Fernspr\u00fchen von 0,4 bis 1,1 l\/min<\/li>\n<li class=\"ProductFeaturesTextstyles__Feature-fxqvf2-3 gFBAGy\">Spart Zeit und M\u00fche im Vergleich zur Verwendung einer manuellen Spr\u00fchpumpe<\/li>\n<li class=\"ProductFeaturesTextstyles__Feature-fxqvf2-3 gFBAGy\">Erreicht einen maximalen Druck von bis zu 5,5 bar und einen vertikalen Strahlabstand von bis zu 5,2 Metern<\/li>\n<li class=\"ProductFeaturesTextstyles__Feature-fxqvf2-3 gFBAGy\">Bis zu 300 Liter Wassernebel mit nur 1 <a href=\"https:\/\/it.milwaukeetool.eu\/systems\/m12\/\">M12\u2122<\/a> 2,0 Ah Akku<\/li>\n<li class=\"ProductFeaturesTextstyles__Feature-fxqvf2-3 gFBAGy\">Lanze abnehmbar vom Tank, f\u00fcr die Verwendung der Spr\u00fchpumpe mit einer oder zwei H\u00e4nden<\/li>\n<li class=\"ProductFeaturesTextstyles__Feature-fxqvf2-3 gFBAGy\">Schaltersperrbare Option, um die M\u00f6glichkeit von unerw\u00fcnschtem chemischem Spr\u00fchen auszuschlie\u00dfen<\/li>\n<li class=\"ProductFeaturesTextstyles__Feature-fxqvf2-3 gFBAGy\">Zur Verwendung mit Pestiziden, Herbiziden, Insektiziden, Fungiziden, D\u00fcngemitteln<\/li>\n<li class=\"ProductFeaturesTextstyles__Feature-fxqvf2-3 gFBAGy\">Funktioniert mit allen MILWAUKEE\u00ae <a href=\"https:\/\/it.milwaukeetool.eu\/systems\/m12\/\">M12\u2122<\/a> Akkus<\/li>\n<li class=\"ProductFeaturesTextstyles__Feature-fxqvf2-3 gFBAGy\">Lieferung mit Schultergurt f\u00fcr mehr Komfort w\u00e4hrend des Gebrauchs<\/li>\n<\/ul>\n<\/div>\n<p><span class=\"ProductDetailsContentstyles__StandardEquipmentLabel-x8zwy7-33 bevaYl\">Serienausstattung:<\/span><\/p>\n<div class=\"ProductDetailsContentstyles__StandardEquipmentText-x8zwy7-34 xvGw\">L\u00fcfterauslauf, Winkeladapter, Schultergurt, Messbecher, Trichter<\/div>\n","protected":false},"excerpt":{"rendered":"<p>Funktionen Sofortiger, konstanter und einstellbarer Druck f\u00fcr maximale Kontrolle 3 verschiedene Druckmodi f\u00fcr unterschiedliche Anwendungen wie lokales, diffuses und Fernspr\u00fchen<\/p>\n","protected":false},"featured_media":407373,"template":"","meta":{"_seopress_robots_primary_cat":"","_seopress_titles_title":"","_seopress_titles_desc":"","_seopress_robots_index":""},"product_brand":[3656],"product_cat":[169,1566,1577],"product_tag":[],"class_list":{"0":"post-408127","1":"product","2":"type-product","3":"status-publish","4":"has-post-thumbnail","6":"product_brand-milwaukee-de","7":"product_cat-maschinen","8":"product_cat-nebelgeblase-und-spruhgerate","9":"product_cat-spruhgerate-de","10":"sws-gruppo-macchinari-de","11":"sws-conto-ricavi-merci-rivendita-macchinari-de","12":"sws-gruppo-iva-iva81-de","14":"first","15":"instock","16":"shipping-taxable","17":"purchasable","18":"product-type-simple"},"_links":{"self":[{"href":"https:\/\/lucacastelli.com\/de\/wp-json\/wp\/v2\/product\/408127","targetHints":{"allow":["GET"]}}],"collection":[{"href":"https:\/\/lucacastelli.com\/de\/wp-json\/wp\/v2\/product"}],"about":[{"href":"https:\/\/lucacastelli.com\/de\/wp-json\/wp\/v2\/types\/product"}],"wp:featuredmedia":[{"embeddable":true,"href":"https:\/\/lucacastelli.com\/de\/wp-json\/wp\/v2\/media\/407373"}],"wp:attachment":[{"href":"https:\/\/lucacastelli.com\/de\/wp-json\/wp\/v2\/media?parent=408127"}],"wp:term":[{"taxonomy":"product_brand","embeddable":true,"href":"https:\/\/lucacastelli.com\/de\/wp-json\/wp\/v2\/product_brand?post=408127"},{"taxonomy":"product_cat","embeddable":true,"href":"https:\/\/lucacastelli.com\/de\/wp-json\/wp\/v2\/product_cat?post=408127"},{"taxonomy":"product_tag","embeddable":true,"href":"https:\/\/lucacastelli.com\/de\/wp-json\/wp\/v2\/product_tag?post=408127"}],"curies":[{"name":"wp","href":"https:\/\/api.w.org\/{rel}","templated":true}]}}