{"id":408100,"date":"2025-04-10T08:00:48","date_gmt":"2025-04-10T06:00:48","guid":{"rendered":"https:\/\/lucacastelli.com\/prodotto\/helly-hansen-alta-regenmantel\/"},"modified":"2025-06-29T09:53:53","modified_gmt":"2025-06-29T07:53:53","slug":"helly-hansen-alta-regenmantel","status":"publish","type":"product","link":"https:\/\/lucacastelli.com\/de\/produkt\/helly-hansen-alta-regenmantel\/","title":{"rendered":"HELLY HANSEN ALTA REGENMANTEL"},"content":{"rendered":"<h2 class=\"heading-module-default-YCWYJ heading-module-style--h3-UaBAX productDescription-productDescriptionTitle-GNlf7\">Regenfester Regenmantel mit hoher Sichtbarkeit<\/h2>\n<div class=\"productDescription-productDescriptionContent-TpRJT\">Der Alta Regenmantel sorgt f\u00fcr Sichtbarkeit und h\u00e4lt Sie trocken.<\/div>\n<div class=\"productDescription-productDescriptionContent-TpRJT\"><\/div>\n<div>Fasergehalt: Hauptgewebe: 100% Polyester &#8211; 170 g\/m\u00b2, PU-Beschichtung<\/div>\n<div><\/div>\n<div>\n<div class=\"productCollapseSection-productCollapseSectionTitle-GX9z3\">\n<h2 class=\"heading-module-default-YCWYJ heading-module-style--h3-UaBAX\">Merkmal<\/h2>\n<\/div>\n<div class=\"productCollapseSection-productCollapseSectionContent-UycAf\">\n<ul>\n<li>EN ISO 20471:2013:3<\/li>\n<li>EN 343:2019: 4, 1, X<\/li>\n<li>YKK-Rei\u00dfverschluss\u00ae<\/li>\n<li>Klappbare Kapuze im Kragen<\/li>\n<li>Verstellbare Kapuze mit Kordelzug<\/li>\n<li>2-Wege-YKK-Rei\u00dfverschluss\u00ae auf der Vorderseite<\/li>\n<li>Verstellbare \u00c4rmelb\u00fcndchen<\/li>\n<li>Bel\u00fcftungs\u00f6ffnung im R\u00fccken<\/li>\n<\/ul>\n<\/div>\n<\/div>\n","protected":false},"excerpt":{"rendered":"<p>Regenfester Regenmantel mit hoher Sichtbarkeit Der Alta Regenmantel sorgt f\u00fcr Sichtbarkeit und h\u00e4lt Sie trocken. Fasergehalt: Hauptgewebe: 100% Polyester &#8211;<\/p>\n","protected":false},"featured_media":407301,"template":"","meta":{"_seopress_robots_primary_cat":"","_seopress_titles_title":"","_seopress_titles_desc":"","_seopress_robots_index":""},"product_brand":[3645],"product_cat":[82,1382],"product_tag":[],"class_list":{"0":"post-408100","1":"product","2":"type-product","3":"status-publish","4":"has-post-thumbnail","6":"product_brand-helly-hansen-de","7":"product_cat-kleidung","8":"product_cat-arbeitskleidung","9":"sws-gruppo-abb-libero-de","10":"sws-conto-ricavi-merci-rivendita-abbigliamento-de","11":"sws-gruppo-iva-iva81-de","13":"first","14":"instock","15":"shipping-taxable","16":"purchasable","17":"product-type-variable"},"_links":{"self":[{"href":"https:\/\/lucacastelli.com\/de\/wp-json\/wp\/v2\/product\/408100","targetHints":{"allow":["GET"]}}],"collection":[{"href":"https:\/\/lucacastelli.com\/de\/wp-json\/wp\/v2\/product"}],"about":[{"href":"https:\/\/lucacastelli.com\/de\/wp-json\/wp\/v2\/types\/product"}],"wp:featuredmedia":[{"embeddable":true,"href":"https:\/\/lucacastelli.com\/de\/wp-json\/wp\/v2\/media\/407301"}],"wp:attachment":[{"href":"https:\/\/lucacastelli.com\/de\/wp-json\/wp\/v2\/media?parent=408100"}],"wp:term":[{"taxonomy":"product_brand","embeddable":true,"href":"https:\/\/lucacastelli.com\/de\/wp-json\/wp\/v2\/product_brand?post=408100"},{"taxonomy":"product_cat","embeddable":true,"href":"https:\/\/lucacastelli.com\/de\/wp-json\/wp\/v2\/product_cat?post=408100"},{"taxonomy":"product_tag","embeddable":true,"href":"https:\/\/lucacastelli.com\/de\/wp-json\/wp\/v2\/product_tag?post=408100"}],"curies":[{"name":"wp","href":"https:\/\/api.w.org\/{rel}","templated":true}]}}