{"id":408063,"date":"2025-04-04T10:03:02","date_gmt":"2025-04-04T08:03:02","guid":{"rendered":"https:\/\/lucacastelli.com\/prodotto\/petzl-astro-europaeische-version\/"},"modified":"2025-07-01T00:00:54","modified_gmt":"2025-06-30T22:00:54","slug":"petzl-astro-europaeische-version","status":"publish","type":"product","link":"https:\/\/lucacastelli.com\/de\/produkt\/petzl-astro-europaeische-version\/","title":{"rendered":"PETZL ASTRO\u00ae Europ\u00e4ische Version"},"content":{"rendered":"<p class=\"productSubtitle\">Ultra-komfortabler Gurt f\u00fcr Seilzugangsarbeiten mit schwierigem Zugang<\/p>\n<div class=\"productCaracteristiquesPosition inlineblock\">\n<p class=\"productCaracteristiques inlineblock\">Der ASTRO-Gurt ist f\u00fcr Seilzugangsarbeiter mit schwierigem Zugang konzipiert. Seine Konstruktion ist an die spezifischen Anforderungen der Seilbewegung und des Aufstiegs angepasst. Die 3D-Polsterung und die halbstarre Struktur des Bunds und der Beinschlaufen sorgen f\u00fcr mehr Komfort in allen Arbeitsphasen. Der ventrale Befestigungspunkt, der ge\u00f6ffnet werden kann, erm\u00f6glicht die optimale Installation der f\u00fcr die Reise erforderlichen Ausr\u00fcstung. Die integrierte CROLL L Seilklemme f\u00f6rdert die Effizienz beim Klettern im Hochseilgarten. Der G\u00fcrtel mit den seitlichen Befestigungspunkten aus Metall, den Ger\u00e4teschlaufen und den Werkzeugschlaufen erm\u00f6glicht die Organisation und den Transport des gesamten Materials, das f\u00fcr die Arbeit eines Arbeitstages erforderlich ist. Schlie\u00dflich sind das Anziehen und Einstellen auch mit Handschuhen dank der selbstverriegelnden Schnallen FAST und DOUBLEBACK PLUS einfach und bequem.      <\/p>\n<\/div>\n<p>&nbsp;<\/p>\n<h3>Detaillierte Beschreibung<\/h3>\n<div class=\"list\">\n<ul>\n<li>Ultra-komfortable Konstruktion:<br \/>\n&#8211; die vom Hals getrennten Tr\u00e4ger begrenzen das Scheuern,<br \/>\n&#8211; die d\u00fcnnen und verschiebbaren Riemen erm\u00f6glichen eine gr\u00f6\u00dfere Freiheit und Leichtigkeit,<br \/>\n&#8211; Alle Kontaktfl\u00e4chen, Hosentr\u00e4ger, G\u00fcrtel- und Beinschlaufen mit 3D-Polsterung, die mit atmungsaktivem Stoff bezogen sind, erm\u00f6glichen mehr Komfort bei der Aufh\u00e4ngung und in allen Arbeitsphasen,<br \/>\n&#8211; Die halbstarren Gurt- und Beinschlaufen garantieren eine perfekte Passform und Dichtheit des Gurts am K\u00f6rper des Benutzers,<br \/>\n&#8211; Die seitlichen Befestigungspunkte aus Metall sind klappbar, um zu verhindern, dass sie bei Nichtgebrauch unbeabsichtigt befestigt werden.<br \/>\n&#8211; Die R\u00fcckseite der Beinschlaufen ist mit elastischen Gurten (austauschbar &#8211; als Zubeh\u00f6r erh\u00e4ltlich) ausgestattet, um die richtige Passform sowohl beim Fahren als auch in der Federung zu gew\u00e4hrleisten.<br \/>\n &#8211; Der R\u00fcckenring f\u00fcr die Schultergurt-Verbindung besteht aus Aluminium.<\/li>\n<li>Optimale Integration der Ger\u00e4te dank des ventralen \u00d6ffnungspunkts:<br \/>\n&#8211; das Progressions-Verbindungsmittel, PROGRESS ADJUST oder JANE, wird ohne Verbinder direkt an der Achse angeschlossen,<br \/>\n&#8211; die ventrale Seilklemme CROLL L wird direkt am ventralen Punkt angeschlossen, um eine gr\u00f6\u00dfere Effektivit\u00e4t und Bewegungsfreiheit beim Aufstieg an Seilen zu gew\u00e4hrleisten,<br \/>\n&#8211; die Verbindung eines PODIUM- oder LITEPOD-Sitzes direkt an der Achse erm\u00f6glicht eine direkte Verteilung auf dem Abseilger\u00e4t,  Gew\u00e4hrleistung der Beweglichkeit des ventralen Befestigungspunkts.<\/li>\n<li>Komfortable Einstellung:<br \/>\n&#8211; Die Schultergurte sind auf der linken Seite mit einer zu \u00f6ffnenden FAST-Schnalle ausgestattet, um das An- und Ausziehen des Gurts zu erleichtern, und auf der rechten Seite mit einer selbstverriegelnden DOUBLEBACK-Schnalle mit Anti-Rutsch-System f\u00fcr eine einfache und stabile Einstellung.<br \/>\n&#8211; Der Gurt ist mit selbstverriegelnden DOUBLEBACK PLUS-Schnallen ausgestattet, die durch Anti-Rutsch-Stangen (im Lieferumfang enthalten &#8211; nicht installiert) erg\u00e4nzt werden k\u00f6nnen.<br \/>\n&#8211; die selbstsichernden DOUBLEBACK PLUS-Schnallen aus eloxiertem Aluminium garantieren eine einfache Einstellung w\u00e4hrend der gesamten Lebensdauer des Gurtzeugs<br \/>\n&#8211; Die Beinschlaufen sind mit FAST zu \u00f6ffnenden Schnallen ausgestattet, die ein schnelles \u00d6ffnen und Schlie\u00dfen erm\u00f6glichen, auch mit Handschuhen und ohne Verlust der Einstellung.<\/li>\n<li>Design, das den Transport und die Organisation des Materials erleichtert:<br \/>\n&#8211; Die Schultergurte sind mit einem h\u00f6henverstellbaren Velcro-Gurtband ausgestattet, das rechts oder links positioniert werden kann, um den ASAP&#8217;SORBER-Falld\u00e4mpfer zu halten,<br \/>\n&#8211; M\u00f6glichkeit, Verbindungsst\u00fccke f\u00fcr Verbindungsmittel zur Absturzsicherung an den Schultergurten anzubringen (als Zubeh\u00f6r erh\u00e4ltlich),<br \/>\n&#8211; Der Gurt ist mit zwei klappbaren Befestigungspunkten aus Metall ausgestattet, um ein Verbindungsmittel mit doppelter Positionierung zu verbinden.<br \/>\n&#8211; Er ist au\u00dferdem mit sieben vorgeformten Ger\u00e4teschlaufen mit Schutzh\u00fclle, zwei Schlaufen f\u00fcr CARITOOL-Ger\u00e4teschlaufen und INTERFAST-Verbindungselement sowie zwei Schlaufen f\u00fcr TOOLBAG-Werkzeugkoffer ausgestattet.<\/li>\n<\/ul>\n<h3>Spezifisch<\/h3>\n<div class=\"list\">\n<ul>\n<li>Ventraler Befestigungspunkt: Verbindung eines Abseilger\u00e4ts, eines einmalig verwendeten Progressions- oder Positionierungsverbindungsmittels, eines Sitzes.<\/li>\n<li>Seitliche Befestigungspunkte: Verbindung eines Positionierungsseils wird doppelt verwendet.<\/li>\n<li>Sternale Anschlag\u00f6se: Anschluss eines Auffangsystems.<\/li>\n<li>Dorsale Befestigungs\u00f6se: Anschluss eines Auffangsystems.<\/li>\n<li>Befestigungspunkt an der R\u00fcckseite des Gurtes: Anschluss eines R\u00fcckhaltebands.<\/li>\n<li>Zertifizierung(en): CE EN 361, EN 813, EN 358, EN 12841 Typ B<\/li>\n<li>Materialien: Polyamid, Polyester, Aluminium, Stahl<\/li>\n<\/ul>\n<\/div>\n<\/div>\n<table>\n<tbody>\n<tr>\n<th class=\"rowTitle\">Artikelnummern<\/th>\n<th>\n C083AB00<\/th>\n<th>\n C083AB01<\/th>\n<th>C083AB02<\/th>\n<\/tr>\n<tr>\n<td class=\"rowTitle\">Farbe(n)<\/td>\n<td>Schwarz, Gelb<\/td>\n<td>Schwarz, Gelb<\/td>\n<td>Schwarz, Gelb<\/td>\n<\/tr>\n<tr>\n<td class=\"rowTitle\">Gr\u00f6\u00dfe<\/td>\n<td>\n 0<\/td>\n<td>\n 1<\/td>\n<td>arabische Ziffer<\/td>\n<\/tr>\n<tr>\n<td class=\"rowTitle\">Taille<\/td>\n<td>65-80 cm<\/td>\n<td>70-93 cm<\/td>\n<td>83-120 cm<\/td>\n<\/tr>\n<tr>\n<td class=\"rowTitle\">Oberschenkelg\u00fcrtel<\/td>\n<td>44-59 cm<\/td>\n<td>47-62 cm<\/td>\n<td>50-65 cm<\/td>\n<\/tr>\n<tr>\n<td class=\"rowTitle\">Statur<\/td>\n<td>ca. 160-180 cm<\/td>\n<td>ca. 165-185 cm<\/td>\n<td>ca. 175-200 cm<\/td>\n<\/tr>\n<tr>\n<td class=\"rowTitle\">Gewicht<\/td>\n<td>1930 Gramm<\/td>\n<td>1935 Gramm<\/td>\n<td>ca. 2060 Gramm<\/td>\n<\/tr>\n<tr>\n<td class=\"rowTitle\">Garantie<\/td>\n<td>3 Jahre<\/td>\n<td>3 Jahre<\/td>\n<td>3 Jahre<\/td>\n<\/tr>\n<tr>\n<td class=\"rowTitle\">Verpackung<\/td>\n<td>\n 1<\/td>\n<td>\n 1<\/td>\n<td>1<\/td>\n<\/tr>\n<\/tbody>\n<\/table>\n","protected":false},"excerpt":{"rendered":"<p>Ultra-komfortabler Gurt f\u00fcr Seilzugangsarbeiten mit schwierigem Zugang Der ASTRO-Gurt ist f\u00fcr Seilzugangsarbeiter mit schwierigem Zugang konzipiert. Seine Konstruktion ist an<\/p>\n","protected":false},"featured_media":407151,"template":"","meta":{"_seopress_robots_primary_cat":"","_seopress_titles_title":"","_seopress_titles_desc":"","_seopress_robots_index":""},"product_brand":[3666],"product_cat":[150,1396,1403],"product_tag":[],"class_list":{"0":"post-408063","1":"product","2":"type-product","3":"status-publish","4":"has-post-thumbnail","6":"product_brand-petzl-de","7":"product_cat-ausrustung","8":"product_cat-arbeitsausrustung","9":"product_cat-auffanggurte-und-sicherheitsausrustung","10":"sws-gruppo-attrezz-de","11":"sws-conto-ricavi-merci-rivendita-abbigliamento-de","12":"sws-gruppo-iva-iva81-de","14":"first","15":"instock","16":"shipping-taxable","17":"purchasable","18":"product-type-variable"},"_links":{"self":[{"href":"https:\/\/lucacastelli.com\/de\/wp-json\/wp\/v2\/product\/408063","targetHints":{"allow":["GET"]}}],"collection":[{"href":"https:\/\/lucacastelli.com\/de\/wp-json\/wp\/v2\/product"}],"about":[{"href":"https:\/\/lucacastelli.com\/de\/wp-json\/wp\/v2\/types\/product"}],"wp:featuredmedia":[{"embeddable":true,"href":"https:\/\/lucacastelli.com\/de\/wp-json\/wp\/v2\/media\/407151"}],"wp:attachment":[{"href":"https:\/\/lucacastelli.com\/de\/wp-json\/wp\/v2\/media?parent=408063"}],"wp:term":[{"taxonomy":"product_brand","embeddable":true,"href":"https:\/\/lucacastelli.com\/de\/wp-json\/wp\/v2\/product_brand?post=408063"},{"taxonomy":"product_cat","embeddable":true,"href":"https:\/\/lucacastelli.com\/de\/wp-json\/wp\/v2\/product_cat?post=408063"},{"taxonomy":"product_tag","embeddable":true,"href":"https:\/\/lucacastelli.com\/de\/wp-json\/wp\/v2\/product_tag?post=408063"}],"curies":[{"name":"wp","href":"https:\/\/api.w.org\/{rel}","templated":true}]}}