{"id":408028,"date":"2025-04-03T10:14:01","date_gmt":"2025-04-03T08:14:01","guid":{"rendered":"https:\/\/lucacastelli.com\/prodotto\/arborflex-felle-olive\/"},"modified":"2025-09-30T11:59:20","modified_gmt":"2025-09-30T09:59:20","slug":"arborflex-felle-olive","status":"publish","type":"product","link":"https:\/\/lucacastelli.com\/de\/produkt\/arborflex-felle-olive\/","title":{"rendered":"Arborflex Felle &#8211; Oliv"},"content":{"rendered":"<p>PRODUKTBESCHREIBUNG:<br \/>\n Freizeithosen k\u00f6nnen als Freizeit-\/Actionhosen getragen werden oder eine Arborflex-Basisschicht kann hinzugef\u00fcgt werden, um eine vollst\u00e4ndig zertifizierte Kettens\u00e4genhose zu erhalten.<br \/>\n*Dieses Hosenset sch\u00fctzt NICHT vor Kettens\u00e4gen, sondern nur, wenn es in Verbindung mit der zus\u00e4tzlichen Basisschicht getragen wird.*<br \/>\nEIGENSCHAFTEN UND VORTEILE:Verst\u00e4rkte<br \/>\n N\u00e4hte in Bereichen mit hoher Spannung.<br \/>\nAtmungsaktives Climatepshere-Gewebe f\u00fcr maximalen Komfort.<br \/>\nKevlar-Verst\u00e4rkung im Unterschenkel, Abriebfestigkeit gegen Dornen und B\u00fcsche.<br \/>\nL\u00e4ssige, tiefe Rei\u00dfverschlusstaschen f\u00fcr gr\u00f6\u00dfere Gegenst\u00e4nde.<br \/>\nVorgeformte Knie f\u00fcr maximale Bewegungsfreiheit.<br \/>\nCargotasche mit Rei\u00dfverschluss und zwei gro\u00dfe Ges\u00e4\u00dftaschen.<br \/>\nVerstellbare Taille, um die bestm\u00f6gliche Passform zu gew\u00e4hrleisten.<br \/>\nElastischer Schn\u00fcrverschluss, der gedehnt werden kann, um das Eindringen von S\u00e4gemehl in die Stiefel zu reduzieren.<br \/>\nNB: DIESE HOSE HAT KEINEN KETTENS\u00c4GENSCHUTZ<\/p>\n","protected":false},"excerpt":{"rendered":"<p>PRODUKTBESCHREIBUNG: Freizeithosen k\u00f6nnen als Freizeit-\/Actionhosen getragen werden oder eine Arborflex-Basisschicht kann hinzugef\u00fcgt werden, um eine vollst\u00e4ndig zertifizierte Kettens\u00e4genhose zu erhalten.<\/p>\n","protected":false},"featured_media":407121,"template":"","meta":{"_seopress_robots_primary_cat":"","_seopress_titles_title":"","_seopress_titles_desc":"","_seopress_robots_index":""},"product_brand":[3611],"product_cat":[82,974,975],"product_tag":[5804],"class_list":{"0":"post-408028","1":"product","2":"type-product","3":"status-publish","4":"has-post-thumbnail","6":"product_brand-arbortec-de-2","7":"product_cat-kleidung","8":"product_cat-freizeitkleidung","9":"product_cat-herrenbekleidung","10":"product_tag-luzern2025","11":"sws-gruppo-abb-libero-de","12":"sws-categoria-sito-de","13":"sws-conto-ricavi-merci-rivendita-abbigliamento-de","14":"sws-gruppo-iva-iva81-de","16":"first","17":"instock","18":"shipping-taxable","19":"purchasable","20":"product-type-variable"},"_links":{"self":[{"href":"https:\/\/lucacastelli.com\/de\/wp-json\/wp\/v2\/product\/408028","targetHints":{"allow":["GET"]}}],"collection":[{"href":"https:\/\/lucacastelli.com\/de\/wp-json\/wp\/v2\/product"}],"about":[{"href":"https:\/\/lucacastelli.com\/de\/wp-json\/wp\/v2\/types\/product"}],"wp:featuredmedia":[{"embeddable":true,"href":"https:\/\/lucacastelli.com\/de\/wp-json\/wp\/v2\/media\/407121"}],"wp:attachment":[{"href":"https:\/\/lucacastelli.com\/de\/wp-json\/wp\/v2\/media?parent=408028"}],"wp:term":[{"taxonomy":"product_brand","embeddable":true,"href":"https:\/\/lucacastelli.com\/de\/wp-json\/wp\/v2\/product_brand?post=408028"},{"taxonomy":"product_cat","embeddable":true,"href":"https:\/\/lucacastelli.com\/de\/wp-json\/wp\/v2\/product_cat?post=408028"},{"taxonomy":"product_tag","embeddable":true,"href":"https:\/\/lucacastelli.com\/de\/wp-json\/wp\/v2\/product_tag?post=408028"}],"curies":[{"name":"wp","href":"https:\/\/api.w.org\/{rel}","templated":true}]}}