{"id":408019,"date":"2025-04-02T12:58:42","date_gmt":"2025-04-02T10:58:42","guid":{"rendered":"https:\/\/lucacastelli.com\/prodotto\/deuter-kikki-ahorn-umbra\/"},"modified":"2026-04-17T23:29:02","modified_gmt":"2026-04-17T21:29:02","slug":"deuter-kikki-ahorn-umbra","status":"publish","type":"product","link":"https:\/\/lucacastelli.com\/de\/produkt\/deuter-kikki-ahorn-umbra\/","title":{"rendered":"DEUTER KIKKI MAPLE-UMBRA"},"content":{"rendered":"<p>Hund, Tiger, Drache und Hase. Jedes Kindergartenkind ab 3 Jahren findet hier seinen Favoriten. Der Kikki hat einen weich gepolsterten R\u00fccken und ist dank der S-f\u00f6rmigen Schultergurte mit weichen Abschl\u00fcssen angenehm zu tragen. Das 8-Liter-Innenfach und die elastische Seitentasche bieten Platz f\u00fcr alle wichtigen Dinge. Dank des robusten recycelten Materials aus f\u00fcnfzehn 0,5-Liter-PET-Flaschen ist das bluesign\u00ae- und Green-Button-zertifizierte Produkt nicht nur ideal f\u00fcr den Kindergartenalltag, sondern auch f\u00fcr alle anderen Ausfl\u00fcge. Zudem ist der Kikki ohne PFAS hergestellt.     <\/p>\n<p>Ein tierischer Begleiter f\u00fcr alle Kindergartenkinder ab 3 Jahren.<\/p>\n<p>&nbsp;<\/p>\n<ul>\n<li>Verstellbarer Brustgurt<\/li>\n<li>Zwei elastische Seitentaschen<\/li>\n<li>Elastisches Innenfach zur Aufbewahrung von feuchten\/schweissnassen Kleidungsst\u00fccken, Trinksystem usw.<\/li>\n<li>Reflektierendes Namensschild<\/li>\n<li>Materialschlaufen vorne<\/li>\n<li>R\u00fcckenkontaktsystem<\/li>\n<li>Reflektierende Elemente<\/li>\n<li>Kindgerechte S-f\u00f6rmige Schultergurte mit weichen Abschl\u00fcssen<\/li>\n<\/ul>\n","protected":false},"excerpt":{"rendered":"<p>Hund, Tiger, Drache und Hase. Jedes Kindergartenkind ab 3 Jahren findet hier seinen Favoriten. Der Kikki hat einen weich gepolsterten<\/p>\n","protected":false},"featured_media":407071,"template":"","meta":{"_seopress_robots_primary_cat":"none","_seopress_titles_title":"","_seopress_titles_desc":"","_seopress_robots_index":""},"product_brand":[3617],"product_cat":[150,1409,1703],"product_tag":[],"class_list":{"0":"post-408019","1":"product","2":"type-product","3":"status-publish","4":"has-post-thumbnail","6":"product_brand-deuter-de","7":"product_cat-ausrustung","8":"product_cat-freizeitausrustung","9":"product_cat-sonstiges","10":"sws-gruppo-abb-libero-de","11":"sws-conto-ricavi-merci-rivendita-abbigliamento-de","12":"sws-gruppo-iva-iva81-de","14":"first","15":"instock","16":"shipping-taxable","17":"purchasable","18":"product-type-simple"},"_links":{"self":[{"href":"https:\/\/lucacastelli.com\/de\/wp-json\/wp\/v2\/product\/408019","targetHints":{"allow":["GET"]}}],"collection":[{"href":"https:\/\/lucacastelli.com\/de\/wp-json\/wp\/v2\/product"}],"about":[{"href":"https:\/\/lucacastelli.com\/de\/wp-json\/wp\/v2\/types\/product"}],"wp:featuredmedia":[{"embeddable":true,"href":"https:\/\/lucacastelli.com\/de\/wp-json\/wp\/v2\/media\/407071"}],"wp:attachment":[{"href":"https:\/\/lucacastelli.com\/de\/wp-json\/wp\/v2\/media?parent=408019"}],"wp:term":[{"taxonomy":"product_brand","embeddable":true,"href":"https:\/\/lucacastelli.com\/de\/wp-json\/wp\/v2\/product_brand?post=408019"},{"taxonomy":"product_cat","embeddable":true,"href":"https:\/\/lucacastelli.com\/de\/wp-json\/wp\/v2\/product_cat?post=408019"},{"taxonomy":"product_tag","embeddable":true,"href":"https:\/\/lucacastelli.com\/de\/wp-json\/wp\/v2\/product_tag?post=408019"}],"curies":[{"name":"wp","href":"https:\/\/api.w.org\/{rel}","templated":true}]}}