{"id":408010,"date":"2025-04-02T12:53:14","date_gmt":"2025-04-02T10:53:14","guid":{"rendered":"https:\/\/lucacastelli.com\/prodotto\/deuter-waldfuchs-10-linden-kaktus\/"},"modified":"2026-03-01T00:11:06","modified_gmt":"2026-02-28T23:11:06","slug":"deuter-waldfuchs-10-linden-kaktus","status":"publish","type":"product","link":"https:\/\/lucacastelli.com\/de\/produkt\/deuter-waldfuchs-10-linden-kaktus\/","title":{"rendered":"DEUTER Waldfuchs 10 Linden-Kaktus"},"content":{"rendered":"<p>Der strapazierf\u00e4hige Walduchs ist der perfekte Rucksack f\u00fcr einen Ausflug in die Natur, und das K\u00f6rpergewebe besteht zu 100 % aus recyceltem Material und mit umweltfreundlichen und ressourcenschonenden Komponenten. Es ist kinderfreundlich und bietet viel Platz f\u00fcr all ihre Habseligkeiten. Und auch der Tragekomfort ist hervorragend, genau wie bei den Rucks\u00e4cken von Mama und Papa. Mit ergonomischen R\u00fcckenpolstern, die Ihren R\u00fccken st\u00fctzen und das Gewicht gleichm\u00e4\u00dfig verteilen, und effektiver Bel\u00fcftung, um schnell zu laufen!   <\/p>\n<p>&nbsp;<\/p>\n<ul>\n<li>R\u00fcckenkontakt-System<\/li>\n<li>Gepolsterte und ergonomische Schultergurte<\/li>\n<li>Verstellbarer Brustgurt<\/li>\n<li>Oberes Magazin mit Kordelzug und Deckel<\/li>\n<li>reflektierende Elemente<\/li>\n<li>Nasswaschk\u00fcche<\/li>\n<li>Elastische Seitentaschen<\/li>\n<li>Frontfach mit Rei\u00dfverschluss<\/li>\n<li>Herausnehmbare Matratze<\/li>\n<li>\u00d6sen fixieren<\/li>\n<li>Namensschild innen<\/li>\n<li>Regen Rucksackh\u00fclle<\/li>\n<li>Wasserabweisender und versteifter Boden<\/li>\n<li>Extra robust entwickelt mit LV Wald- &amp; Naturkinderg\u00e4rten in Bayern e.V.<\/li>\n<li>Robustes Au\u00dfenmaterial<\/li>\n<\/ul>\n","protected":false},"excerpt":{"rendered":"<p>Der strapazierf\u00e4hige Walduchs ist der perfekte Rucksack f\u00fcr einen Ausflug in die Natur, und das K\u00f6rpergewebe besteht zu 100 %<\/p>\n","protected":false},"featured_media":407030,"template":"","meta":{"_seopress_robots_primary_cat":"","_seopress_titles_title":"","_seopress_titles_desc":"","_seopress_robots_index":""},"product_brand":[3617],"product_cat":[150,1409,1703],"product_tag":[],"class_list":{"0":"post-408010","1":"product","2":"type-product","3":"status-publish","4":"has-post-thumbnail","6":"product_brand-deuter-de","7":"product_cat-ausrustung","8":"product_cat-freizeitausrustung","9":"product_cat-sonstiges","10":"sws-gruppo-abb-libero-de","11":"sws-conto-ricavi-merci-rivendita-abbigliamento-de","12":"sws-gruppo-iva-iva81-de","14":"first","15":"instock","16":"shipping-taxable","17":"purchasable","18":"product-type-simple"},"_links":{"self":[{"href":"https:\/\/lucacastelli.com\/de\/wp-json\/wp\/v2\/product\/408010","targetHints":{"allow":["GET"]}}],"collection":[{"href":"https:\/\/lucacastelli.com\/de\/wp-json\/wp\/v2\/product"}],"about":[{"href":"https:\/\/lucacastelli.com\/de\/wp-json\/wp\/v2\/types\/product"}],"wp:featuredmedia":[{"embeddable":true,"href":"https:\/\/lucacastelli.com\/de\/wp-json\/wp\/v2\/media\/407030"}],"wp:attachment":[{"href":"https:\/\/lucacastelli.com\/de\/wp-json\/wp\/v2\/media?parent=408010"}],"wp:term":[{"taxonomy":"product_brand","embeddable":true,"href":"https:\/\/lucacastelli.com\/de\/wp-json\/wp\/v2\/product_brand?post=408010"},{"taxonomy":"product_cat","embeddable":true,"href":"https:\/\/lucacastelli.com\/de\/wp-json\/wp\/v2\/product_cat?post=408010"},{"taxonomy":"product_tag","embeddable":true,"href":"https:\/\/lucacastelli.com\/de\/wp-json\/wp\/v2\/product_tag?post=408010"}],"curies":[{"name":"wp","href":"https:\/\/api.w.org\/{rel}","templated":true}]}}