{"id":408009,"date":"2025-04-02T12:40:45","date_gmt":"2025-04-02T10:40:45","guid":{"rendered":"https:\/\/lucacastelli.com\/prodotto\/deuter-shortrail-ii-schwarz\/"},"modified":"2026-03-01T00:11:07","modified_gmt":"2026-02-28T23:11:07","slug":"deuter-shortrail-ii-schwarz","status":"publish","type":"product","link":"https:\/\/lucacastelli.com\/de\/produkt\/deuter-shortrail-ii-schwarz\/","title":{"rendered":"DEUTER Shortrail II Schwarz"},"content":{"rendered":"<p>Mit diesem leichten Laufg\u00fcrtel sind Ihre Sachen und Energieriegel organisiert. Eine verst\u00e4rkte Flaschentasche mit einer elastischen Kordel h\u00e4lt Ihre Trinkquelle sicher und griffbereit. Ein verstellbarer H\u00fcftgurt reduziert \u00fcbersch\u00fcssiges Gewicht und sorgt f\u00fcr eine individuelle Passform. Bei diesem bluesign-Produkt\u00ae wird ein K\u00f6rpergewebe verwendet, das zu 100 % aus recycelten Materialien und Komponenten besteht, die in umweltfreundlichen und ressourcenschonenden Herstellungsverfahren hergestellt werden. Er erf\u00fcllt den Green Button Standard, ist klimaneutral und PFC-frei.    <\/p>\n<ul>\n<li>Flaschenhalter<\/li>\n<li>Beckengurt, der an den K\u00f6rper angepasst werden kann<\/li>\n<li>reflektierende Elemente<\/li>\n<\/ul>\n<p>&nbsp;<\/p>\n","protected":false},"excerpt":{"rendered":"<p>Mit diesem leichten Laufg\u00fcrtel sind Ihre Sachen und Energieriegel organisiert. Eine verst\u00e4rkte Flaschentasche mit einer elastischen Kordel h\u00e4lt Ihre Trinkquelle<\/p>\n","protected":false},"featured_media":406964,"template":"","meta":{"_seopress_robots_primary_cat":"","_seopress_titles_title":"","_seopress_titles_desc":"","_seopress_robots_index":""},"product_brand":[3617],"product_cat":[150,1409,1703],"product_tag":[],"class_list":{"0":"post-408009","1":"product","2":"type-product","3":"status-publish","4":"has-post-thumbnail","6":"product_brand-deuter-de","7":"product_cat-ausrustung","8":"product_cat-freizeitausrustung","9":"product_cat-sonstiges","10":"sws-gruppo-abb-libero-de","11":"sws-conto-ricavi-merci-rivendita-abbigliamento-de","12":"sws-gruppo-iva-iva81-de","14":"first","15":"instock","16":"shipping-taxable","17":"purchasable","18":"product-type-simple"},"_links":{"self":[{"href":"https:\/\/lucacastelli.com\/de\/wp-json\/wp\/v2\/product\/408009","targetHints":{"allow":["GET"]}}],"collection":[{"href":"https:\/\/lucacastelli.com\/de\/wp-json\/wp\/v2\/product"}],"about":[{"href":"https:\/\/lucacastelli.com\/de\/wp-json\/wp\/v2\/types\/product"}],"wp:featuredmedia":[{"embeddable":true,"href":"https:\/\/lucacastelli.com\/de\/wp-json\/wp\/v2\/media\/406964"}],"wp:attachment":[{"href":"https:\/\/lucacastelli.com\/de\/wp-json\/wp\/v2\/media?parent=408009"}],"wp:term":[{"taxonomy":"product_brand","embeddable":true,"href":"https:\/\/lucacastelli.com\/de\/wp-json\/wp\/v2\/product_brand?post=408009"},{"taxonomy":"product_cat","embeddable":true,"href":"https:\/\/lucacastelli.com\/de\/wp-json\/wp\/v2\/product_cat?post=408009"},{"taxonomy":"product_tag","embeddable":true,"href":"https:\/\/lucacastelli.com\/de\/wp-json\/wp\/v2\/product_tag?post=408009"}],"curies":[{"name":"wp","href":"https:\/\/api.w.org\/{rel}","templated":true}]}}