{"id":408004,"date":"2025-04-02T12:48:30","date_gmt":"2025-04-02T10:48:30","guid":{"rendered":"https:\/\/lucacastelli.com\/prodotto\/deuter-futura-32-graphit-schiefer\/"},"modified":"2025-06-28T23:35:09","modified_gmt":"2025-06-28T21:35:09","slug":"deuter-futura-32-graphit-schiefer","status":"publish","type":"product","link":"https:\/\/lucacastelli.com\/de\/produkt\/deuter-futura-32-graphit-schiefer\/","title":{"rendered":"DEUTER Futura 32 Graphit-Schiefer"},"content":{"rendered":"<p>Der Futura wurde f\u00fcr l\u00e4ngere Tageswanderungen und Mehrtageswanderungen entwickelt, bei denen hoher Komfort und einfache Handhabung das Ziel sind. Das neue Mesh des Aircomfort-R\u00fcckensystems sorgt f\u00fcr maximale Bel\u00fcftung. Das bedeutet bis zu 25% weniger Schwitzen und damit mehr Leistung. Die beweglichen ActiveFit-Schultergurte und die ergonomischen H\u00fcftklappen (mit Vorw\u00e4rtsverstellung) sorgen zudem f\u00fcr angenehmen Tragekomfort. Zus\u00e4tzlich schafft das separate untere Fach zus\u00e4tzliche Organisationsm\u00f6glichkeiten im Rucksack.    <\/p>\n<p>Das Hauptmaterial der Futura-Serie besteht aus bluesign-zertifiziertem\u00ae Material.<\/p>\n<p>&nbsp;<\/p>\n<ul>\n<li>Aktive Komfort-Passform<\/li>\n<li>Verstellbare Tr\u00e4ger<\/li>\n<li>Runder Profilrahmen aus dauerelastischem Federstahl<\/li>\n<li>Elastische Seitentaschen<\/li>\n<li>Verstellbarer Brustgurt<\/li>\n<li>Kompatibel mit dem 3L-Trinksystem\/der Blase<\/li>\n<li>Regen Rucksackh\u00fclle<\/li>\n<li>Innenfach zur sicheren Aufbewahrung von Wertsachen<\/li>\n<li>Stick-Befestigung<\/li>\n<li>Elastisches Innenfach f\u00fcr feuchte\/schwei\u00dfgetr\u00e4nkte Kleidung, Trinksystem, etc.<\/li>\n<li>Befestigungsringe f\u00fcr Helmhalterung (Helmhalterung nicht im Lieferumfang enthalten)<\/li>\n<li>Hauptfach mit Rei\u00dfverschluss-Trennwand<\/li>\n<li>Eng anliegende H\u00fcftflossen<\/li>\n<li>Die &#8220;nach vorne ziehenden&#8221; Lendenflossen<\/li>\n<li>SOS-Etikett<\/li>\n<li>Haubenfach<\/li>\n<li>Aircomfort-System<\/li>\n<\/ul>\n","protected":false},"excerpt":{"rendered":"<p>Der Futura wurde f\u00fcr l\u00e4ngere Tageswanderungen und Mehrtageswanderungen entwickelt, bei denen hoher Komfort und einfache Handhabung das Ziel sind. Das<\/p>\n","protected":false},"featured_media":407017,"template":"","meta":{"_seopress_robots_primary_cat":"","_seopress_titles_title":"","_seopress_titles_desc":"","_seopress_robots_index":""},"product_brand":[3617],"product_cat":[150,1409,1703],"product_tag":[],"class_list":{"0":"post-408004","1":"product","2":"type-product","3":"status-publish","4":"has-post-thumbnail","6":"product_brand-deuter-de","7":"product_cat-ausrustung","8":"product_cat-freizeitausrustung","9":"product_cat-sonstiges","10":"sws-gruppo-abb-libero-de","11":"sws-conto-ricavi-merci-rivendita-abbigliamento-de","12":"sws-gruppo-iva-iva81-de","14":"first","15":"instock","16":"shipping-taxable","17":"purchasable","18":"product-type-simple"},"_links":{"self":[{"href":"https:\/\/lucacastelli.com\/de\/wp-json\/wp\/v2\/product\/408004","targetHints":{"allow":["GET"]}}],"collection":[{"href":"https:\/\/lucacastelli.com\/de\/wp-json\/wp\/v2\/product"}],"about":[{"href":"https:\/\/lucacastelli.com\/de\/wp-json\/wp\/v2\/types\/product"}],"wp:featuredmedia":[{"embeddable":true,"href":"https:\/\/lucacastelli.com\/de\/wp-json\/wp\/v2\/media\/407017"}],"wp:attachment":[{"href":"https:\/\/lucacastelli.com\/de\/wp-json\/wp\/v2\/media?parent=408004"}],"wp:term":[{"taxonomy":"product_brand","embeddable":true,"href":"https:\/\/lucacastelli.com\/de\/wp-json\/wp\/v2\/product_brand?post=408004"},{"taxonomy":"product_cat","embeddable":true,"href":"https:\/\/lucacastelli.com\/de\/wp-json\/wp\/v2\/product_cat?post=408004"},{"taxonomy":"product_tag","embeddable":true,"href":"https:\/\/lucacastelli.com\/de\/wp-json\/wp\/v2\/product_tag?post=408004"}],"curies":[{"name":"wp","href":"https:\/\/api.w.org\/{rel}","templated":true}]}}