{"id":407998,"date":"2025-04-02T12:17:17","date_gmt":"2025-04-02T10:17:17","guid":{"rendered":"https:\/\/lucacastelli.com\/prodotto\/deuter-ascender-7-schwarz\/"},"modified":"2026-03-01T00:11:09","modified_gmt":"2026-02-28T23:11:09","slug":"deuter-ascender-7-schwarz","status":"publish","type":"product","link":"https:\/\/lucacastelli.com\/de\/produkt\/deuter-ascender-7-schwarz\/","title":{"rendered":"DEUTER Seilklemme 7 Schwarz"},"content":{"rendered":"<p>Leicht und komfortabel: Ergonomische schultergurte in Westenform mit elastischem Kompressionsriemen, verstellbare Brustgurte und weiches R\u00fcckenmaterial erm\u00f6glichen eine Anpassung des Rucksacks an den Oberk\u00f6rper. Dar\u00fcber hinaus minimieren die interne Netztasche und die seitlichen Kompressionsriemen die Auf- und Abbewegung der Ladung w\u00e4hrend der Fahrt. Die geholsterte Stangenhalterung am Schultergurt erm\u00f6glicht einen schnellen Zugriff auf die St\u00f6cke. Softflask und GPS sind auch in den Taschen an den Schultergurten immer griffbereit. Das Hauptmaterial des Trailrunnig Rucksacks ist zu 100% recycelt und bluesign\u00ae zertifiziert.    <\/p>\n<p>&nbsp;<\/p>\n<ul>\n<li>Licht<\/li>\n<li>Abnehmbarer Brustgurt<\/li>\n<li>Verstellbare Tr\u00e4ger<\/li>\n<li>Deux poches lat\u00e9rales \u00e9lastiques<\/li>\n<li>Innenfach zur sicheren Aufbewahrung von Wertsachen<\/li>\n<li>Geeignet f\u00fcr die Trinkzufuhr (bis zu 2 l)<\/li>\n<li>Elastisches Innenfach f\u00fcr feuchte\/schwei\u00dfgetr\u00e4nkte Kleidung, Trinksystem, etc.<\/li>\n<li>Sicherheitspfeife<\/li>\n<li>Feuchtigkeitsbarriere auf der R\u00fcckseite<\/li>\n<li>Weiche Trinkflaschenetuis an den Schultergurten<\/li>\n<li>SOS-Etikett<\/li>\n<li>Lite-System<\/li>\n<\/ul>\n<p>&nbsp;<\/p>\n","protected":false},"excerpt":{"rendered":"<p>Leicht und komfortabel: Ergonomische schultergurte in Westenform mit elastischem Kompressionsriemen, verstellbare Brustgurte und weiches R\u00fcckenmaterial erm\u00f6glichen eine Anpassung des Rucksacks<\/p>\n","protected":false},"featured_media":406885,"template":"","meta":{"_seopress_robots_primary_cat":"","_seopress_titles_title":"","_seopress_titles_desc":"","_seopress_robots_index":""},"product_brand":[3617],"product_cat":[150,1409,1703],"product_tag":[],"class_list":{"0":"post-407998","1":"product","2":"type-product","3":"status-publish","4":"has-post-thumbnail","6":"product_brand-deuter-de","7":"product_cat-ausrustung","8":"product_cat-freizeitausrustung","9":"product_cat-sonstiges","10":"sws-gruppo-abb-libero-de","11":"sws-conto-ricavi-merci-rivendita-abbigliamento-de","12":"sws-gruppo-iva-iva81-de","14":"first","15":"instock","16":"shipping-taxable","17":"purchasable","18":"product-type-simple"},"_links":{"self":[{"href":"https:\/\/lucacastelli.com\/de\/wp-json\/wp\/v2\/product\/407998","targetHints":{"allow":["GET"]}}],"collection":[{"href":"https:\/\/lucacastelli.com\/de\/wp-json\/wp\/v2\/product"}],"about":[{"href":"https:\/\/lucacastelli.com\/de\/wp-json\/wp\/v2\/types\/product"}],"wp:featuredmedia":[{"embeddable":true,"href":"https:\/\/lucacastelli.com\/de\/wp-json\/wp\/v2\/media\/406885"}],"wp:attachment":[{"href":"https:\/\/lucacastelli.com\/de\/wp-json\/wp\/v2\/media?parent=407998"}],"wp:term":[{"taxonomy":"product_brand","embeddable":true,"href":"https:\/\/lucacastelli.com\/de\/wp-json\/wp\/v2\/product_brand?post=407998"},{"taxonomy":"product_cat","embeddable":true,"href":"https:\/\/lucacastelli.com\/de\/wp-json\/wp\/v2\/product_cat?post=407998"},{"taxonomy":"product_tag","embeddable":true,"href":"https:\/\/lucacastelli.com\/de\/wp-json\/wp\/v2\/product_tag?post=407998"}],"curies":[{"name":"wp","href":"https:\/\/api.w.org\/{rel}","templated":true}]}}