{"id":407958,"date":"2026-04-12T09:31:41","date_gmt":"2026-04-12T07:31:41","guid":{"rendered":"https:\/\/lucacastelli.com\/prodotto\/la-sportiva-tx5-niedrig-gtx\/"},"modified":"2026-04-12T10:40:00","modified_gmt":"2026-04-12T08:40:00","slug":"la-sportiva-tx5-niedrig-gtx","status":"publish","type":"product","link":"https:\/\/lucacastelli.com\/de\/produkt\/la-sportiva-tx5-niedrig-gtx\/","title":{"rendered":"LA SPORTIVA TX5 Low GTX"},"content":{"rendered":"<p>Lederschuh aus der TX-Serie f\u00fcr Wanderer, die ein technisches Produkt f\u00fcr Zustiege, Wandern und Klettersteige suchen. Leicht und sch\u00fctzend, wasserdicht und atmungsaktiv dank GORE-TEX-Membran. <\/p>\n<p>&nbsp;<\/p>\n<div class=\"product-description col col-12 col-md-6\">Der TX 5 Low ist der Low-Cut-Lederschuh aus der TX-Serie f\u00fcr Wanderer, die ein technisches Produkt f\u00fcr Zustiege, Wandern und Klettersteige suchen. Leicht und sch\u00fctzend, wasserdicht und atmungsaktiv dank Gore-Tex-Membran. Der umlaufende, vom Klettersport inspirierte Abriebschutzrand macht ihn robust und langlebig, w\u00e4hrend das hochwertige Nubuk-Obermaterial den Tragekomfort erh\u00f6ht. Dank der stabilisierenden Brandsohle ist er strukturiert, sch\u00fctzend und f\u00fcr den Dauereinsatz durch Bergf\u00fchrer und Bergretter geeignet. Er nutzt die charakteristische Mythos-Style-Schn\u00fcrung, die den Schaft f\u00fcr eine perfekte und pr\u00e4zise Volumenregulierung umschlie\u00dft. Die Vibram Megagrip-Gummimischung ist extrem griffig, und die ausgepr\u00e4gte Ferse in Kombination mit den Hiking-Oriented-Stollen in differenzierter St\u00e4rke unterst\u00fctzt das Bremsen bergab und den Halt bergauf. F\u00fcr alle Bergliebhaber, die ein technisches und zuverl\u00e4ssiges Produkt f\u00fcr ihre Touren suchen.      <\/div>\n<div class=\"col col-12 col-md-6 block-detailed\">\n<div class=\"item-block collapsible-description feedaty reviews\" data-collapsible=\"true\">\n<div class=\"data item title\" tabindex=\"0\" data-role=\"title\" aria-expanded=\"true\" aria-selected=\"true\">\n<h3 id=\"tab-label-techinfo\" class=\"switch-title\">TECH INFO<\/h3>\n<\/div>\n<div class=\"data item content\" aria-labelledby=\"tab-label-techinfo\" data-role=\"content\" aria-hidden=\"false\">\n<div class=\"techinfo-container\">\n<div class=\"techinfo-description\"><b>Obermaterial:<\/b><br \/>\nNubuk + Schutzrand und Gummikappe<br \/>\n<b>Futter:<\/b><br \/>\nGORE-TEX Extended Comfort\u00ae<br \/>\n<b>Einlegesohle:<\/b><br \/>\nOrtholite\u00ae approach 4 mm<br \/>\n<b>Brandsohle:<\/b><br \/>\nPPE 2,5 mm<br \/>\n<b>Zwischensohle:<\/b><br \/>\nStabilisierende Brandsohle und d\u00e4mpfende, eingespritzte EVA-Zwischensohle mit STB Control-Eins\u00e4tzen<br \/>\n<b>Gewicht:<\/b><br \/>\n470 g (pro halbem Paar)<\/div>\n<\/div>\n<\/div>\n<\/div>\n<\/div>\n","protected":false},"excerpt":{"rendered":"<p>Lederschuh aus der TX-Serie f\u00fcr Wanderer, die ein technisches Produkt f\u00fcr Zustiege, Wandern und Klettersteige suchen. Leicht und sch\u00fctzend, wasserdicht<\/p>\n","protected":false},"featured_media":406824,"template":"","meta":{"_seopress_robots_primary_cat":"none","_seopress_titles_title":"","_seopress_titles_desc":"","_seopress_robots_index":""},"product_brand":[3649],"product_cat":[175,1419,1431],"product_tag":[],"class_list":{"0":"post-407958","1":"product","2":"type-product","3":"status-publish","4":"has-post-thumbnail","6":"product_brand-la-sportiva-de","7":"product_cat-schuhe","8":"product_cat-freizeitschuhe","9":"product_cat-herrenschuhe","10":"sws-gruppo-abb-libero-de","11":"sws-conto-ricavi-merci-rivendita-calzature-de","12":"sws-gruppo-iva-iva81-de","14":"first","15":"instock","16":"sale","17":"shipping-taxable","18":"purchasable","19":"product-type-variable","20":"has-default-attributes"},"_links":{"self":[{"href":"https:\/\/lucacastelli.com\/de\/wp-json\/wp\/v2\/product\/407958","targetHints":{"allow":["GET"]}}],"collection":[{"href":"https:\/\/lucacastelli.com\/de\/wp-json\/wp\/v2\/product"}],"about":[{"href":"https:\/\/lucacastelli.com\/de\/wp-json\/wp\/v2\/types\/product"}],"wp:featuredmedia":[{"embeddable":true,"href":"https:\/\/lucacastelli.com\/de\/wp-json\/wp\/v2\/media\/406824"}],"wp:attachment":[{"href":"https:\/\/lucacastelli.com\/de\/wp-json\/wp\/v2\/media?parent=407958"}],"wp:term":[{"taxonomy":"product_brand","embeddable":true,"href":"https:\/\/lucacastelli.com\/de\/wp-json\/wp\/v2\/product_brand?post=407958"},{"taxonomy":"product_cat","embeddable":true,"href":"https:\/\/lucacastelli.com\/de\/wp-json\/wp\/v2\/product_cat?post=407958"},{"taxonomy":"product_tag","embeddable":true,"href":"https:\/\/lucacastelli.com\/de\/wp-json\/wp\/v2\/product_tag?post=407958"}],"curies":[{"name":"wp","href":"https:\/\/api.w.org\/{rel}","templated":true}]}}