{"id":407956,"date":"2025-04-01T21:19:48","date_gmt":"2025-04-01T19:19:48","guid":{"rendered":"https:\/\/lucacastelli.com\/prodotto\/deuter-speed-lite-21\/"},"modified":"2025-06-28T23:34:59","modified_gmt":"2025-06-28T21:34:59","slug":"deuter-speed-lite-21","status":"publish","type":"product","link":"https:\/\/lucacastelli.com\/de\/produkt\/deuter-speed-lite-21\/","title":{"rendered":"DEUTER Speed Lite 21"},"content":{"rendered":"<p>Bewegen Sie sich schnell, leicht und bequem in den Bergen dank des Lite-R\u00fcckensystems von deuter, perforierten und ergonomischen Schultergurten, einem abnehmbaren H\u00fcftgurt und einem zweifach verstellbaren Brustgurt. Du kannst deine Ausr\u00fcstung, Fl\u00fcssigkeitszufuhr und Verpflegung auf das Hauptfach, die Fronttasche und die beiden Seitentaschen aufteilen. Zus\u00e4tzlich ist er mit Haken f\u00fcr eine Helmhalterung an der Vorderseite ausgestattet, falls n\u00f6tig.  <\/p>\n<p>&nbsp;<\/p>\n<p>FUNKTIONEN<\/p>\n<p>&nbsp;<\/p>\n<div class=\"js-affix__container\">\n<div class=\"slide-sm\">\n<div class=\"container\">\n<div class=\"row gx-md-5\">\n<div class=\"col-md-8\">\n<section class=\"content-block js-fade-in\">\n<div class=\"pt-4\">\n<div class=\"row gy-4\">\n<div class=\"col-md-6\">\n<div id=\"accordion-features\" class=\"accordion accordion--light\">\n<div class=\"accordion-item\">\n<div id=\"collapse-features-1\" class=\"accordion-collapse collapse show\" data-bs-parent=\"#accordion-features\">\n<div class=\"accordion-body \">\n<div class=\"wysiwyg\">\n<ul>\n<li>Kupplungsschlaufen<\/li>\n<li>Schl\u00fcsselanh\u00e4nger<\/li>\n<li>Mesh-Helmhalterung separat erh\u00e4ltlich<\/li>\n<li>Lite-R\u00fcckensystem<\/li>\n<li>Bidirektional verstellbarer Brustgurt<\/li>\n<li>Innenfach f\u00fcr nasse Kleidung<\/li>\n<li>Obere Kompressionsriemen<\/li>\n<li>Verstellbarer und abnehmbarer Brustgurt<\/li>\n<li>Durchgehende Rei\u00dfverschluss\u00f6ffnung<\/li>\n<li>Vordertasche: Mesh<\/li>\n<li>Obere Tasche mit Rei\u00dfverschluss<\/li>\n<li>Seitentasche: Mesh<\/li>\n<li>Perforierte Schultergurte<\/li>\n<\/ul>\n<\/div>\n<\/div>\n<\/div>\n<\/div>\n<\/div>\n<\/div>\n<div class=\"col-md-6\">\n<div id=\"accordion-material\" class=\"accordion accordion--light\">\n<div class=\"accordion-item\">\n<div id=\"heading-material-1\" class=\"accordion-header\"><\/div>\n<\/div>\n<\/div>\n<\/div>\n<\/div>\n<\/div>\n<\/section>\n<\/div>\n<\/div>\n<\/div>\n<\/div>\n<\/div>\n<section class=\"slide container js-fade-in\">\n<div class=\"title-block\">\n<div class=\"font-default-bold\">Gewicht: 470 g<\/div>\n<div class=\"font-default-bold\">Volumen: 21 Liter<\/div>\n<div class=\"font-default-bold\">Gr\u00f6\u00dfe: 46 \/ 28 \/ 18 (L x B x T)<\/div>\n<div class=\"font-default-bold\">Empfohlene Belastung: 2 &#8211; 5 kg<\/div>\n<\/div>\n<\/section>\n","protected":false},"excerpt":{"rendered":"<p>Bewegen Sie sich schnell, leicht und bequem in den Bergen dank des Lite-R\u00fcckensystems von deuter, perforierten und ergonomischen Schultergurten, einem<\/p>\n","protected":false},"featured_media":406794,"template":"","meta":{"_seopress_robots_primary_cat":"","_seopress_titles_title":"","_seopress_titles_desc":"","_seopress_robots_index":""},"product_brand":[3617],"product_cat":[150,1409,1703],"product_tag":[],"class_list":{"0":"post-407956","1":"product","2":"type-product","3":"status-publish","4":"has-post-thumbnail","6":"product_brand-deuter-de","7":"product_cat-ausrustung","8":"product_cat-freizeitausrustung","9":"product_cat-sonstiges","10":"sws-gruppo-abb-libero-de","11":"sws-conto-ricavi-merci-rivendita-abbigliamento-de","12":"sws-gruppo-iva-iva81-de","14":"first","15":"instock","16":"shipping-taxable","17":"purchasable","18":"product-type-simple"},"_links":{"self":[{"href":"https:\/\/lucacastelli.com\/de\/wp-json\/wp\/v2\/product\/407956","targetHints":{"allow":["GET"]}}],"collection":[{"href":"https:\/\/lucacastelli.com\/de\/wp-json\/wp\/v2\/product"}],"about":[{"href":"https:\/\/lucacastelli.com\/de\/wp-json\/wp\/v2\/types\/product"}],"wp:featuredmedia":[{"embeddable":true,"href":"https:\/\/lucacastelli.com\/de\/wp-json\/wp\/v2\/media\/406794"}],"wp:attachment":[{"href":"https:\/\/lucacastelli.com\/de\/wp-json\/wp\/v2\/media?parent=407956"}],"wp:term":[{"taxonomy":"product_brand","embeddable":true,"href":"https:\/\/lucacastelli.com\/de\/wp-json\/wp\/v2\/product_brand?post=407956"},{"taxonomy":"product_cat","embeddable":true,"href":"https:\/\/lucacastelli.com\/de\/wp-json\/wp\/v2\/product_cat?post=407956"},{"taxonomy":"product_tag","embeddable":true,"href":"https:\/\/lucacastelli.com\/de\/wp-json\/wp\/v2\/product_tag?post=407956"}],"curies":[{"name":"wp","href":"https:\/\/api.w.org\/{rel}","templated":true}]}}